{"id":1115,"date":"2025-03-11T18:50:58","date_gmt":"2025-03-11T18:50:58","guid":{"rendered":"https:\/\/dev-innoserv.pantheonsite.io\/?page_id=1115"},"modified":"2025-03-11T19:10:31","modified_gmt":"2025-03-11T19:10:31","slug":"terms-of-use","status":"publish","type":"page","link":"https:\/\/innoserv.com\/es\/terms-of-use\/","title":{"rendered":"Condiciones de uso"},"content":{"rendered":"<div data-elementor-type=\"wp-page\" data-elementor-id=\"1115\" class=\"elementor elementor-1115\" data-elementor-post-type=\"page\">\n\t\t\t\t<div data-particle_enable=\"false\" data-particle-mobile-disabled=\"false\" class=\"elementor-element elementor-element-a3584a1 e-flex e-con-boxed e-con e-parent\" data-id=\"a3584a1\" data-element_type=\"container\" data-e-type=\"container\" data-settings=\"{&quot;background_background&quot;:&quot;classic&quot;}\">\n\t\t\t\t\t<div class=\"e-con-inner\">\n\t\t\t\t\t<\/div>\n\t\t\t\t<\/div>\n\t\t<div data-particle_enable=\"false\" data-particle-mobile-disabled=\"false\" class=\"elementor-element elementor-element-8f3a87e e-flex e-con-boxed e-con e-parent\" data-id=\"8f3a87e\" data-element_type=\"container\" data-e-type=\"container\">\n\t\t\t\t\t<div class=\"e-con-inner\">\n\t\t\t\t<div class=\"elementor-element elementor-element-635971e elementor-widget elementor-widget-heading\" data-id=\"635971e\" data-element_type=\"widget\" data-e-type=\"widget\" data-widget_type=\"heading.default\">\n\t\t\t\t<div class=\"elementor-widget-container\">\n\t\t\t\t\t<h3 class=\"elementor-heading-title elementor-size-default\">Condiciones de uso<\/h3>\t\t\t\t<\/div>\n\t\t\t\t<\/div>\n\t\t\t\t<div class=\"elementor-element elementor-element-49c15ac terms elementor-widget elementor-widget-text-editor\" data-id=\"49c15ac\" data-element_type=\"widget\" data-e-type=\"widget\" data-widget_type=\"text-editor.default\">\n\t\t\t\t<div class=\"elementor-widget-container\">\n\t\t\t\t\t\t\t\t\t<p><i>\u00daltima modificaci\u00f3n 18 de febrero de 2021<\/i><\/p>\n<p>Estos t\u00e9rminos (\"T\u00e9rminos\") definen la forma en que usted puede utilizar los sitios web de InnoServ Solutions, LLC (\"InnoServ\") innoserv.com (el \"Sitio\"). Al utilizar o visitar el Sitio, usted est\u00e1 de acuerdo en nombre de s\u00ed mismo, as\u00ed como cualquier empleado o agente a quien usted autorice a utilizar el Sitio, a lo siguiente:<\/p>\n<p><b>Ver nuestro&nbsp;<a href=\"\/es\/copyright-and-trademark-policies\/\">Pol\u00edtica de derechos de autor y marcas registradas<\/a>.<\/b><\/p>\n<ol>\n<li><strong>Uso permitido.<\/strong> Se le concede permiso para ver, copiar electr\u00f3nicamente e imprimir (en papel) el material y el contenido que est\u00e1 disponible en este Sitio (el \"<b>Contenido<\/b>\"), incluida la informaci\u00f3n para ayudarle a evaluar la realizaci\u00f3n de pedidos a InnoServ, y con fines de referencia, formaci\u00f3n y promoci\u00f3n (el \"<b>Fines autorizados<\/b>\"). Aparte de estos Usos Autorizados, usted acepta que s\u00f3lo est\u00e1 autorizado a utilizar el Contenido para su propio uso personal, y que no duplicar\u00e1, descargar\u00e1, publicar\u00e1, modificar\u00e1 ni distribuir\u00e1 de otro modo el Contenido para ning\u00fan fin distinto de los Prop\u00f3sitos Autorizados. Usted se compromete a cumplir estas Condiciones y todas las leyes y reglamentos aplicables que puedan regir el Sitio. Usted tambi\u00e9n se compromete a no deep-link al Sitio para cualquier prop\u00f3sito, a menos que espec\u00edficamente autorizado por InnoServ para hacerlo. InnoServ publica un aviso legal y varios cr\u00e9ditos en las p\u00e1ginas del Sitio, que no pueden ser eliminados. Por favor, no retire este aviso o estos cr\u00e9ditos o cualquier informaci\u00f3n adicional contenida junto con este aviso y cr\u00e9ditos. Usted se compromete a indemnizar y mantener InnoServ y sus funcionarios, directores, propietarios, afiliados, subsidiarias, matriz, empleados, agentes, sucesores y cesionarios de cualquier p\u00e9rdida, responsabilidad o gasto de cualquier naturaleza (incluyendo honorarios razonables de abogados) que resulten directa o indirectamente de su uso del Sitio incompatible con estas Condiciones o de su incumplimiento de cualquier otra disposici\u00f3n de estas Condiciones. InnoServ se reserva el derecho de modificar estas Condiciones en cualquier momento, con efecto a partir de la publicaci\u00f3n de las Condiciones revisadas en el Sitio. Por favor, consulte esta p\u00e1gina del Sitio peri\u00f3dicamente. InnoServ se\u00f1alar\u00e1 cuando hay actualizaciones de las Condiciones en la parte inferior de las Condiciones. InnoServ podr\u00e1 poner fin a su uso del Sitio en cualquier momento sobre la base de InnoServ \u00fanica discreci\u00f3n.<\/li>\n<li><b>Su intimidad.<\/b> InnoServ toma en serio su privacidad. El uso de cualquier informaci\u00f3n personal por parte de InnoServ est\u00e1 sujeto a los t\u00e9rminos de nuestra pol\u00edtica de privacidad.&nbsp;<a href=\"\/es\/privacy-policy\/\">Pol\u00edtica de privacidad<\/a>.<br>Usted reconoce que ha le\u00eddo y comprendido nuestra Pol\u00edtica de Privacidad, y consiente el uso de cualquier informaci\u00f3n personal que proporcione de acuerdo con los t\u00e9rminos y para los fines establecidos en la Pol\u00edtica de Privacidad.<\/li>\n<li><b>Acceso e interferencias.<\/b> Usted se compromete a no utilizar ning\u00fan robot, ara\u00f1a, otro dispositivo autom\u00e1tico o proceso manual para supervisar o copiar las p\u00e1ginas web u otros Contenidos, o utilizar el Contenido para cualquier otro prop\u00f3sito no autorizado sin el previo permiso expreso y por escrito de InnoServ. Usted se compromete a no utilizar ning\u00fan dispositivo, software o rutina para interferir o intentar interferir en el correcto funcionamiento del Sitio. Usted se compromete a no tomar ninguna acci\u00f3n que imponga una carga irrazonable o desproporcionadamente grande en la infraestructura de software y hardware relacionados con el Sitio.<\/li>\n<li><b>Marcas registradas.<\/b> InnoServ es propietaria de las marcas \"InnoServ\" y todas las dem\u00e1s marcas comerciales o marcas de servicio de InnoServ, y todos los logotipos relacionados, dise\u00f1os y etiquetas de InnoServ o sus filiales, subsidiarias, matrices o empresas relacionadas. El uso de dichas marcas est\u00e1 sujeto a InnoServ's&nbsp;<a href=\"\/es\/copyright-and-trademark-policies\/\">Pol\u00edtica de derechos de autor y marcas registradas<\/a>.<br>Si tiene alguna pregunta sobre esta pol\u00edtica, no dude en dirigirse a&nbsp;<a href=\"\/es\/contact\/\">P\u00f3ngase en contacto con nosotros<\/a>. Gracias.<\/li>\n<li><b>Derechos de autor.<\/b> Este Sitio, y toda la informaci\u00f3n contenida en el mismo, est\u00e1n sujetos a la pol\u00edtica de privacidad de InnoServ.&nbsp;<a href=\"\/es\/copyright-and-trademark-policies\/\">Pol\u00edtica de derechos de autor y marcas registradas<\/a>.<br>Si tiene alguna pregunta sobre esta pol\u00edtica, no dude en dirigirse a&nbsp;<a href=\"\/es\/contact\/\">P\u00f3ngase en contacto con nosotros<\/a>. Gracias.<\/li>\n<li><b>Renuncia de garant\u00eda.<\/b> InnoServ no promete que el Sitio estar\u00e1 libre de errores, ininterrumpido, ni que proporcionar\u00e1 resultados espec\u00edficos de su uso o el uso de cualquier Contenido, b\u00fasqueda o enlace en \u00e9l. El Sitio y su Contenido se entregan \"tal cual\" y \"seg\u00fan disponibilidad\". La informaci\u00f3n y reclamaciones proporcionadas en el Sitio reflejan la informaci\u00f3n actual de InnoServ en el momento en que se publican. Con el tiempo, sin embargo, esta informaci\u00f3n puede quedar obsoleta y ya no es exacta. InnoServ no puede garantizar que la informaci\u00f3n y los archivos que se descargan desde el sitio ser\u00e1 exacta o libre de virus o contaminaci\u00f3n o caracter\u00edsticas destructivas. InnoServ renuncia a todas las garant\u00edas expresas o impl\u00edcitas, incluyendo, sin limitaci\u00f3n, cualquier garant\u00eda impl\u00edcita de comerciabilidad o idoneidad para un prop\u00f3sito particular, ya sea que surjan por ley o de otro modo en la ley o de un curso de negociaci\u00f3n o uso del comercio. En ning\u00fan caso InnoServ o cualquier entidad o individuo relacionado ser\u00e1 responsable ante usted por cualquier da\u00f1o directo, indirecto, consecuente, incidental, punitivo, ejemplar o especial, incluyendo cualquier p\u00e9rdida de beneficios o p\u00e9rdida de ahorros, incluso si un representante InnoServ ha sido advertido de la posibilidad de tales da\u00f1os, o por cualquier reclamaci\u00f3n de terceros. InnoServ no garantiza ning\u00fan resultado espec\u00edfico de la utilizaci\u00f3n del Sitio o el uso del servicio InnoServ. Si no est\u00e1 satisfecho con el Sitio, su \u00fanico recurso es dejar de utilizar el Sitio.<\/li>\n<li><b>Presentaciones.<\/b> Todos y cada uno de los comentarios, sugerencias, ideas, conceptos creativos, gr\u00e1ficos, rese\u00f1as de productos, u otra informaci\u00f3n comunicada a trav\u00e9s de este Sitio o enviada a InnoServ, incluyendo, sin limitaci\u00f3n, ideas de productos o publicidad (colectivamente los \"Env\u00edos\"), ser\u00e1n para siempre propiedad exclusiva de InnoServ, que no estar\u00e1 obligado a tratar los Env\u00edos como confidenciales, y no ser\u00e1 responsable de ning\u00fan uso o divulgaci\u00f3n de los Env\u00edos, y no necesita proporcionar ninguna compensaci\u00f3n o reconocimiento por los Env\u00edos. Sin limitaci\u00f3n, InnoServ tendr\u00e1 la propiedad exclusiva de todos los derechos existentes presentes y futuros de los Env\u00edos de todo tipo y naturaleza en cualquier lugar. Usted se compromete a no presentar ning\u00fan material ilegal, amenazante, calumnioso, difamatorio, obsceno, pornogr\u00e1fico o profano que pueda constituir o alentar una conducta criminal o ilegal. Usted reconoce que usted es responsable de cualquier presentaci\u00f3n que env\u00ede, y usted, no InnoServ, tiene toda la responsabilidad por el mensaje, incluyendo su legalidad, fiabilidad y originalidad.<\/li>\n<li><b>Contenido generado por el usuario\/opiniones de clientes.<\/b> InnoServ permite a los consumidores subir rese\u00f1as de productos. InnoServ no controla ni edita las publicaciones, excepto para eliminar el lenguaje prohibido, como blasfemias o difamaci\u00f3n. Si cree que una publicaci\u00f3n contiene material protegido por derechos de autor, notif\u00edquenoslo a&nbsp;<a href=\"mailto:custsupport@innoserv.com\" target=\"_blank\" rel=\"noopener\">custsupport@innoserv.com<\/a>&nbsp;e identifique la publicaci\u00f3n y el contenido que, seg\u00fan usted, est\u00e1 protegido por derechos de autor y debe ser retirado.<\/li>\n<li><b>Otros t\u00e9rminos importantes.<\/b> Al utilizar el Sitio, usted acepta que las leyes vigentes en el Estado de Michigan, sin principios de elecci\u00f3n de ley, regir\u00e1n cualquier disputa relacionada con el Sitio y acepta la jurisdicci\u00f3n personal y la competencia de los tribunales estatales y federales del Estado de Michigan, Condado de Kent. El presente Acuerdo no se regir\u00e1 por la Convenci\u00f3n de las Naciones Unidas sobre los Contratos de Compraventa Internacional de Mercader\u00edas, cuya aplicaci\u00f3n queda expresamente excluida. Si alguna disposici\u00f3n de estas Condiciones se considera nula e inaplicable, ello no afectar\u00e1 a la validez y aplicabilidad de cualquier otra disposici\u00f3n de estas Condiciones. Adem\u00e1s, cualquier disposici\u00f3n que se considere nula o inaplicable se modificar\u00e1 autom\u00e1ticamente de la forma m\u00e1s m\u00ednima posible para que sea v\u00e1lida y aplicable. Usted acepta que cualquier producto recibido de InnoServ no ser\u00e1 enviado, transferido o exportado a cualquier pa\u00eds o utilizado de cualquier manera prohibida por la Ley de Administraci\u00f3n de Exportaciones de Estados Unidos o cualquier otra ley de exportaci\u00f3n, restricciones o reglamentos.<\/li>\n<\/ol>\t\t\t\t\t\t\t\t<\/div>\n\t\t\t\t<\/div>\n\t\t\t\t\t<\/div>\n\t\t\t\t<\/div>\n\t\t\t\t<\/div>","protected":false},"excerpt":{"rendered":"<p>Terms of Use Agreement Last modified February 18, 2021 These terms (&#8220;Terms&#8221;) define the manner in which you may use the websites of InnoServ Solutions, LLC (\u201cInnoServ\u201d) innoserv.com (the &#8220;Site&#8221;). By using or visiting the Site, you are agreeing on behalf of yourself, as well as any employees or agents whom you authorize to use [&hellip;]<\/p>\n","protected":false},"author":1,"featured_media":0,"parent":0,"menu_order":0,"comment_status":"closed","ping_status":"closed","template":"","meta":{"footnotes":""},"class_list":["post-1115","page","type-page","status-publish","hentry"],"yoast_head":"<!-- This site is optimized with the Yoast SEO plugin v27.1.1 - https:\/\/yoast.com\/product\/yoast-seo-wordpress\/ -->\n<title>Terms of Use - InnoServ Solutions, LLC.<\/title>\n<meta name=\"robots\" content=\"index, follow, max-snippet:-1, max-image-preview:large, max-video-preview:-1\" \/>\n<link rel=\"canonical\" href=\"https:\/\/innoserv.com\/es\/terms-of-use\/\" \/>\n<meta property=\"og:locale\" content=\"es_MX\" \/>\n<meta property=\"og:type\" content=\"article\" \/>\n<meta property=\"og:title\" content=\"Terms of Use - InnoServ Solutions, LLC.\" \/>\n<meta property=\"og:description\" content=\"Terms of Use Agreement Last modified February 18, 2021 These terms (&#8220;Terms&#8221;) define the manner in which you may use the websites of InnoServ Solutions, LLC (\u201cInnoServ\u201d) innoserv.com (the &#8220;Site&#8221;). By using or visiting the Site, you are agreeing on behalf of yourself, as well as any employees or agents whom you authorize to use [&hellip;]\" \/>\n<meta property=\"og:url\" content=\"https:\/\/innoserv.com\/es\/terms-of-use\/\" \/>\n<meta property=\"og:site_name\" content=\"InnoServ Solutions, LLC.\" \/>\n<meta property=\"article:publisher\" content=\"https:\/\/www.facebook.com\/innoservsolutions\" \/>\n<meta property=\"article:modified_time\" content=\"2025-03-11T19:10:31+00:00\" \/>\n<meta name=\"twitter:card\" content=\"summary_large_image\" \/>\n<meta name=\"twitter:label1\" content=\"Est. reading time\" \/>\n\t<meta name=\"twitter:data1\" content=\"6 minutes\" \/>\n<script type=\"application\/ld+json\" class=\"yoast-schema-graph\">{\"@context\":\"https:\/\/schema.org\",\"@graph\":[{\"@type\":\"WebPage\",\"@id\":\"https:\/\/innoserv.com\/fr\/terms-of-use\/\",\"url\":\"https:\/\/innoserv.com\/fr\/terms-of-use\/\",\"name\":\"Terms of Use - InnoServ Solutions, LLC.\",\"isPartOf\":{\"@id\":\"https:\/\/innoserv.com\/#website\"},\"datePublished\":\"2025-03-11T18:50:58+00:00\",\"dateModified\":\"2025-03-11T19:10:31+00:00\",\"breadcrumb\":{\"@id\":\"https:\/\/innoserv.com\/fr\/terms-of-use\/#breadcrumb\"},\"inLanguage\":\"es-MX\",\"potentialAction\":[{\"@type\":\"ReadAction\",\"target\":[\"https:\/\/innoserv.com\/fr\/terms-of-use\/\"]}]},{\"@type\":\"BreadcrumbList\",\"@id\":\"https:\/\/innoserv.com\/fr\/terms-of-use\/#breadcrumb\",\"itemListElement\":[{\"@type\":\"ListItem\",\"position\":1,\"name\":\"Home\",\"item\":\"https:\/\/innoserv.com\/\"},{\"@type\":\"ListItem\",\"position\":2,\"name\":\"Terms of Use\"}]},{\"@type\":\"WebSite\",\"@id\":\"https:\/\/innoserv.com\/#website\",\"url\":\"https:\/\/innoserv.com\/\",\"name\":\"InnoServ, LLC.\",\"description\":\"\",\"publisher\":{\"@id\":\"https:\/\/innoserv.com\/#organization\"},\"potentialAction\":[{\"@type\":\"SearchAction\",\"target\":{\"@type\":\"EntryPoint\",\"urlTemplate\":\"https:\/\/innoserv.com\/?s={search_term_string}\"},\"query-input\":{\"@type\":\"PropertyValueSpecification\",\"valueRequired\":true,\"valueName\":\"search_term_string\"}}],\"inLanguage\":\"es-MX\"},{\"@type\":\"Organization\",\"@id\":\"https:\/\/innoserv.com\/#organization\",\"name\":\"InnoServ, LLC.\",\"url\":\"https:\/\/innoserv.com\/\",\"logo\":{\"@type\":\"ImageObject\",\"inLanguage\":\"es-MX\",\"@id\":\"https:\/\/innoserv.com\/#\/schema\/logo\/image\/\",\"url\":\"https:\/\/innoserv.com\/wp-content\/uploads\/2025\/01\/BGInnoServLogowithTagline.webp\",\"contentUrl\":\"https:\/\/innoserv.com\/wp-content\/uploads\/2025\/01\/BGInnoServLogowithTagline.webp\",\"width\":1500,\"height\":397,\"caption\":\"InnoServ, LLC.\"},\"image\":{\"@id\":\"https:\/\/innoserv.com\/#\/schema\/logo\/image\/\"},\"sameAs\":[\"https:\/\/www.facebook.com\/innoservsolutions\",\"https:\/\/www.linkedin.com\/company\/innoserv-solutions\/posts\/?feedView=all\"]}]}<\/script>\n<!-- \/ Yoast SEO plugin. -->","yoast_head_json":{"title":"Terms of Use - InnoServ Solutions, LLC.","robots":{"index":"index","follow":"follow","max-snippet":"max-snippet:-1","max-image-preview":"max-image-preview:large","max-video-preview":"max-video-preview:-1"},"canonical":"https:\/\/innoserv.com\/es\/terms-of-use\/","og_locale":"es_MX","og_type":"article","og_title":"Terms of Use - InnoServ Solutions, LLC.","og_description":"Terms of Use Agreement Last modified February 18, 2021 These terms (&#8220;Terms&#8221;) define the manner in which you may use the websites of InnoServ Solutions, LLC (\u201cInnoServ\u201d) innoserv.com (the &#8220;Site&#8221;). By using or visiting the Site, you are agreeing on behalf of yourself, as well as any employees or agents whom you authorize to use [&hellip;]","og_url":"https:\/\/innoserv.com\/es\/terms-of-use\/","og_site_name":"InnoServ Solutions, LLC.","article_publisher":"https:\/\/www.facebook.com\/innoservsolutions","article_modified_time":"2025-03-11T19:10:31+00:00","twitter_card":"summary_large_image","twitter_misc":{"Est. reading time":"6 minutes"},"schema":{"@context":"https:\/\/schema.org","@graph":[{"@type":"WebPage","@id":"https:\/\/innoserv.com\/fr\/terms-of-use\/","url":"https:\/\/innoserv.com\/fr\/terms-of-use\/","name":"Terms of Use - InnoServ Solutions, LLC.","isPartOf":{"@id":"https:\/\/innoserv.com\/#website"},"datePublished":"2025-03-11T18:50:58+00:00","dateModified":"2025-03-11T19:10:31+00:00","breadcrumb":{"@id":"https:\/\/innoserv.com\/fr\/terms-of-use\/#breadcrumb"},"inLanguage":"es-MX","potentialAction":[{"@type":"ReadAction","target":["https:\/\/innoserv.com\/fr\/terms-of-use\/"]}]},{"@type":"BreadcrumbList","@id":"https:\/\/innoserv.com\/fr\/terms-of-use\/#breadcrumb","itemListElement":[{"@type":"ListItem","position":1,"name":"Home","item":"https:\/\/innoserv.com\/"},{"@type":"ListItem","position":2,"name":"Terms of Use"}]},{"@type":"WebSite","@id":"https:\/\/innoserv.com\/#website","url":"https:\/\/innoserv.com\/","name":"InnoServ, S.L.","description":"","publisher":{"@id":"https:\/\/innoserv.com\/#organization"},"potentialAction":[{"@type":"SearchAction","target":{"@type":"EntryPoint","urlTemplate":"https:\/\/innoserv.com\/?s={search_term_string}"},"query-input":{"@type":"PropertyValueSpecification","valueRequired":true,"valueName":"search_term_string"}}],"inLanguage":"es-MX"},{"@type":"Organization","@id":"https:\/\/innoserv.com\/#organization","name":"InnoServ, S.L.","url":"https:\/\/innoserv.com\/","logo":{"@type":"ImageObject","inLanguage":"es-MX","@id":"https:\/\/innoserv.com\/#\/schema\/logo\/image\/","url":"https:\/\/innoserv.com\/wp-content\/uploads\/2025\/01\/BGInnoServLogowithTagline.webp","contentUrl":"https:\/\/innoserv.com\/wp-content\/uploads\/2025\/01\/BGInnoServLogowithTagline.webp","width":1500,"height":397,"caption":"InnoServ, LLC."},"image":{"@id":"https:\/\/innoserv.com\/#\/schema\/logo\/image\/"},"sameAs":["https:\/\/www.facebook.com\/innoservsolutions","https:\/\/www.linkedin.com\/company\/innoserv-solutions\/posts\/?feedView=all"]}]}},"_links":{"self":[{"href":"https:\/\/innoserv.com\/es\/wp-json\/wp\/v2\/pages\/1115","targetHints":{"allow":["GET"]}}],"collection":[{"href":"https:\/\/innoserv.com\/es\/wp-json\/wp\/v2\/pages"}],"about":[{"href":"https:\/\/innoserv.com\/es\/wp-json\/wp\/v2\/types\/page"}],"author":[{"embeddable":true,"href":"https:\/\/innoserv.com\/es\/wp-json\/wp\/v2\/users\/1"}],"replies":[{"embeddable":true,"href":"https:\/\/innoserv.com\/es\/wp-json\/wp\/v2\/comments?post=1115"}],"version-history":[{"count":28,"href":"https:\/\/innoserv.com\/es\/wp-json\/wp\/v2\/pages\/1115\/revisions"}],"predecessor-version":[{"id":1171,"href":"https:\/\/innoserv.com\/es\/wp-json\/wp\/v2\/pages\/1115\/revisions\/1171"}],"wp:attachment":[{"href":"https:\/\/innoserv.com\/es\/wp-json\/wp\/v2\/media?parent=1115"}],"curies":[{"name":"wp","href":"https:\/\/api.w.org\/{rel}","templated":true}]}}