{"id":1155,"date":"2025-03-11T19:05:36","date_gmt":"2025-03-11T19:05:36","guid":{"rendered":"https:\/\/dev-innoserv.pantheonsite.io\/?page_id=1155"},"modified":"2025-03-11T20:47:32","modified_gmt":"2025-03-11T20:47:32","slug":"copyright-and-trademark-policies","status":"publish","type":"page","link":"https:\/\/innoserv.com\/es\/copyright-and-trademark-policies\/","title":{"rendered":"Pol\u00edtica de derechos de autor y marcas registradas"},"content":{"rendered":"<div data-elementor-type=\"wp-page\" data-elementor-id=\"1155\" class=\"elementor elementor-1155\" data-elementor-post-type=\"page\">\n\t\t\t\t<div data-particle_enable=\"false\" data-particle-mobile-disabled=\"false\" class=\"elementor-element elementor-element-0a5832a e-flex e-con-boxed e-con e-parent\" data-id=\"0a5832a\" data-element_type=\"container\" data-e-type=\"container\" data-settings=\"{&quot;background_background&quot;:&quot;classic&quot;}\">\n\t\t\t\t\t<div class=\"e-con-inner\">\n\t\t\t\t\t<\/div>\n\t\t\t\t<\/div>\n\t\t<div data-particle_enable=\"false\" data-particle-mobile-disabled=\"false\" class=\"elementor-element elementor-element-160b674 e-flex e-con-boxed e-con e-parent\" data-id=\"160b674\" data-element_type=\"container\" data-e-type=\"container\">\n\t\t\t\t\t<div class=\"e-con-inner\">\n\t\t\t\t<div class=\"elementor-element elementor-element-903c5a7 elementor-widget elementor-widget-heading\" data-id=\"903c5a7\" data-element_type=\"widget\" data-e-type=\"widget\" data-widget_type=\"heading.default\">\n\t\t\t\t<div class=\"elementor-widget-container\">\n\t\t\t\t\t<h3 class=\"elementor-heading-title elementor-size-default\">Pol\u00edtica de derechos de autor y marcas registradas<\/h3>\t\t\t\t<\/div>\n\t\t\t\t<\/div>\n\t\t\t\t<div class=\"elementor-element elementor-element-d8a8aeb terms elementor-widget elementor-widget-text-editor\" data-id=\"d8a8aeb\" data-element_type=\"widget\" data-e-type=\"widget\" data-widget_type=\"text-editor.default\">\n\t\t\t\t<div class=\"elementor-widget-container\">\n\t\t\t\t\t\t\t\t\t<p>Pol\u00edtica de derechos de autor y marcas registradas<\/p><p><em>\u00daltima modificaci\u00f3n 18 de febrero de 2021<\/em><\/p><p>\u00a0<\/p><p>Copyright<\/p><p>Soluciones InnoServ, LLC\u2122<\/p><p>Grand Rapids, Michigan, EE.UU.<\/p><p>Todos los derechos reservados.<\/p><p>\u00a0<\/p><p>La informaci\u00f3n contenida en este sitio web est\u00e1 protegida por derechos de autor. Un particular s\u00f3lo puede copiar la informaci\u00f3n contenida en este sitio web para su uso personal. Cualquier informaci\u00f3n contenida en este sitio no puede ser copiada, distribuida, reproducida, descargada, republicada, mostrada, publicada o transmitida de ninguna manera, incluyendo pero no limitado a, por medios electr\u00f3nicos, mec\u00e1nicos, fotocopias, grabaciones u otros medios sin el permiso expreso y por escrito de InnoServ Solutions, LLC.<\/p><p>Todas las marcas comerciales y marcas de servicio de InnoServ Solutions, LLC est\u00e1n protegidas por la ley. El uso de dichas marcas no est\u00e1 permitido sin el consentimiento por escrito de InnoServ Solutions, LLC. InnoServ Solutions, LLC consiente el uso de cualquiera de las marcas registradas, deber\u00e1 utilizar dichas marcas s\u00f3lo de conformidad con la pr\u00e1ctica aceptada de marcas, incluyendo la identificaci\u00f3n de InnoServ Solutions, LLC como propietario de las marcas. Las marcas s\u00f3lo se pueden utilizar para identificar la producci\u00f3n impresa producida por el Sitio. El uso de cualquier marca comercial no confiere ning\u00fan derecho de propiedad sobre las marcas comerciales.<\/p><p>\u00a0<\/p><p>Marcas registradas y marcas comerciales<\/p><p>InnoServ\u2122<\/p><p>Servicios innovadores de limpieza y bebidas\u2122.<\/p><p>Soluciones InnoServ\u2122<\/p>\t\t\t\t\t\t\t\t<\/div>\n\t\t\t\t<\/div>\n\t\t\t\t\t<\/div>\n\t\t\t\t<\/div>\n\t\t\t\t<\/div>","protected":false},"excerpt":{"rendered":"<p>Copyright and Trademark Policies Copyright and Trademark Policies Last modified February 18, 2021 \u00a0 Copyright InnoServ Solutions, LLC\u2122 Grand Rapids, Michigan, USA All Rights Reserved. \u00a0 The information contained on this website is protected by copyright. An individual may only copy information contained on this website for their personal use. Any information contained on this [&hellip;]<\/p>\n","protected":false},"author":1,"featured_media":0,"parent":0,"menu_order":0,"comment_status":"closed","ping_status":"closed","template":"","meta":{"footnotes":""},"class_list":["post-1155","page","type-page","status-publish","hentry"],"yoast_head":"<!-- This site is optimized with the Yoast SEO plugin v27.1.1 - https:\/\/yoast.com\/product\/yoast-seo-wordpress\/ -->\n<title>Copyright and Trademark Policies - InnoServ Solutions, LLC.<\/title>\n<meta name=\"robots\" content=\"index, follow, max-snippet:-1, max-image-preview:large, max-video-preview:-1\" \/>\n<link rel=\"canonical\" href=\"https:\/\/innoserv.com\/es\/copyright-and-trademark-policies\/\" \/>\n<meta property=\"og:locale\" content=\"es_MX\" \/>\n<meta property=\"og:type\" content=\"article\" \/>\n<meta property=\"og:title\" content=\"Copyright and Trademark Policies - InnoServ Solutions, LLC.\" \/>\n<meta property=\"og:description\" content=\"Copyright and Trademark Policies Copyright and Trademark Policies Last modified February 18, 2021 \u00a0 Copyright InnoServ Solutions, LLC\u2122 Grand Rapids, Michigan, USA All Rights Reserved. \u00a0 The information contained on this website is protected by copyright. An individual may only copy information contained on this website for their personal use. Any information contained on this [&hellip;]\" \/>\n<meta property=\"og:url\" content=\"https:\/\/innoserv.com\/es\/copyright-and-trademark-policies\/\" \/>\n<meta property=\"og:site_name\" content=\"InnoServ Solutions, LLC.\" \/>\n<meta property=\"article:publisher\" content=\"https:\/\/www.facebook.com\/innoservsolutions\" \/>\n<meta property=\"article:modified_time\" content=\"2025-03-11T20:47:32+00:00\" \/>\n<meta name=\"twitter:card\" content=\"summary_large_image\" \/>\n<meta name=\"twitter:label1\" content=\"Est. reading time\" \/>\n\t<meta name=\"twitter:data1\" content=\"1 minute\" \/>\n<script type=\"application\/ld+json\" class=\"yoast-schema-graph\">{\"@context\":\"https:\/\/schema.org\",\"@graph\":[{\"@type\":\"WebPage\",\"@id\":\"https:\/\/innoserv.com\/fr\/copyright-and-trademark-policies\/\",\"url\":\"https:\/\/innoserv.com\/fr\/copyright-and-trademark-policies\/\",\"name\":\"Copyright and Trademark Policies - InnoServ Solutions, LLC.\",\"isPartOf\":{\"@id\":\"https:\/\/innoserv.com\/#website\"},\"datePublished\":\"2025-03-11T19:05:36+00:00\",\"dateModified\":\"2025-03-11T20:47:32+00:00\",\"breadcrumb\":{\"@id\":\"https:\/\/innoserv.com\/fr\/copyright-and-trademark-policies\/#breadcrumb\"},\"inLanguage\":\"es-MX\",\"potentialAction\":[{\"@type\":\"ReadAction\",\"target\":[\"https:\/\/innoserv.com\/fr\/copyright-and-trademark-policies\/\"]}]},{\"@type\":\"BreadcrumbList\",\"@id\":\"https:\/\/innoserv.com\/fr\/copyright-and-trademark-policies\/#breadcrumb\",\"itemListElement\":[{\"@type\":\"ListItem\",\"position\":1,\"name\":\"Home\",\"item\":\"https:\/\/innoserv.com\/\"},{\"@type\":\"ListItem\",\"position\":2,\"name\":\"Copyright and Trademark Policies\"}]},{\"@type\":\"WebSite\",\"@id\":\"https:\/\/innoserv.com\/#website\",\"url\":\"https:\/\/innoserv.com\/\",\"name\":\"InnoServ, LLC.\",\"description\":\"\",\"publisher\":{\"@id\":\"https:\/\/innoserv.com\/#organization\"},\"potentialAction\":[{\"@type\":\"SearchAction\",\"target\":{\"@type\":\"EntryPoint\",\"urlTemplate\":\"https:\/\/innoserv.com\/?s={search_term_string}\"},\"query-input\":{\"@type\":\"PropertyValueSpecification\",\"valueRequired\":true,\"valueName\":\"search_term_string\"}}],\"inLanguage\":\"es-MX\"},{\"@type\":\"Organization\",\"@id\":\"https:\/\/innoserv.com\/#organization\",\"name\":\"InnoServ, LLC.\",\"url\":\"https:\/\/innoserv.com\/\",\"logo\":{\"@type\":\"ImageObject\",\"inLanguage\":\"es-MX\",\"@id\":\"https:\/\/innoserv.com\/#\/schema\/logo\/image\/\",\"url\":\"https:\/\/innoserv.com\/wp-content\/uploads\/2025\/01\/BGInnoServLogowithTagline.webp\",\"contentUrl\":\"https:\/\/innoserv.com\/wp-content\/uploads\/2025\/01\/BGInnoServLogowithTagline.webp\",\"width\":1500,\"height\":397,\"caption\":\"InnoServ, LLC.\"},\"image\":{\"@id\":\"https:\/\/innoserv.com\/#\/schema\/logo\/image\/\"},\"sameAs\":[\"https:\/\/www.facebook.com\/innoservsolutions\",\"https:\/\/www.linkedin.com\/company\/innoserv-solutions\/posts\/?feedView=all\"]}]}<\/script>\n<!-- \/ Yoast SEO plugin. -->","yoast_head_json":{"title":"Pol\u00edticas de derechos de autor y marcas registradas - InnoServ Solutions, LLC.","robots":{"index":"index","follow":"follow","max-snippet":"max-snippet:-1","max-image-preview":"max-image-preview:large","max-video-preview":"max-video-preview:-1"},"canonical":"https:\/\/innoserv.com\/es\/copyright-and-trademark-policies\/","og_locale":"es_MX","og_type":"article","og_title":"Copyright and Trademark Policies - InnoServ Solutions, LLC.","og_description":"Copyright and Trademark Policies Copyright and Trademark Policies Last modified February 18, 2021 \u00a0 Copyright InnoServ Solutions, LLC\u2122 Grand Rapids, Michigan, USA All Rights Reserved. \u00a0 The information contained on this website is protected by copyright. An individual may only copy information contained on this website for their personal use. Any information contained on this [&hellip;]","og_url":"https:\/\/innoserv.com\/es\/copyright-and-trademark-policies\/","og_site_name":"InnoServ Solutions, LLC.","article_publisher":"https:\/\/www.facebook.com\/innoservsolutions","article_modified_time":"2025-03-11T20:47:32+00:00","twitter_card":"summary_large_image","twitter_misc":{"Est. reading time":"1 minute"},"schema":{"@context":"https:\/\/schema.org","@graph":[{"@type":"WebPage","@id":"https:\/\/innoserv.com\/fr\/copyright-and-trademark-policies\/","url":"https:\/\/innoserv.com\/fr\/copyright-and-trademark-policies\/","name":"Pol\u00edticas de derechos de autor y marcas registradas - InnoServ Solutions, LLC.","isPartOf":{"@id":"https:\/\/innoserv.com\/#website"},"datePublished":"2025-03-11T19:05:36+00:00","dateModified":"2025-03-11T20:47:32+00:00","breadcrumb":{"@id":"https:\/\/innoserv.com\/fr\/copyright-and-trademark-policies\/#breadcrumb"},"inLanguage":"es-MX","potentialAction":[{"@type":"ReadAction","target":["https:\/\/innoserv.com\/fr\/copyright-and-trademark-policies\/"]}]},{"@type":"BreadcrumbList","@id":"https:\/\/innoserv.com\/fr\/copyright-and-trademark-policies\/#breadcrumb","itemListElement":[{"@type":"ListItem","position":1,"name":"Home","item":"https:\/\/innoserv.com\/"},{"@type":"ListItem","position":2,"name":"Copyright and Trademark Policies"}]},{"@type":"WebSite","@id":"https:\/\/innoserv.com\/#website","url":"https:\/\/innoserv.com\/","name":"InnoServ, S.L.","description":"","publisher":{"@id":"https:\/\/innoserv.com\/#organization"},"potentialAction":[{"@type":"SearchAction","target":{"@type":"EntryPoint","urlTemplate":"https:\/\/innoserv.com\/?s={search_term_string}"},"query-input":{"@type":"PropertyValueSpecification","valueRequired":true,"valueName":"search_term_string"}}],"inLanguage":"es-MX"},{"@type":"Organization","@id":"https:\/\/innoserv.com\/#organization","name":"InnoServ, S.L.","url":"https:\/\/innoserv.com\/","logo":{"@type":"ImageObject","inLanguage":"es-MX","@id":"https:\/\/innoserv.com\/#\/schema\/logo\/image\/","url":"https:\/\/innoserv.com\/wp-content\/uploads\/2025\/01\/BGInnoServLogowithTagline.webp","contentUrl":"https:\/\/innoserv.com\/wp-content\/uploads\/2025\/01\/BGInnoServLogowithTagline.webp","width":1500,"height":397,"caption":"InnoServ, LLC."},"image":{"@id":"https:\/\/innoserv.com\/#\/schema\/logo\/image\/"},"sameAs":["https:\/\/www.facebook.com\/innoservsolutions","https:\/\/www.linkedin.com\/company\/innoserv-solutions\/posts\/?feedView=all"]}]}},"_links":{"self":[{"href":"https:\/\/innoserv.com\/es\/wp-json\/wp\/v2\/pages\/1155","targetHints":{"allow":["GET"]}}],"collection":[{"href":"https:\/\/innoserv.com\/es\/wp-json\/wp\/v2\/pages"}],"about":[{"href":"https:\/\/innoserv.com\/es\/wp-json\/wp\/v2\/types\/page"}],"author":[{"embeddable":true,"href":"https:\/\/innoserv.com\/es\/wp-json\/wp\/v2\/users\/1"}],"replies":[{"embeddable":true,"href":"https:\/\/innoserv.com\/es\/wp-json\/wp\/v2\/comments?post=1155"}],"version-history":[{"count":13,"href":"https:\/\/innoserv.com\/es\/wp-json\/wp\/v2\/pages\/1155\/revisions"}],"predecessor-version":[{"id":1213,"href":"https:\/\/innoserv.com\/es\/wp-json\/wp\/v2\/pages\/1155\/revisions\/1213"}],"wp:attachment":[{"href":"https:\/\/innoserv.com\/es\/wp-json\/wp\/v2\/media?parent=1155"}],"curies":[{"name":"wp","href":"https:\/\/api.w.org\/{rel}","templated":true}]}}