{"id":528,"date":"2025-03-04T18:20:51","date_gmt":"2025-03-04T18:20:51","guid":{"rendered":"https:\/\/dev-innoserv.pantheonsite.io\/?page_id=528"},"modified":"2025-03-04T18:38:52","modified_gmt":"2025-03-04T18:38:52","slug":"warewash","status":"publish","type":"page","link":"https:\/\/innoserv.com\/es\/services\/warewash\/","title":{"rendered":"Lavavajillas"},"content":{"rendered":"<div data-elementor-type=\"wp-page\" data-elementor-id=\"528\" class=\"elementor elementor-528\" data-elementor-post-type=\"page\">\n\t\t\t\t<div data-particle_enable=\"false\" data-particle-mobile-disabled=\"false\" class=\"elementor-element elementor-element-e005f5a e-con-full e-flex e-con e-parent\" data-id=\"e005f5a\" data-element_type=\"container\" data-e-type=\"container\" data-settings=\"{&quot;background_background&quot;:&quot;classic&quot;}\">\n\t\t\t\t<\/div>\n\t\t<div data-particle_enable=\"false\" data-particle-mobile-disabled=\"false\" class=\"elementor-element elementor-element-3c245d7 e-flex e-con-boxed e-con e-parent\" data-id=\"3c245d7\" data-element_type=\"container\" data-e-type=\"container\" data-settings=\"{&quot;background_background&quot;:&quot;classic&quot;}\">\n\t\t\t\t\t<div class=\"e-con-inner\">\n\t\t\t\t<div class=\"elementor-element elementor-element-6a40719 elementor-widget elementor-widget-heading\" data-id=\"6a40719\" data-element_type=\"widget\" data-e-type=\"widget\" data-widget_type=\"heading.default\">\n\t\t\t\t<div class=\"elementor-widget-container\">\n\t\t\t\t\t<h3 class=\"elementor-heading-title elementor-size-default\">Servicio de primera clase con una reputaci\u00f3n intachable y unos resultados brillantes<\/h3>\t\t\t\t<\/div>\n\t\t\t\t<\/div>\n\t\t\t\t\t<\/div>\n\t\t\t\t<\/div>\n\t\t<div data-particle_enable=\"false\" data-particle-mobile-disabled=\"false\" class=\"elementor-element elementor-element-195644a e-flex e-con-boxed e-con e-parent\" data-id=\"195644a\" data-element_type=\"container\" data-e-type=\"container\">\n\t\t\t\t\t<div class=\"e-con-inner\">\n\t\t<div data-particle_enable=\"false\" data-particle-mobile-disabled=\"false\" class=\"elementor-element elementor-element-43e1e0a e-con-full e-flex e-con e-child\" data-id=\"43e1e0a\" data-element_type=\"container\" data-e-type=\"container\">\n\t\t\t\t<div class=\"elementor-element elementor-element-3e672c5 elementor-widget elementor-widget-heading\" data-id=\"3e672c5\" data-element_type=\"widget\" data-e-type=\"widget\" data-widget_type=\"heading.default\">\n\t\t\t\t<div class=\"elementor-widget-container\">\n\t\t\t\t\t<h2 class=\"elementor-heading-title elementor-size-default\">Deje que InnoServ le haga el trabajo sucio<\/h2>\t\t\t\t<\/div>\n\t\t\t\t<\/div>\n\t\t\t\t<div class=\"elementor-element elementor-element-fa13cc2 elementor-widget elementor-widget-image\" data-id=\"fa13cc2\" data-element_type=\"widget\" data-e-type=\"widget\" data-widget_type=\"image.default\">\n\t\t\t\t<div class=\"elementor-widget-container\">\n\t\t\t\t\t\t\t\t\t\t\t\t\t\t\t<img fetchpriority=\"high\" decoding=\"async\" width=\"800\" height=\"450\" src=\"https:\/\/innoserv.com\/wp-content\/uploads\/2025\/03\/InnoServ-1024x576.jpg\" class=\"attachment-large size-large wp-image-539\" alt=\"\" srcset=\"https:\/\/innoserv.com\/wp-content\/uploads\/2025\/03\/InnoServ-1024x576.jpg 1024w, https:\/\/innoserv.com\/wp-content\/uploads\/2025\/03\/InnoServ-300x169.jpg 300w, https:\/\/innoserv.com\/wp-content\/uploads\/2025\/03\/InnoServ-768x432.jpg 768w, https:\/\/innoserv.com\/wp-content\/uploads\/2025\/03\/InnoServ-1536x864.jpg 1536w, https:\/\/innoserv.com\/wp-content\/uploads\/2025\/03\/InnoServ-2048x1152.jpg 2048w, https:\/\/innoserv.com\/wp-content\/uploads\/2025\/03\/InnoServ.webp 1920w\" sizes=\"(max-width: 800px) 100vw, 800px\" \/>\t\t\t\t\t\t\t\t\t\t\t\t\t\t\t<\/div>\n\t\t\t\t<\/div>\n\t\t\t\t<div class=\"elementor-element elementor-element-7d42e37 elementor-widget elementor-widget-text-editor\" data-id=\"7d42e37\" data-element_type=\"widget\" data-e-type=\"widget\" data-widget_type=\"text-editor.default\">\n\t\t\t\t<div class=\"elementor-widget-container\">\n\t\t\t\t\t\t\t\t\t<p>InnoServ\u00ae puede proporcionar el equipo y el servicio que ofrecen los mejores resultados de limpieza para su presupuesto. Sus clientes apreciar\u00e1n sus altos est\u00e1ndares de higiene y sus empleados apreciar\u00e1n la facilidad y fiabilidad del sistema de lavado.<\/p>\t\t\t\t\t\t\t\t<\/div>\n\t\t\t\t<\/div>\n\t\t\t\t<\/div>\n\t\t<div data-particle_enable=\"false\" data-particle-mobile-disabled=\"false\" class=\"elementor-element elementor-element-97f62f6 e-con-full e-flex e-con e-child\" data-id=\"97f62f6\" data-element_type=\"container\" data-e-type=\"container\">\n\t\t\t\t<div class=\"elementor-element elementor-element-5e96a09 elementor-widget elementor-widget-heading\" data-id=\"5e96a09\" data-element_type=\"widget\" data-e-type=\"widget\" data-widget_type=\"heading.default\">\n\t\t\t\t<div class=\"elementor-widget-container\">\n\t\t\t\t\t<h4 class=\"elementor-heading-title elementor-size-default\">Conocemos su negocio<\/h4>\t\t\t\t<\/div>\n\t\t\t\t<\/div>\n\t\t\t\t<div class=\"elementor-element elementor-element-986ba01 elementor-widget elementor-widget-text-editor\" data-id=\"986ba01\" data-element_type=\"widget\" data-e-type=\"widget\" data-widget_type=\"text-editor.default\">\n\t\t\t\t<div class=\"elementor-widget-container\">\n\t\t\t\t\t\t\t\t\t<p>Por eso, nuestros especialistas de campo trabajan junto a expertos del sector para desarrollar soluciones integrales e innovadoras que puedan aumentar la eficiencia de su empresa de arriba abajo.<\/p><p>Este enfoque de equipo puede mejorar su programa de lavado para maximizar su flujo de caja.<\/p><p>Con m\u00e1s de 50 a\u00f1os de experiencia en el negocio de los equipos y el lavado de vajilla, sabemos un par de cosas sobre los platos sucios. Es m\u00e1s, sabemos c\u00f3mo un programa de lavado eficaz encaja en el marco general de una operaci\u00f3n bien gestionada.<\/p>\t\t\t\t\t\t\t\t<\/div>\n\t\t\t\t<\/div>\n\t\t\t\t<div class=\"elementor-element elementor-element-368838e elementor-widget elementor-widget-heading\" data-id=\"368838e\" data-element_type=\"widget\" data-e-type=\"widget\" data-widget_type=\"heading.default\">\n\t\t\t\t<div class=\"elementor-widget-container\">\n\t\t\t\t\t<h4 class=\"elementor-heading-title elementor-size-default\">Servicio de primera clase<\/h4>\t\t\t\t<\/div>\n\t\t\t\t<\/div>\n\t\t\t\t<div class=\"elementor-element elementor-element-e9c9088 elementor-widget elementor-widget-text-editor\" data-id=\"e9c9088\" data-element_type=\"widget\" data-e-type=\"widget\" data-widget_type=\"text-editor.default\">\n\t\t\t\t<div class=\"elementor-widget-container\">\n\t\t\t\t\t\t\t\t\t<p>Nuestros especialistas reciben una amplia formaci\u00f3n continua para mantener sus habilidades y conocimientos al d\u00eda. Todos son empleados a tiempo completo de InnoServ, no subcontratamos nuestros servicios a empleados a comisi\u00f3n de otra empresa. Nuestro \u00e9xito depende de su \u00e9xito, por lo que nuestro equipo invierte en mantenerle en funcionamiento.<\/p>\t\t\t\t\t\t\t\t<\/div>\n\t\t\t\t<\/div>\n\t\t\t\t<\/div>\n\t\t\t\t\t<\/div>\n\t\t\t\t<\/div>\n\t\t<div data-particle_enable=\"false\" data-particle-mobile-disabled=\"false\" class=\"elementor-element elementor-element-6a7898a e-flex e-con-boxed e-con e-parent\" data-id=\"6a7898a\" data-element_type=\"container\" data-e-type=\"container\" data-settings=\"{&quot;background_background&quot;:&quot;classic&quot;}\">\n\t\t\t\t\t<div class=\"e-con-inner\">\n\t\t\t\t<div class=\"elementor-element elementor-element-32b32ea elementor-widget elementor-widget-heading\" data-id=\"32b32ea\" data-element_type=\"widget\" data-e-type=\"widget\" data-widget_type=\"heading.default\">\n\t\t\t\t<div class=\"elementor-widget-container\">\n\t\t\t\t\t<h2 class=\"elementor-heading-title elementor-size-default\">\u00bfC\u00f3mo puede ayudarle hoy InnoServ?<\/h2>\t\t\t\t<\/div>\n\t\t\t\t<\/div>\n\t\t\t\t\t<\/div>\n\t\t\t\t<\/div>\n\t\t<div data-particle_enable=\"false\" data-particle-mobile-disabled=\"false\" class=\"elementor-element elementor-element-46d58f7 e-flex e-con-boxed e-con e-parent\" data-id=\"46d58f7\" data-element_type=\"container\" data-e-type=\"container\">\n\t\t\t\t\t<div class=\"e-con-inner\">\n\t\t<div data-particle_enable=\"false\" data-particle-mobile-disabled=\"false\" class=\"elementor-element elementor-element-f436801 e-con-full e-flex e-con e-child\" data-id=\"f436801\" data-element_type=\"container\" data-e-type=\"container\">\n\t\t\t\t<div class=\"elementor-element elementor-element-ec43636 elementor-widget elementor-widget-video\" data-id=\"ec43636\" data-element_type=\"widget\" data-e-type=\"widget\" data-settings=\"{&quot;youtube_url&quot;:&quot;https:\\\/\\\/youtu.be\\\/hGhi0FNacUc&quot;,&quot;video_type&quot;:&quot;youtube&quot;,&quot;controls&quot;:&quot;yes&quot;}\" data-widget_type=\"video.default\">\n\t\t\t\t<div class=\"elementor-widget-container\">\n\t\t\t\t\t\t\t<div class=\"elementor-wrapper elementor-open-inline\">\n\t\t\t<div class=\"elementor-video\"><\/div>\t\t<\/div>\n\t\t\t\t\t\t<\/div>\n\t\t\t\t<\/div>\n\t\t\t\t<div class=\"elementor-element elementor-element-fc25a8c elementor-widget elementor-widget-heading\" data-id=\"fc25a8c\" data-element_type=\"widget\" data-e-type=\"widget\" data-widget_type=\"heading.default\">\n\t\t\t\t<div class=\"elementor-widget-container\">\n\t\t\t\t\t<h4 class=\"elementor-heading-title elementor-size-default\">Formaci\u00f3n<\/h4>\t\t\t\t<\/div>\n\t\t\t\t<\/div>\n\t\t\t\t<div class=\"elementor-element elementor-element-f6d0971 elementor-widget elementor-widget-text-editor\" data-id=\"f6d0971\" data-element_type=\"widget\" data-e-type=\"widget\" data-widget_type=\"text-editor.default\">\n\t\t\t\t<div class=\"elementor-widget-container\">\n\t\t\t\t\t\t\t\t\t<p>Acudiremos a su empresa para formar a los empleados clave en el uso correcto de su sistema de lavado y le proporcionaremos materiales que podr\u00e1 integrar en su programa de formaci\u00f3n. Tambi\u00e9n proporcionamos gr\u00e1ficos de pared que ayudan a recordar y guiar a los empleados sobre el uso adecuado del sistema.<\/p>\t\t\t\t\t\t\t\t<\/div>\n\t\t\t\t<\/div>\n\t\t\t\t<div class=\"elementor-element elementor-element-4ecaf9c elementor-widget elementor-widget-heading\" data-id=\"4ecaf9c\" data-element_type=\"widget\" data-e-type=\"widget\" data-widget_type=\"heading.default\">\n\t\t\t\t<div class=\"elementor-widget-container\">\n\t\t\t\t\t<h4 class=\"elementor-heading-title elementor-size-default\">Asistencia 24\/7<\/h4>\t\t\t\t<\/div>\n\t\t\t\t<\/div>\n\t\t\t\t<div class=\"elementor-element elementor-element-0a3b682 elementor-widget elementor-widget-text-editor\" data-id=\"0a3b682\" data-element_type=\"widget\" data-e-type=\"widget\" data-widget_type=\"text-editor.default\">\n\t\t\t\t<div class=\"elementor-widget-container\">\n\t\t\t\t\t\t\t\t\t<p>Su especialista est\u00e1 respaldado por centros de servicio centralizados y centros de recursos t\u00e9cnicos. Siempre podr\u00e1 ponerse en contacto con una persona para obtener una respuesta r\u00e1pida a sus consultas y emergencias.<\/p><p>Las furgonetas de servicio est\u00e1n totalmente abastecidas con una amplia variedad de piezas y recambios que permiten realizar reparaciones en la primera visita.<\/p>\t\t\t\t\t\t\t\t<\/div>\n\t\t\t\t<\/div>\n\t\t\t\t<\/div>\n\t\t<div data-particle_enable=\"false\" data-particle-mobile-disabled=\"false\" class=\"elementor-element elementor-element-c42110d e-con-full e-flex e-con e-child\" data-id=\"c42110d\" data-element_type=\"container\" data-e-type=\"container\">\n\t\t\t\t<div class=\"elementor-element elementor-element-11371e4 elementor-widget elementor-widget-heading\" data-id=\"11371e4\" data-element_type=\"widget\" data-e-type=\"widget\" data-widget_type=\"heading.default\">\n\t\t\t\t<div class=\"elementor-widget-container\">\n\t\t\t\t\t<h4 class=\"elementor-heading-title elementor-size-default\">Mantenimiento<\/h4>\t\t\t\t<\/div>\n\t\t\t\t<\/div>\n\t\t\t\t<div class=\"elementor-element elementor-element-3930a5d elementor-widget elementor-widget-text-editor\" data-id=\"3930a5d\" data-element_type=\"widget\" data-e-type=\"widget\" data-widget_type=\"text-editor.default\">\n\t\t\t\t<div class=\"elementor-widget-container\">\n\t\t\t\t\t\t\t\t\t<p>Las visitas peri\u00f3dicas al servicio t\u00e9cnico -m\u00e1s frecuentes que la norma del sector- ayudan a evitar aver\u00edas y a mantener su sistema funcionando al m\u00e1ximo rendimiento. Supervisamos tanto el rendimiento de los equipos como el de los productos qu\u00edmicos para asegurarnos de que no malgasta su valioso dinero. En el improbable caso de que surja un problema, nuestro equipo est\u00e1 de guardia para que podamos ocuparnos de \u00e9l de inmediato. Prepararemos un informe de servicio que describa las tareas realizadas en cada visita.<\/p>\t\t\t\t\t\t\t\t<\/div>\n\t\t\t\t<\/div>\n\t\t\t\t<div class=\"elementor-element elementor-element-74791eb elementor-widget elementor-widget-heading\" data-id=\"74791eb\" data-element_type=\"widget\" data-e-type=\"widget\" data-widget_type=\"heading.default\">\n\t\t\t\t<div class=\"elementor-widget-container\">\n\t\t\t\t\t<h4 class=\"elementor-heading-title elementor-size-default\">Gesti\u00f3n de costes<\/h4>\t\t\t\t<\/div>\n\t\t\t\t<\/div>\n\t\t\t\t<div class=\"elementor-element elementor-element-169178b elementor-widget elementor-widget-text-editor\" data-id=\"169178b\" data-element_type=\"widget\" data-e-type=\"widget\" data-widget_type=\"text-editor.default\">\n\t\t\t\t<div class=\"elementor-widget-container\">\n\t\t\t\t\t\t\t\t\t<p>Cada operaci\u00f3n es \u00fanica, por lo que cada soluci\u00f3n de lavado tambi\u00e9n debe serlo. Trabajaremos con usted para determinar la mejor combinaci\u00f3n posible de equipos, productos qu\u00edmicos, mano de obra y energ\u00eda para sus objetivos espec\u00edficos.<\/p><p>Ofrecemos una amplia gama de sistemas de lavado de \u00faltima generaci\u00f3n para satisfacer diferentes cargas de lavado, distribuciones de cocina y presupuestos. Analizaremos sus operaciones y le recomendaremos el mejor equipo (y los mejores productos qu\u00edmicos) para cada tarea. Incluso le haremos una estimaci\u00f3n del coste total del funcionamiento de su m\u00e1quina, en funci\u00f3n del n\u00famero de cargas de los estantes, para ayudarle a elaborar su presupuesto anual.<\/p>\t\t\t\t\t\t\t\t<\/div>\n\t\t\t\t<\/div>\n\t\t\t\t<div class=\"elementor-element elementor-element-45ad820 elementor-widget elementor-widget-button\" data-id=\"45ad820\" data-element_type=\"widget\" data-e-type=\"widget\" data-widget_type=\"button.default\">\n\t\t\t\t<div class=\"elementor-widget-container\">\n\t\t\t\t\t\t\t\t\t<div class=\"elementor-button-wrapper\">\n\t\t\t\t\t<a class=\"elementor-button elementor-button-link elementor-size-sm\" href=\"\/wp-content\/uploads\/2025\/03\/359798-InnoServ-Warewash-POS-LR.pdf\" target=\"_blank\">\n\t\t\t\t\t\t<span class=\"elementor-button-content-wrapper\">\n\t\t\t\t\t\t\t\t\t<span class=\"elementor-button-text\">Descargar folleto<\/span>\n\t\t\t\t\t<\/span>\n\t\t\t\t\t<\/a>\n\t\t\t\t<\/div>\n\t\t\t\t\t\t\t\t<\/div>\n\t\t\t\t<\/div>\n\t\t\t\t<\/div>\n\t\t\t\t\t<\/div>\n\t\t\t\t<\/div>\n\t\t<div data-particle_enable=\"false\" data-particle-mobile-disabled=\"false\" class=\"elementor-element elementor-element-a71450e e-flex e-con-boxed e-con e-parent\" data-id=\"a71450e\" data-element_type=\"container\" data-e-type=\"container\" data-settings=\"{&quot;background_background&quot;:&quot;classic&quot;}\">\n\t\t\t\t\t<div class=\"e-con-inner\">\n\t\t\t\t<div class=\"elementor-element elementor-element-6ec9a5f elementor-widget elementor-widget-heading\" data-id=\"6ec9a5f\" data-element_type=\"widget\" data-e-type=\"widget\" data-widget_type=\"heading.default\">\n\t\t\t\t<div class=\"elementor-widget-container\">\n\t\t\t\t\t<h2 class=\"elementor-heading-title elementor-size-default\">\u00bfPreguntas antes de empezar?<\/h2>\t\t\t\t<\/div>\n\t\t\t\t<\/div>\n\t\t\t\t<div class=\"elementor-element elementor-element-1e9f2ba elementor-align-center elementor-widget elementor-widget-button\" data-id=\"1e9f2ba\" data-element_type=\"widget\" data-e-type=\"widget\" data-widget_type=\"button.default\">\n\t\t\t\t<div class=\"elementor-widget-container\">\n\t\t\t\t\t\t\t\t\t<div class=\"elementor-button-wrapper\">\n\t\t\t\t\t<a class=\"elementor-button elementor-button-link elementor-size-sm\" href=\"\/es\/contact\/\">\n\t\t\t\t\t\t<span class=\"elementor-button-content-wrapper\">\n\t\t\t\t\t\t\t\t\t<span class=\"elementor-button-text\">P\u00f3ngase en contacto<\/span>\n\t\t\t\t\t<\/span>\n\t\t\t\t\t<\/a>\n\t\t\t\t<\/div>\n\t\t\t\t\t\t\t\t<\/div>\n\t\t\t\t<\/div>\n\t\t\t\t\t<\/div>\n\t\t\t\t<\/div>\n\t\t\t\t<\/div>","protected":false},"excerpt":{"rendered":"<p>World-Class Service With a Spotless Reputation and a Sparkling Bottom Line Let InnoServ Do Your Dirty Work InnoServ\u00ae can provide the equipment and service that deliver the very best cleaning results for your budget. Your guests will appreciate your high sanitation standards and your employees will appreciate the ease and reliability of the warewash system. [&hellip;]<\/p>\n","protected":false},"author":1,"featured_media":0,"parent":60,"menu_order":0,"comment_status":"closed","ping_status":"closed","template":"","meta":{"footnotes":""},"class_list":["post-528","page","type-page","status-publish","hentry"],"yoast_head":"<!-- This site is optimized with the Yoast SEO Premium plugin v27.1 (Yoast SEO v27.1.1) - https:\/\/yoast.com\/product\/yoast-seo-premium-wordpress\/ -->\n<title>Warewash - InnoServ Solutions, LLC.<\/title>\n<meta name=\"robots\" content=\"index, follow, max-snippet:-1, max-image-preview:large, max-video-preview:-1\" \/>\n<link rel=\"canonical\" href=\"https:\/\/innoserv.com\/es\/services\/warewash\/\" \/>\n<meta property=\"og:locale\" content=\"es_MX\" \/>\n<meta property=\"og:type\" content=\"article\" \/>\n<meta property=\"og:title\" content=\"Warewash\" \/>\n<meta property=\"og:description\" content=\"World-Class Service With a Spotless Reputation and a Sparkling Bottom Line Let InnoServ Do Your Dirty Work InnoServ\u00ae can provide the equipment and service that deliver the very best cleaning results for your budget. Your guests will appreciate your high sanitation standards and your employees will appreciate the ease and reliability of the warewash system. [&hellip;]\" \/>\n<meta property=\"og:url\" content=\"https:\/\/innoserv.com\/es\/services\/warewash\/\" \/>\n<meta property=\"og:site_name\" content=\"InnoServ Solutions, LLC.\" \/>\n<meta property=\"article:publisher\" content=\"https:\/\/www.facebook.com\/innoservsolutions\" \/>\n<meta property=\"article:modified_time\" content=\"2025-03-04T18:38:52+00:00\" \/>\n<meta property=\"og:image\" content=\"https:\/\/innoserv.com\/wp-content\/uploads\/2025\/03\/InnoServ-1024x576.jpg\" \/>\n<meta name=\"twitter:card\" content=\"summary_large_image\" \/>\n<meta name=\"twitter:label1\" content=\"Est. reading time\" \/>\n\t<meta name=\"twitter:data1\" content=\"2 minutes\" \/>\n<script type=\"application\/ld+json\" class=\"yoast-schema-graph\">{\"@context\":\"https:\/\/schema.org\",\"@graph\":[{\"@type\":\"WebPage\",\"@id\":\"https:\/\/innoserv.com\/fr\/services\/warewash\/\",\"url\":\"https:\/\/innoserv.com\/fr\/services\/warewash\/\",\"name\":\"Warewash - InnoServ Solutions, LLC.\",\"isPartOf\":{\"@id\":\"https:\/\/innoserv.com\/#website\"},\"primaryImageOfPage\":{\"@id\":\"https:\/\/innoserv.com\/fr\/services\/warewash\/#primaryimage\"},\"image\":{\"@id\":\"https:\/\/innoserv.com\/fr\/services\/warewash\/#primaryimage\"},\"thumbnailUrl\":\"https:\/\/innoserv.com\/wp-content\/uploads\/2025\/03\/InnoServ-1024x576.jpg\",\"datePublished\":\"2025-03-04T18:20:51+00:00\",\"dateModified\":\"2025-03-04T18:38:52+00:00\",\"breadcrumb\":{\"@id\":\"https:\/\/innoserv.com\/fr\/services\/warewash\/#breadcrumb\"},\"inLanguage\":\"es-MX\",\"potentialAction\":[{\"@type\":\"ReadAction\",\"target\":[\"https:\/\/innoserv.com\/fr\/services\/warewash\/\"]}]},{\"@type\":\"ImageObject\",\"inLanguage\":\"es-MX\",\"@id\":\"https:\/\/innoserv.com\/fr\/services\/warewash\/#primaryimage\",\"url\":\"https:\/\/innoserv.com\/wp-content\/uploads\/2025\/03\/InnoServ-1024x576.jpg\",\"contentUrl\":\"https:\/\/innoserv.com\/wp-content\/uploads\/2025\/03\/InnoServ-1024x576.jpg\"},{\"@type\":\"BreadcrumbList\",\"@id\":\"https:\/\/innoserv.com\/fr\/services\/warewash\/#breadcrumb\",\"itemListElement\":[{\"@type\":\"ListItem\",\"position\":1,\"name\":\"Home\",\"item\":\"https:\/\/innoserv.com\/\"},{\"@type\":\"ListItem\",\"position\":2,\"name\":\"Services\",\"item\":\"https:\/\/innoserv.com\/fr\/services\/\"},{\"@type\":\"ListItem\",\"position\":3,\"name\":\"Warewash\"}]},{\"@type\":\"WebSite\",\"@id\":\"https:\/\/innoserv.com\/#website\",\"url\":\"https:\/\/innoserv.com\/\",\"name\":\"InnoServ, LLC.\",\"description\":\"\",\"publisher\":{\"@id\":\"https:\/\/innoserv.com\/#organization\"},\"potentialAction\":[{\"@type\":\"SearchAction\",\"target\":{\"@type\":\"EntryPoint\",\"urlTemplate\":\"https:\/\/innoserv.com\/?s={search_term_string}\"},\"query-input\":{\"@type\":\"PropertyValueSpecification\",\"valueRequired\":true,\"valueName\":\"search_term_string\"}}],\"inLanguage\":\"es-MX\"},{\"@type\":\"Organization\",\"@id\":\"https:\/\/innoserv.com\/#organization\",\"name\":\"InnoServ, LLC.\",\"url\":\"https:\/\/innoserv.com\/\",\"logo\":{\"@type\":\"ImageObject\",\"inLanguage\":\"es-MX\",\"@id\":\"https:\/\/innoserv.com\/#\/schema\/logo\/image\/\",\"url\":\"https:\/\/innoserv.com\/wp-content\/uploads\/2025\/01\/BGInnoServLogowithTagline.webp\",\"contentUrl\":\"https:\/\/innoserv.com\/wp-content\/uploads\/2025\/01\/BGInnoServLogowithTagline.webp\",\"width\":1500,\"height\":397,\"caption\":\"InnoServ, LLC.\"},\"image\":{\"@id\":\"https:\/\/innoserv.com\/#\/schema\/logo\/image\/\"},\"sameAs\":[\"https:\/\/www.facebook.com\/innoservsolutions\",\"https:\/\/www.linkedin.com\/company\/innoserv-solutions\/posts\/?feedView=all\"]}]}<\/script>\n<!-- \/ Yoast SEO Premium plugin. -->","yoast_head_json":{"title":"Warewash - InnoServ Solutions, LLC.","robots":{"index":"index","follow":"follow","max-snippet":"max-snippet:-1","max-image-preview":"max-image-preview:large","max-video-preview":"max-video-preview:-1"},"canonical":"https:\/\/innoserv.com\/es\/services\/warewash\/","og_locale":"es_MX","og_type":"article","og_title":"Warewash","og_description":"World-Class Service With a Spotless Reputation and a Sparkling Bottom Line Let InnoServ Do Your Dirty Work InnoServ\u00ae can provide the equipment and service that deliver the very best cleaning results for your budget. Your guests will appreciate your high sanitation standards and your employees will appreciate the ease and reliability of the warewash system. [&hellip;]","og_url":"https:\/\/innoserv.com\/es\/services\/warewash\/","og_site_name":"InnoServ Solutions, LLC.","article_publisher":"https:\/\/www.facebook.com\/innoservsolutions","article_modified_time":"2025-03-04T18:38:52+00:00","og_image":[{"url":"https:\/\/innoserv.com\/wp-content\/uploads\/2025\/03\/InnoServ-1024x576.jpg","type":"","width":"","height":""}],"twitter_card":"summary_large_image","twitter_misc":{"Est. reading time":"2 minutes"},"schema":{"@context":"https:\/\/schema.org","@graph":[{"@type":"WebPage","@id":"https:\/\/innoserv.com\/fr\/services\/warewash\/","url":"https:\/\/innoserv.com\/fr\/services\/warewash\/","name":"Warewash - InnoServ Solutions, LLC.","isPartOf":{"@id":"https:\/\/innoserv.com\/#website"},"primaryImageOfPage":{"@id":"https:\/\/innoserv.com\/fr\/services\/warewash\/#primaryimage"},"image":{"@id":"https:\/\/innoserv.com\/fr\/services\/warewash\/#primaryimage"},"thumbnailUrl":"https:\/\/innoserv.com\/wp-content\/uploads\/2025\/03\/InnoServ-1024x576.jpg","datePublished":"2025-03-04T18:20:51+00:00","dateModified":"2025-03-04T18:38:52+00:00","breadcrumb":{"@id":"https:\/\/innoserv.com\/fr\/services\/warewash\/#breadcrumb"},"inLanguage":"es-MX","potentialAction":[{"@type":"ReadAction","target":["https:\/\/innoserv.com\/fr\/services\/warewash\/"]}]},{"@type":"ImageObject","inLanguage":"es-MX","@id":"https:\/\/innoserv.com\/fr\/services\/warewash\/#primaryimage","url":"https:\/\/innoserv.com\/wp-content\/uploads\/2025\/03\/InnoServ-1024x576.jpg","contentUrl":"https:\/\/innoserv.com\/wp-content\/uploads\/2025\/03\/InnoServ-1024x576.jpg"},{"@type":"BreadcrumbList","@id":"https:\/\/innoserv.com\/fr\/services\/warewash\/#breadcrumb","itemListElement":[{"@type":"ListItem","position":1,"name":"Home","item":"https:\/\/innoserv.com\/"},{"@type":"ListItem","position":2,"name":"Services","item":"https:\/\/innoserv.com\/fr\/services\/"},{"@type":"ListItem","position":3,"name":"Warewash"}]},{"@type":"WebSite","@id":"https:\/\/innoserv.com\/#website","url":"https:\/\/innoserv.com\/","name":"InnoServ, S.L.","description":"","publisher":{"@id":"https:\/\/innoserv.com\/#organization"},"potentialAction":[{"@type":"SearchAction","target":{"@type":"EntryPoint","urlTemplate":"https:\/\/innoserv.com\/?s={search_term_string}"},"query-input":{"@type":"PropertyValueSpecification","valueRequired":true,"valueName":"search_term_string"}}],"inLanguage":"es-MX"},{"@type":"Organization","@id":"https:\/\/innoserv.com\/#organization","name":"InnoServ, S.L.","url":"https:\/\/innoserv.com\/","logo":{"@type":"ImageObject","inLanguage":"es-MX","@id":"https:\/\/innoserv.com\/#\/schema\/logo\/image\/","url":"https:\/\/innoserv.com\/wp-content\/uploads\/2025\/01\/BGInnoServLogowithTagline.webp","contentUrl":"https:\/\/innoserv.com\/wp-content\/uploads\/2025\/01\/BGInnoServLogowithTagline.webp","width":1500,"height":397,"caption":"InnoServ, LLC."},"image":{"@id":"https:\/\/innoserv.com\/#\/schema\/logo\/image\/"},"sameAs":["https:\/\/www.facebook.com\/innoservsolutions","https:\/\/www.linkedin.com\/company\/innoserv-solutions\/posts\/?feedView=all"]}]}},"_links":{"self":[{"href":"https:\/\/innoserv.com\/es\/wp-json\/wp\/v2\/pages\/528","targetHints":{"allow":["GET"]}}],"collection":[{"href":"https:\/\/innoserv.com\/es\/wp-json\/wp\/v2\/pages"}],"about":[{"href":"https:\/\/innoserv.com\/es\/wp-json\/wp\/v2\/types\/page"}],"author":[{"embeddable":true,"href":"https:\/\/innoserv.com\/es\/wp-json\/wp\/v2\/users\/1"}],"replies":[{"embeddable":true,"href":"https:\/\/innoserv.com\/es\/wp-json\/wp\/v2\/comments?post=528"}],"version-history":[{"count":22,"href":"https:\/\/innoserv.com\/es\/wp-json\/wp\/v2\/pages\/528\/revisions"}],"predecessor-version":[{"id":558,"href":"https:\/\/innoserv.com\/es\/wp-json\/wp\/v2\/pages\/528\/revisions\/558"}],"up":[{"embeddable":true,"href":"https:\/\/innoserv.com\/es\/wp-json\/wp\/v2\/pages\/60"}],"wp:attachment":[{"href":"https:\/\/innoserv.com\/es\/wp-json\/wp\/v2\/media?parent=528"}],"curies":[{"name":"wp","href":"https:\/\/api.w.org\/{rel}","templated":true}]}}