{"id":559,"date":"2025-03-06T14:23:06","date_gmt":"2025-03-06T14:23:06","guid":{"rendered":"https:\/\/dev-innoserv.pantheonsite.io\/?page_id=559"},"modified":"2025-03-06T14:29:42","modified_gmt":"2025-03-06T14:29:42","slug":"beverage","status":"publish","type":"page","link":"https:\/\/innoserv.com\/es\/services\/beverage\/","title":{"rendered":"Bebida"},"content":{"rendered":"<div data-elementor-type=\"wp-page\" data-elementor-id=\"559\" class=\"elementor elementor-559\" data-elementor-post-type=\"page\">\n\t\t\t\t<div data-particle_enable=\"false\" data-particle-mobile-disabled=\"false\" class=\"elementor-element elementor-element-067dc44 e-con-full e-flex e-con e-parent\" data-id=\"067dc44\" data-element_type=\"container\" data-e-type=\"container\" data-settings=\"{&quot;background_background&quot;:&quot;classic&quot;}\">\n\t\t\t\t<\/div>\n\t\t<div data-particle_enable=\"false\" data-particle-mobile-disabled=\"false\" class=\"elementor-element elementor-element-1b2fc33 e-flex e-con-boxed e-con e-parent\" data-id=\"1b2fc33\" data-element_type=\"container\" data-e-type=\"container\" data-settings=\"{&quot;background_background&quot;:&quot;classic&quot;}\">\n\t\t\t\t\t<div class=\"e-con-inner\">\n\t\t\t\t<div class=\"elementor-element elementor-element-990e1de elementor-widget elementor-widget-heading\" data-id=\"990e1de\" data-element_type=\"widget\" data-e-type=\"widget\" data-widget_type=\"heading.default\">\n\t\t\t\t<div class=\"elementor-widget-container\">\n\t\t\t\t\t<h3 class=\"elementor-heading-title elementor-size-default\">Los servicios de bebidas forman parte de nuestra historia<\/h3>\t\t\t\t<\/div>\n\t\t\t\t<\/div>\n\t\t\t\t\t<\/div>\n\t\t\t\t<\/div>\n\t\t<div data-particle_enable=\"false\" data-particle-mobile-disabled=\"false\" class=\"elementor-element elementor-element-90811ca e-flex e-con-boxed e-con e-parent\" data-id=\"90811ca\" data-element_type=\"container\" data-e-type=\"container\">\n\t\t\t\t\t<div class=\"e-con-inner\">\n\t\t<div data-particle_enable=\"false\" data-particle-mobile-disabled=\"false\" class=\"elementor-element elementor-element-6580575 e-con-full e-flex e-con e-child\" data-id=\"6580575\" data-element_type=\"container\" data-e-type=\"container\">\n\t\t\t\t<div class=\"elementor-element elementor-element-0e62adf elementor-widget elementor-widget-heading\" data-id=\"0e62adf\" data-element_type=\"widget\" data-e-type=\"widget\" data-widget_type=\"heading.default\">\n\t\t\t\t<div class=\"elementor-widget-container\">\n\t\t\t\t\t<h2 class=\"elementor-heading-title elementor-size-default\">Sabemos de bebidas<\/h2>\t\t\t\t<\/div>\n\t\t\t\t<\/div>\n\t\t\t\t<div class=\"elementor-element elementor-element-832f03d elementor-widget elementor-widget-image\" data-id=\"832f03d\" data-element_type=\"widget\" data-e-type=\"widget\" data-widget_type=\"image.default\">\n\t\t\t\t<div class=\"elementor-widget-container\">\n\t\t\t\t\t\t\t\t\t\t\t\t\t\t\t<img fetchpriority=\"high\" decoding=\"async\" width=\"800\" height=\"450\" src=\"https:\/\/innoserv.com\/wp-content\/uploads\/2025\/03\/ArrayProductonShelfBroll.00_02_00_07-1024x576.webp\" class=\"attachment-large size-large wp-image-565\" alt=\"\" srcset=\"https:\/\/innoserv.com\/wp-content\/uploads\/2025\/03\/ArrayProductonShelfBroll.00_02_00_07-1024x576.webp 1024w, https:\/\/innoserv.com\/wp-content\/uploads\/2025\/03\/ArrayProductonShelfBroll.00_02_00_07-300x169.webp 300w, https:\/\/innoserv.com\/wp-content\/uploads\/2025\/03\/ArrayProductonShelfBroll.00_02_00_07-768x432.webp 768w, https:\/\/innoserv.com\/wp-content\/uploads\/2025\/03\/ArrayProductonShelfBroll.00_02_00_07-1536x864.webp 1536w, https:\/\/innoserv.com\/wp-content\/uploads\/2025\/03\/ArrayProductonShelfBroll.00_02_00_07.webp 1920w\" sizes=\"(max-width: 800px) 100vw, 800px\" \/>\t\t\t\t\t\t\t\t\t\t\t\t\t\t\t<\/div>\n\t\t\t\t<\/div>\n\t\t\t\t<div class=\"elementor-element elementor-element-c4d9709 elementor-widget elementor-widget-text-editor\" data-id=\"c4d9709\" data-element_type=\"widget\" data-e-type=\"widget\" data-widget_type=\"text-editor.default\">\n\t\t\t\t<div class=\"elementor-widget-container\">\n\t\t\t\t\t\t\t\t\t<p>InnoServ\u2122 comenz\u00f3 hace m\u00e1s de 50 a\u00f1os dando servicio a m\u00e1quinas de zumos. Nuestra experiencia en equipos de bebidas no ha hecho m\u00e1s que ampliarse desde entonces, ocup\u00e1ndonos de m\u00e1quinas de caf\u00e9, t\u00e9 helado y espresso, por nombrar algunas. Lo que no ha cambiado es nuestro compromiso de ofrecer el mejor servicio en la industria. P\u00f3ngase en contacto con nosotros y vea lo que InnoServ puede hacer por su negocio.<\/p>\t\t\t\t\t\t\t\t<\/div>\n\t\t\t\t<\/div>\n\t\t\t\t<\/div>\n\t\t<div data-particle_enable=\"false\" data-particle-mobile-disabled=\"false\" class=\"elementor-element elementor-element-456a880 e-con-full e-flex e-con e-child\" data-id=\"456a880\" data-element_type=\"container\" data-e-type=\"container\">\n\t\t\t\t<div class=\"elementor-element elementor-element-a3853e4 elementor-widget elementor-widget-heading\" data-id=\"a3853e4\" data-element_type=\"widget\" data-e-type=\"widget\" data-widget_type=\"heading.default\">\n\t\t\t\t<div class=\"elementor-widget-container\">\n\t\t\t\t\t<h4 class=\"elementor-heading-title elementor-size-default\">Conocemos su negocio<\/h4>\t\t\t\t<\/div>\n\t\t\t\t<\/div>\n\t\t\t\t<div class=\"elementor-element elementor-element-0cda3bd elementor-widget elementor-widget-text-editor\" data-id=\"0cda3bd\" data-element_type=\"widget\" data-e-type=\"widget\" data-widget_type=\"text-editor.default\">\n\t\t\t\t<div class=\"elementor-widget-container\">\n\t\t\t\t\t\t\t\t\t<p>Por eso, nuestros especialistas de campo trabajan junto a expertos del sector para desarrollar soluciones integrales e innovadoras que puedan aumentar la eficiencia de su empresa de arriba abajo.<\/p><p>Este enfoque de equipo puede mejorar su programa de bebidas para maximizar su flujo de caja.<\/p><p>Con m\u00e1s de 50 a\u00f1os de experiencia en el negocio de equipos para bebidas, sabemos un par de cosas sobre c\u00f3mo cuidar a nuestros clientes. Deje que InnoServ le ayude a desarrollar el programa perfecto de caf\u00e9, t\u00e9 y zumos para su establecimiento. Podemos ayudarle a seleccionar el equipo, gestionar la instalaci\u00f3n y mantener dicho equipo para que pueda centrarse en el funcionamiento de su negocio.<\/p>\t\t\t\t\t\t\t\t<\/div>\n\t\t\t\t<\/div>\n\t\t\t\t<div class=\"elementor-element elementor-element-f71aa2b elementor-widget elementor-widget-heading\" data-id=\"f71aa2b\" data-element_type=\"widget\" data-e-type=\"widget\" data-widget_type=\"heading.default\">\n\t\t\t\t<div class=\"elementor-widget-container\">\n\t\t\t\t\t<h4 class=\"elementor-heading-title elementor-size-default\">Servicio de primera clase<\/h4>\t\t\t\t<\/div>\n\t\t\t\t<\/div>\n\t\t\t\t<div class=\"elementor-element elementor-element-85e810f elementor-widget elementor-widget-text-editor\" data-id=\"85e810f\" data-element_type=\"widget\" data-e-type=\"widget\" data-widget_type=\"text-editor.default\">\n\t\t\t\t<div class=\"elementor-widget-container\">\n\t\t\t\t\t\t\t\t\t<p>Nuestros especialistas reciben una amplia formaci\u00f3n continua para mantener sus habilidades y conocimientos al d\u00eda. Todos son empleados a tiempo completo de InnoServ, no subcontratamos nuestros servicios a empleados a comisi\u00f3n de otra empresa. Nuestro \u00e9xito depende de su \u00e9xito, por lo que nuestro equipo invierte en mantenerle en funcionamiento.<\/p>\t\t\t\t\t\t\t\t<\/div>\n\t\t\t\t<\/div>\n\t\t\t\t<\/div>\n\t\t\t\t\t<\/div>\n\t\t\t\t<\/div>\n\t\t<div data-particle_enable=\"false\" data-particle-mobile-disabled=\"false\" class=\"elementor-element elementor-element-e20f65f e-flex e-con-boxed e-con e-parent\" data-id=\"e20f65f\" data-element_type=\"container\" data-e-type=\"container\" data-settings=\"{&quot;background_background&quot;:&quot;classic&quot;}\">\n\t\t\t\t\t<div class=\"e-con-inner\">\n\t\t\t\t<div class=\"elementor-element elementor-element-dc0f55a elementor-widget elementor-widget-heading\" data-id=\"dc0f55a\" data-element_type=\"widget\" data-e-type=\"widget\" data-widget_type=\"heading.default\">\n\t\t\t\t<div class=\"elementor-widget-container\">\n\t\t\t\t\t<h2 class=\"elementor-heading-title elementor-size-default\">\u00bfC\u00f3mo puede ayudarle hoy InnoServ?<\/h2>\t\t\t\t<\/div>\n\t\t\t\t<\/div>\n\t\t\t\t\t<\/div>\n\t\t\t\t<\/div>\n\t\t<div data-particle_enable=\"false\" data-particle-mobile-disabled=\"false\" class=\"elementor-element elementor-element-0e55fcf e-flex e-con-boxed e-con e-parent\" data-id=\"0e55fcf\" data-element_type=\"container\" data-e-type=\"container\">\n\t\t\t\t\t<div class=\"e-con-inner\">\n\t\t<div data-particle_enable=\"false\" data-particle-mobile-disabled=\"false\" class=\"elementor-element elementor-element-4f1657d e-con-full e-flex e-con e-child\" data-id=\"4f1657d\" data-element_type=\"container\" data-e-type=\"container\">\n\t\t\t\t<div class=\"elementor-element elementor-element-6d1c13a elementor-widget elementor-widget-image\" data-id=\"6d1c13a\" data-element_type=\"widget\" data-e-type=\"widget\" data-widget_type=\"image.default\">\n\t\t\t\t<div class=\"elementor-widget-container\">\n\t\t\t\t\t\t\t\t\t\t\t\t\t\t\t<img decoding=\"async\" width=\"800\" height=\"450\" src=\"https:\/\/innoserv.com\/wp-content\/uploads\/2025\/03\/173Uwood-1024x576.webp\" class=\"attachment-large size-large wp-image-566\" alt=\"\" srcset=\"https:\/\/innoserv.com\/wp-content\/uploads\/2025\/03\/173Uwood-1024x576.webp 1024w, https:\/\/innoserv.com\/wp-content\/uploads\/2025\/03\/173Uwood-300x169.webp 300w, https:\/\/innoserv.com\/wp-content\/uploads\/2025\/03\/173Uwood-768x432.webp 768w, https:\/\/innoserv.com\/wp-content\/uploads\/2025\/03\/173Uwood-1536x864.webp 1536w, https:\/\/innoserv.com\/wp-content\/uploads\/2025\/03\/173Uwood.webp 1920w\" sizes=\"(max-width: 800px) 100vw, 800px\" \/>\t\t\t\t\t\t\t\t\t\t\t\t\t\t\t<\/div>\n\t\t\t\t<\/div>\n\t\t\t\t<div class=\"elementor-element elementor-element-132bf92 elementor-widget elementor-widget-heading\" data-id=\"132bf92\" data-element_type=\"widget\" data-e-type=\"widget\" data-widget_type=\"heading.default\">\n\t\t\t\t<div class=\"elementor-widget-container\">\n\t\t\t\t\t<h4 class=\"elementor-heading-title elementor-size-default\">Formaci\u00f3n<\/h4>\t\t\t\t<\/div>\n\t\t\t\t<\/div>\n\t\t\t\t<div class=\"elementor-element elementor-element-8be106a elementor-widget elementor-widget-text-editor\" data-id=\"8be106a\" data-element_type=\"widget\" data-e-type=\"widget\" data-widget_type=\"text-editor.default\">\n\t\t\t\t<div class=\"elementor-widget-container\">\n\t\t\t\t\t\t\t\t\t<p>Acudiremos a sus instalaciones para formar a los empleados clave en el uso correcto de su sistema de bebidas y le proporcionaremos materiales que podr\u00e1 integrar en su programa de formaci\u00f3n. Con la formaci\u00f3n adecuada sobre limpieza y cuidado general de la m\u00e1quina, puede estar seguro de que su programa de bebidas ser\u00e1 fiable y constante d\u00eda tras d\u00eda.<\/p>\t\t\t\t\t\t\t\t<\/div>\n\t\t\t\t<\/div>\n\t\t\t\t<div class=\"elementor-element elementor-element-73e59fd elementor-widget elementor-widget-heading\" data-id=\"73e59fd\" data-element_type=\"widget\" data-e-type=\"widget\" data-widget_type=\"heading.default\">\n\t\t\t\t<div class=\"elementor-widget-container\">\n\t\t\t\t\t<h4 class=\"elementor-heading-title elementor-size-default\">Asistencia 24\/7<\/h4>\t\t\t\t<\/div>\n\t\t\t\t<\/div>\n\t\t\t\t<div class=\"elementor-element elementor-element-10e83dd elementor-widget elementor-widget-text-editor\" data-id=\"10e83dd\" data-element_type=\"widget\" data-e-type=\"widget\" data-widget_type=\"text-editor.default\">\n\t\t\t\t<div class=\"elementor-widget-container\">\n\t\t\t\t\t\t\t\t\t<p>Su especialista est\u00e1 respaldado por centros de servicio centralizados y centros de recursos t\u00e9cnicos. Siempre podr\u00e1 ponerse en contacto con una persona para obtener una respuesta r\u00e1pida a sus consultas y emergencias.<\/p><p>Las furgonetas de servicio est\u00e1n totalmente abastecidas con una amplia variedad de piezas y recambios que permiten realizar reparaciones en la primera visita.<\/p>\t\t\t\t\t\t\t\t<\/div>\n\t\t\t\t<\/div>\n\t\t\t\t<\/div>\n\t\t<div data-particle_enable=\"false\" data-particle-mobile-disabled=\"false\" class=\"elementor-element elementor-element-871ac1c e-con-full e-flex e-con e-child\" data-id=\"871ac1c\" data-element_type=\"container\" data-e-type=\"container\">\n\t\t\t\t<div class=\"elementor-element elementor-element-391c555 elementor-widget elementor-widget-heading\" data-id=\"391c555\" data-element_type=\"widget\" data-e-type=\"widget\" data-widget_type=\"heading.default\">\n\t\t\t\t<div class=\"elementor-widget-container\">\n\t\t\t\t\t<h4 class=\"elementor-heading-title elementor-size-default\">Mantenimiento<\/h4>\t\t\t\t<\/div>\n\t\t\t\t<\/div>\n\t\t\t\t<div class=\"elementor-element elementor-element-557257d elementor-widget elementor-widget-text-editor\" data-id=\"557257d\" data-element_type=\"widget\" data-e-type=\"widget\" data-widget_type=\"text-editor.default\">\n\t\t\t\t<div class=\"elementor-widget-container\">\n\t\t\t\t\t\t\t\t\t<p>Las visitas peri\u00f3dicas al servicio t\u00e9cnico -m\u00e1s frecuentes que la norma del sector- ayudan a evitar aver\u00edas y a mantener su sistema funcionando al m\u00e1ximo rendimiento. Supervisamos las concentraciones de equipos y productos para asegurarnos de que no malgasta su valioso dinero. En el improbable caso de que se produzca un problema, nuestro equipo est\u00e1 de guardia para que podamos ocuparnos de \u00e9l de inmediato. Prepararemos un informe de servicio que describa las tareas realizadas en cada visita.<\/p>\t\t\t\t\t\t\t\t<\/div>\n\t\t\t\t<\/div>\n\t\t\t\t<div class=\"elementor-element elementor-element-02b9aad elementor-widget elementor-widget-heading\" data-id=\"02b9aad\" data-element_type=\"widget\" data-e-type=\"widget\" data-widget_type=\"heading.default\">\n\t\t\t\t<div class=\"elementor-widget-container\">\n\t\t\t\t\t<h4 class=\"elementor-heading-title elementor-size-default\">Gesti\u00f3n de costes<\/h4>\t\t\t\t<\/div>\n\t\t\t\t<\/div>\n\t\t\t\t<div class=\"elementor-element elementor-element-50015a0 elementor-widget elementor-widget-text-editor\" data-id=\"50015a0\" data-element_type=\"widget\" data-e-type=\"widget\" data-widget_type=\"text-editor.default\">\n\t\t\t\t<div class=\"elementor-widget-container\">\n\t\t\t\t\t\t\t\t\t<p>Cada operaci\u00f3n es \u00fanica, por lo que cada soluci\u00f3n de bebidas tambi\u00e9n debe serlo. Trabajaremos con usted para determinar la mejor combinaci\u00f3n posible de equipos, productos, mano de obra y energ\u00eda para sus objetivos espec\u00edficos.<\/p><p>Ofrecemos una amplia gama de dispensadores de zumo y caf\u00e9 para satisfacer todas las necesidades de volumen y presupuestos. Analizaremos sus operaciones y le recomendaremos el mejor equipo para el trabajo.<\/p>\t\t\t\t\t\t\t\t<\/div>\n\t\t\t\t<\/div>\n\t\t\t\t<div class=\"elementor-element elementor-element-3f1886d elementor-widget elementor-widget-button\" data-id=\"3f1886d\" data-element_type=\"widget\" data-e-type=\"widget\" data-widget_type=\"button.default\">\n\t\t\t\t<div class=\"elementor-widget-container\">\n\t\t\t\t\t\t\t\t\t<div class=\"elementor-button-wrapper\">\n\t\t\t\t\t<a class=\"elementor-button elementor-button-link elementor-size-sm\" href=\"\/wp-content\/uploads\/2025\/03\/InnoServ-BeverageSolutions.pdf\" target=\"_blank\">\n\t\t\t\t\t\t<span class=\"elementor-button-content-wrapper\">\n\t\t\t\t\t\t\t\t\t<span class=\"elementor-button-text\">Descargar folleto<\/span>\n\t\t\t\t\t<\/span>\n\t\t\t\t\t<\/a>\n\t\t\t\t<\/div>\n\t\t\t\t\t\t\t\t<\/div>\n\t\t\t\t<\/div>\n\t\t\t\t<\/div>\n\t\t\t\t\t<\/div>\n\t\t\t\t<\/div>\n\t\t<div data-particle_enable=\"false\" data-particle-mobile-disabled=\"false\" class=\"elementor-element elementor-element-6bd1422 e-flex e-con-boxed e-con e-parent\" data-id=\"6bd1422\" data-element_type=\"container\" data-e-type=\"container\" data-settings=\"{&quot;background_background&quot;:&quot;classic&quot;}\">\n\t\t\t\t\t<div class=\"e-con-inner\">\n\t\t\t\t<div class=\"elementor-element elementor-element-7c044ac elementor-widget elementor-widget-heading\" data-id=\"7c044ac\" data-element_type=\"widget\" data-e-type=\"widget\" data-widget_type=\"heading.default\">\n\t\t\t\t<div class=\"elementor-widget-container\">\n\t\t\t\t\t<h2 class=\"elementor-heading-title elementor-size-default\">\u00bfPreguntas antes de empezar?<\/h2>\t\t\t\t<\/div>\n\t\t\t\t<\/div>\n\t\t\t\t<div class=\"elementor-element elementor-element-ca1e63b elementor-align-center elementor-widget elementor-widget-button\" data-id=\"ca1e63b\" data-element_type=\"widget\" data-e-type=\"widget\" data-widget_type=\"button.default\">\n\t\t\t\t<div class=\"elementor-widget-container\">\n\t\t\t\t\t\t\t\t\t<div class=\"elementor-button-wrapper\">\n\t\t\t\t\t<a class=\"elementor-button elementor-button-link elementor-size-sm\" href=\"\/es\/contact\/\">\n\t\t\t\t\t\t<span class=\"elementor-button-content-wrapper\">\n\t\t\t\t\t\t\t\t\t<span class=\"elementor-button-text\">P\u00f3ngase en contacto<\/span>\n\t\t\t\t\t<\/span>\n\t\t\t\t\t<\/a>\n\t\t\t\t<\/div>\n\t\t\t\t\t\t\t\t<\/div>\n\t\t\t\t<\/div>\n\t\t\t\t\t<\/div>\n\t\t\t\t<\/div>\n\t\t\t\t<\/div>","protected":false},"excerpt":{"rendered":"<p>Beverage Services Are Part Of Our History We Know Beverage InnoServ\u2122 got its start over 50 years ago servicing juice machines. Our beverage equipment expertise has only expanded since then taking on coffee, iced tea, and espresso machines to name a few. What hasn\u2019t changed is our commitment to providing the best service in the [&hellip;]<\/p>\n","protected":false},"author":1,"featured_media":0,"parent":60,"menu_order":0,"comment_status":"closed","ping_status":"closed","template":"","meta":{"footnotes":""},"class_list":["post-559","page","type-page","status-publish","hentry"],"yoast_head":"<!-- This site is optimized with the Yoast SEO plugin v27.1.1 - https:\/\/yoast.com\/product\/yoast-seo-wordpress\/ -->\n<title>Beverage - InnoServ Solutions, LLC.<\/title>\n<meta name=\"robots\" content=\"index, follow, max-snippet:-1, max-image-preview:large, max-video-preview:-1\" \/>\n<link rel=\"canonical\" href=\"https:\/\/innoserv.com\/es\/services\/beverage\/\" \/>\n<meta property=\"og:locale\" content=\"es_MX\" \/>\n<meta property=\"og:type\" content=\"article\" \/>\n<meta property=\"og:title\" content=\"Beverage - InnoServ Solutions, LLC.\" \/>\n<meta property=\"og:description\" content=\"Beverage Services Are Part Of Our History We Know Beverage InnoServ\u2122 got its start over 50 years ago servicing juice machines. Our beverage equipment expertise has only expanded since then taking on coffee, iced tea, and espresso machines to name a few. What hasn\u2019t changed is our commitment to providing the best service in the [&hellip;]\" \/>\n<meta property=\"og:url\" content=\"https:\/\/innoserv.com\/es\/services\/beverage\/\" \/>\n<meta property=\"og:site_name\" content=\"InnoServ Solutions, LLC.\" \/>\n<meta property=\"article:publisher\" content=\"https:\/\/www.facebook.com\/innoservsolutions\" \/>\n<meta property=\"article:modified_time\" content=\"2025-03-06T14:29:42+00:00\" \/>\n<meta property=\"og:image\" content=\"https:\/\/innoserv.com\/wp-content\/uploads\/2025\/03\/ArrayProductonShelfBroll.00_02_00_07-1024x576.webp\" \/>\n<meta name=\"twitter:card\" content=\"summary_large_image\" \/>\n<meta name=\"twitter:label1\" content=\"Est. reading time\" \/>\n\t<meta name=\"twitter:data1\" content=\"2 minutes\" \/>\n<script type=\"application\/ld+json\" class=\"yoast-schema-graph\">{\"@context\":\"https:\/\/schema.org\",\"@graph\":[{\"@type\":\"WebPage\",\"@id\":\"https:\/\/innoserv.com\/fr\/services\/beverage\/\",\"url\":\"https:\/\/innoserv.com\/fr\/services\/beverage\/\",\"name\":\"Beverage - InnoServ Solutions, LLC.\",\"isPartOf\":{\"@id\":\"https:\/\/innoserv.com\/#website\"},\"primaryImageOfPage\":{\"@id\":\"https:\/\/innoserv.com\/fr\/services\/beverage\/#primaryimage\"},\"image\":{\"@id\":\"https:\/\/innoserv.com\/fr\/services\/beverage\/#primaryimage\"},\"thumbnailUrl\":\"https:\/\/innoserv.com\/wp-content\/uploads\/2025\/03\/ArrayProductonShelfBroll.00_02_00_07-1024x576.webp\",\"datePublished\":\"2025-03-06T14:23:06+00:00\",\"dateModified\":\"2025-03-06T14:29:42+00:00\",\"breadcrumb\":{\"@id\":\"https:\/\/innoserv.com\/fr\/services\/beverage\/#breadcrumb\"},\"inLanguage\":\"es-MX\",\"potentialAction\":[{\"@type\":\"ReadAction\",\"target\":[\"https:\/\/innoserv.com\/fr\/services\/beverage\/\"]}]},{\"@type\":\"ImageObject\",\"inLanguage\":\"es-MX\",\"@id\":\"https:\/\/innoserv.com\/fr\/services\/beverage\/#primaryimage\",\"url\":\"https:\/\/innoserv.com\/wp-content\/uploads\/2025\/03\/ArrayProductonShelfBroll.00_02_00_07-1024x576.webp\",\"contentUrl\":\"https:\/\/innoserv.com\/wp-content\/uploads\/2025\/03\/ArrayProductonShelfBroll.00_02_00_07-1024x576.webp\"},{\"@type\":\"BreadcrumbList\",\"@id\":\"https:\/\/innoserv.com\/fr\/services\/beverage\/#breadcrumb\",\"itemListElement\":[{\"@type\":\"ListItem\",\"position\":1,\"name\":\"Home\",\"item\":\"https:\/\/innoserv.com\/\"},{\"@type\":\"ListItem\",\"position\":2,\"name\":\"Services\",\"item\":\"https:\/\/innoserv.com\/fr\/services\/\"},{\"@type\":\"ListItem\",\"position\":3,\"name\":\"Beverage\"}]},{\"@type\":\"WebSite\",\"@id\":\"https:\/\/innoserv.com\/#website\",\"url\":\"https:\/\/innoserv.com\/\",\"name\":\"InnoServ, LLC.\",\"description\":\"\",\"publisher\":{\"@id\":\"https:\/\/innoserv.com\/#organization\"},\"potentialAction\":[{\"@type\":\"SearchAction\",\"target\":{\"@type\":\"EntryPoint\",\"urlTemplate\":\"https:\/\/innoserv.com\/?s={search_term_string}\"},\"query-input\":{\"@type\":\"PropertyValueSpecification\",\"valueRequired\":true,\"valueName\":\"search_term_string\"}}],\"inLanguage\":\"es-MX\"},{\"@type\":\"Organization\",\"@id\":\"https:\/\/innoserv.com\/#organization\",\"name\":\"InnoServ, LLC.\",\"url\":\"https:\/\/innoserv.com\/\",\"logo\":{\"@type\":\"ImageObject\",\"inLanguage\":\"es-MX\",\"@id\":\"https:\/\/innoserv.com\/#\/schema\/logo\/image\/\",\"url\":\"https:\/\/innoserv.com\/wp-content\/uploads\/2025\/01\/BGInnoServLogowithTagline.webp\",\"contentUrl\":\"https:\/\/innoserv.com\/wp-content\/uploads\/2025\/01\/BGInnoServLogowithTagline.webp\",\"width\":1500,\"height\":397,\"caption\":\"InnoServ, LLC.\"},\"image\":{\"@id\":\"https:\/\/innoserv.com\/#\/schema\/logo\/image\/\"},\"sameAs\":[\"https:\/\/www.facebook.com\/innoservsolutions\",\"https:\/\/www.linkedin.com\/company\/innoserv-solutions\/posts\/?feedView=all\"]}]}<\/script>\n<!-- \/ Yoast SEO plugin. -->","yoast_head_json":{"title":"Bebidas - InnoServ Solutions, LLC.","robots":{"index":"index","follow":"follow","max-snippet":"max-snippet:-1","max-image-preview":"max-image-preview:large","max-video-preview":"max-video-preview:-1"},"canonical":"https:\/\/innoserv.com\/es\/services\/beverage\/","og_locale":"es_MX","og_type":"article","og_title":"Beverage - InnoServ Solutions, LLC.","og_description":"Beverage Services Are Part Of Our History We Know Beverage InnoServ\u2122 got its start over 50 years ago servicing juice machines. Our beverage equipment expertise has only expanded since then taking on coffee, iced tea, and espresso machines to name a few. What hasn\u2019t changed is our commitment to providing the best service in the [&hellip;]","og_url":"https:\/\/innoserv.com\/es\/services\/beverage\/","og_site_name":"InnoServ Solutions, LLC.","article_publisher":"https:\/\/www.facebook.com\/innoservsolutions","article_modified_time":"2025-03-06T14:29:42+00:00","og_image":[{"url":"https:\/\/innoserv.com\/wp-content\/uploads\/2025\/03\/ArrayProductonShelfBroll.00_02_00_07-1024x576.webp","type":"","width":"","height":""}],"twitter_card":"summary_large_image","twitter_misc":{"Est. reading time":"2 minutes"},"schema":{"@context":"https:\/\/schema.org","@graph":[{"@type":"WebPage","@id":"https:\/\/innoserv.com\/fr\/services\/beverage\/","url":"https:\/\/innoserv.com\/fr\/services\/beverage\/","name":"Bebidas - InnoServ Solutions, LLC.","isPartOf":{"@id":"https:\/\/innoserv.com\/#website"},"primaryImageOfPage":{"@id":"https:\/\/innoserv.com\/fr\/services\/beverage\/#primaryimage"},"image":{"@id":"https:\/\/innoserv.com\/fr\/services\/beverage\/#primaryimage"},"thumbnailUrl":"https:\/\/innoserv.com\/wp-content\/uploads\/2025\/03\/ArrayProductonShelfBroll.00_02_00_07-1024x576.webp","datePublished":"2025-03-06T14:23:06+00:00","dateModified":"2025-03-06T14:29:42+00:00","breadcrumb":{"@id":"https:\/\/innoserv.com\/fr\/services\/beverage\/#breadcrumb"},"inLanguage":"es-MX","potentialAction":[{"@type":"ReadAction","target":["https:\/\/innoserv.com\/fr\/services\/beverage\/"]}]},{"@type":"ImageObject","inLanguage":"es-MX","@id":"https:\/\/innoserv.com\/fr\/services\/beverage\/#primaryimage","url":"https:\/\/innoserv.com\/wp-content\/uploads\/2025\/03\/ArrayProductonShelfBroll.00_02_00_07-1024x576.webp","contentUrl":"https:\/\/innoserv.com\/wp-content\/uploads\/2025\/03\/ArrayProductonShelfBroll.00_02_00_07-1024x576.webp"},{"@type":"BreadcrumbList","@id":"https:\/\/innoserv.com\/fr\/services\/beverage\/#breadcrumb","itemListElement":[{"@type":"ListItem","position":1,"name":"Home","item":"https:\/\/innoserv.com\/"},{"@type":"ListItem","position":2,"name":"Services","item":"https:\/\/innoserv.com\/fr\/services\/"},{"@type":"ListItem","position":3,"name":"Beverage"}]},{"@type":"WebSite","@id":"https:\/\/innoserv.com\/#website","url":"https:\/\/innoserv.com\/","name":"InnoServ, S.L.","description":"","publisher":{"@id":"https:\/\/innoserv.com\/#organization"},"potentialAction":[{"@type":"SearchAction","target":{"@type":"EntryPoint","urlTemplate":"https:\/\/innoserv.com\/?s={search_term_string}"},"query-input":{"@type":"PropertyValueSpecification","valueRequired":true,"valueName":"search_term_string"}}],"inLanguage":"es-MX"},{"@type":"Organization","@id":"https:\/\/innoserv.com\/#organization","name":"InnoServ, S.L.","url":"https:\/\/innoserv.com\/","logo":{"@type":"ImageObject","inLanguage":"es-MX","@id":"https:\/\/innoserv.com\/#\/schema\/logo\/image\/","url":"https:\/\/innoserv.com\/wp-content\/uploads\/2025\/01\/BGInnoServLogowithTagline.webp","contentUrl":"https:\/\/innoserv.com\/wp-content\/uploads\/2025\/01\/BGInnoServLogowithTagline.webp","width":1500,"height":397,"caption":"InnoServ, LLC."},"image":{"@id":"https:\/\/innoserv.com\/#\/schema\/logo\/image\/"},"sameAs":["https:\/\/www.facebook.com\/innoservsolutions","https:\/\/www.linkedin.com\/company\/innoserv-solutions\/posts\/?feedView=all"]}]}},"_links":{"self":[{"href":"https:\/\/innoserv.com\/es\/wp-json\/wp\/v2\/pages\/559","targetHints":{"allow":["GET"]}}],"collection":[{"href":"https:\/\/innoserv.com\/es\/wp-json\/wp\/v2\/pages"}],"about":[{"href":"https:\/\/innoserv.com\/es\/wp-json\/wp\/v2\/types\/page"}],"author":[{"embeddable":true,"href":"https:\/\/innoserv.com\/es\/wp-json\/wp\/v2\/users\/1"}],"replies":[{"embeddable":true,"href":"https:\/\/innoserv.com\/es\/wp-json\/wp\/v2\/comments?post=559"}],"version-history":[{"count":7,"href":"https:\/\/innoserv.com\/es\/wp-json\/wp\/v2\/pages\/559\/revisions"}],"predecessor-version":[{"id":571,"href":"https:\/\/innoserv.com\/es\/wp-json\/wp\/v2\/pages\/559\/revisions\/571"}],"up":[{"embeddable":true,"href":"https:\/\/innoserv.com\/es\/wp-json\/wp\/v2\/pages\/60"}],"wp:attachment":[{"href":"https:\/\/innoserv.com\/es\/wp-json\/wp\/v2\/media?parent=559"}],"curies":[{"name":"wp","href":"https:\/\/api.w.org\/{rel}","templated":true}]}}