{"id":65,"date":"2025-01-23T15:31:37","date_gmt":"2025-01-23T15:31:37","guid":{"rendered":"https:\/\/dev-innoserv.pantheonsite.io\/?page_id=65"},"modified":"2025-03-19T13:54:38","modified_gmt":"2025-03-19T13:54:38","slug":"products","status":"publish","type":"page","link":"https:\/\/innoserv.com\/es\/products\/","title":{"rendered":"Productos"},"content":{"rendered":"<div data-elementor-type=\"wp-page\" data-elementor-id=\"65\" class=\"elementor elementor-65\" data-elementor-post-type=\"page\">\n\t\t\t\t<div data-particle_enable=\"false\" data-particle-mobile-disabled=\"false\" class=\"elementor-element elementor-element-bce845f e-flex e-con-boxed e-con e-parent\" data-id=\"bce845f\" data-element_type=\"container\" data-e-type=\"container\" data-settings=\"{&quot;background_background&quot;:&quot;classic&quot;}\">\n\t\t\t\t\t<div class=\"e-con-inner\">\n\t\t\t\t\t<\/div>\n\t\t\t\t<\/div>\n\t\t<div data-particle_enable=\"false\" data-particle-mobile-disabled=\"false\" class=\"elementor-element elementor-element-5a58513 e-flex e-con-boxed e-con e-parent\" data-id=\"5a58513\" data-element_type=\"container\" data-e-type=\"container\">\n\t\t\t\t\t<div class=\"e-con-inner\">\n\t\t\t\t<div class=\"elementor-element elementor-element-19f2d77 elementor-widget elementor-widget-heading\" data-id=\"19f2d77\" data-element_type=\"widget\" data-e-type=\"widget\" data-widget_type=\"heading.default\">\n\t\t\t\t<div class=\"elementor-widget-container\">\n\t\t\t\t\t<h1 class=\"elementor-heading-title elementor-size-default\">Soluciones de alta calidad<\/h1>\t\t\t\t<\/div>\n\t\t\t\t<\/div>\n\t\t\t\t<div class=\"elementor-element elementor-element-b8826df elementor-widget elementor-widget-text-editor\" data-id=\"b8826df\" data-element_type=\"widget\" data-e-type=\"widget\" data-widget_type=\"text-editor.default\">\n\t\t\t\t<div class=\"elementor-widget-container\">\n\t\t\t\t\t\t\t\t\t<p>Recomendamos las siguientes marcas para sus bebidas y soluciones qu\u00edmicas. Disponibles para pedidos c\u00f3modos a trav\u00e9s de Gordon Food Service\u00ae.<\/p>\t\t\t\t\t\t\t\t<\/div>\n\t\t\t\t<\/div>\n\t\t\t\t\t<\/div>\n\t\t\t\t<\/div>\n\t\t<div data-particle_enable=\"false\" data-particle-mobile-disabled=\"false\" class=\"elementor-element elementor-element-db5227a e-flex e-con-boxed e-con e-parent\" data-id=\"db5227a\" data-element_type=\"container\" data-e-type=\"container\">\n\t\t\t\t\t<div class=\"e-con-inner\">\n\t\t<div data-particle_enable=\"false\" data-particle-mobile-disabled=\"false\" class=\"elementor-element elementor-element-a335370 e-con-full e-flex e-con e-child\" data-id=\"a335370\" data-element_type=\"container\" data-e-type=\"container\">\n\t\t<div data-particle_enable=\"false\" data-particle-mobile-disabled=\"false\" class=\"elementor-element elementor-element-37ea721 e-con-full e-flex e-con e-child\" data-id=\"37ea721\" data-element_type=\"container\" data-e-type=\"container\">\n\t\t\t\t<div class=\"elementor-element elementor-element-212756b elementor-widget elementor-widget-image\" data-id=\"212756b\" data-element_type=\"widget\" data-e-type=\"widget\" data-widget_type=\"image.default\">\n\t\t\t\t<div class=\"elementor-widget-container\">\n\t\t\t\t\t\t\t\t\t\t\t\t\t\t\t<img fetchpriority=\"high\" decoding=\"async\" width=\"800\" height=\"531\" src=\"https:\/\/innoserv.com\/wp-content\/uploads\/2025\/02\/Arraytest-1024x680.jpg\" class=\"attachment-large size-large wp-image-471\" alt=\"\" srcset=\"https:\/\/innoserv.com\/wp-content\/uploads\/2025\/02\/Arraytest-1024x680.jpg 1024w, https:\/\/innoserv.com\/wp-content\/uploads\/2025\/02\/Arraytest-300x199.jpg 300w, https:\/\/innoserv.com\/wp-content\/uploads\/2025\/02\/Arraytest-768x510.jpg 768w, https:\/\/innoserv.com\/wp-content\/uploads\/2025\/02\/Arraytest.jpg 1500w\" sizes=\"(max-width: 800px) 100vw, 800px\" \/>\t\t\t\t\t\t\t\t\t\t\t\t\t\t\t<\/div>\n\t\t\t\t<\/div>\n\t\t\t\t<div class=\"elementor-element elementor-element-e65a399 elementor-widget elementor-widget-heading\" data-id=\"e65a399\" data-element_type=\"widget\" data-e-type=\"widget\" data-widget_type=\"heading.default\">\n\t\t\t\t<div class=\"elementor-widget-container\">\n\t\t\t\t\t<h3 class=\"elementor-heading-title elementor-size-default\">Array<\/h3>\t\t\t\t<\/div>\n\t\t\t\t<\/div>\n\t\t\t\t<div class=\"elementor-element elementor-element-9c0942c elementor-widget elementor-widget-text-editor\" data-id=\"9c0942c\" data-element_type=\"widget\" data-e-type=\"widget\" data-widget_type=\"text-editor.default\">\n\t\t\t\t<div class=\"elementor-widget-container\">\n\t\t\t\t\t\t\t\t\t<p>Una gama completa de productos de limpieza que ofrece los m\u00e1s altos niveles de limpieza e higiene en todas las aplicaciones. Con envases multiling\u00fces, iconos y diferenciaci\u00f3n por colores, estos productos son f\u00e1ciles de usar y eficaces para mantener un funcionamiento impecable.<\/p>\t\t\t\t\t\t\t\t<\/div>\n\t\t\t\t<\/div>\n\t\t\t\t<\/div>\n\t\t\t\t<div class=\"elementor-element elementor-element-ab5cc5e elementor-widget elementor-widget-button\" data-id=\"ab5cc5e\" data-element_type=\"widget\" data-e-type=\"widget\" data-widget_type=\"button.default\">\n\t\t\t\t<div class=\"elementor-widget-container\">\n\t\t\t\t\t\t\t\t\t<div class=\"elementor-button-wrapper\">\n\t\t\t\t\t<a class=\"elementor-button elementor-button-link elementor-size-sm\" href=\"\/es\/array\/\">\n\t\t\t\t\t\t<span class=\"elementor-button-content-wrapper\">\n\t\t\t\t\t\t\t\t\t<span class=\"elementor-button-text\">M\u00e1s informaci\u00f3n<\/span>\n\t\t\t\t\t<\/span>\n\t\t\t\t\t<\/a>\n\t\t\t\t<\/div>\n\t\t\t\t\t\t\t\t<\/div>\n\t\t\t\t<\/div>\n\t\t\t\t<\/div>\n\t\t<div data-particle_enable=\"false\" data-particle-mobile-disabled=\"false\" class=\"elementor-element elementor-element-02b3ea6 e-con-full e-flex e-con e-child\" data-id=\"02b3ea6\" data-element_type=\"container\" data-e-type=\"container\">\n\t\t<div data-particle_enable=\"false\" data-particle-mobile-disabled=\"false\" class=\"elementor-element elementor-element-e2faed9 e-con-full e-flex e-con e-child\" data-id=\"e2faed9\" data-element_type=\"container\" data-e-type=\"container\">\n\t\t\t\t<div class=\"elementor-element elementor-element-bae2245 elementor-widget elementor-widget-image\" data-id=\"bae2245\" data-element_type=\"widget\" data-e-type=\"widget\" data-widget_type=\"image.default\">\n\t\t\t\t<div class=\"elementor-widget-container\">\n\t\t\t\t\t\t\t\t\t\t\t\t\t\t\t<img decoding=\"async\" width=\"800\" height=\"800\" src=\"https:\/\/innoserv.com\/wp-content\/uploads\/2025\/02\/Mosaictest-1024x1024.jpg\" class=\"attachment-large size-large wp-image-472\" alt=\"\" srcset=\"https:\/\/innoserv.com\/wp-content\/uploads\/2025\/02\/Mosaictest-1024x1024.jpg 1024w, https:\/\/innoserv.com\/wp-content\/uploads\/2025\/02\/Mosaictest-300x300.jpg 300w, https:\/\/innoserv.com\/wp-content\/uploads\/2025\/02\/Mosaictest-150x150.jpg 150w, https:\/\/innoserv.com\/wp-content\/uploads\/2025\/02\/Mosaictest-768x768.jpg 768w, https:\/\/innoserv.com\/wp-content\/uploads\/2025\/02\/Mosaictest.jpg 1500w\" sizes=\"(max-width: 800px) 100vw, 800px\" \/>\t\t\t\t\t\t\t\t\t\t\t\t\t\t\t<\/div>\n\t\t\t\t<\/div>\n\t\t\t\t<div class=\"elementor-element elementor-element-101d8f5 elementor-widget elementor-widget-heading\" data-id=\"101d8f5\" data-element_type=\"widget\" data-e-type=\"widget\" data-widget_type=\"heading.default\">\n\t\t\t\t<div class=\"elementor-widget-container\">\n\t\t\t\t\t<h3 class=\"elementor-heading-title elementor-size-default\">Caf\u00e9 y t\u00e9 Mosaic<\/h3>\t\t\t\t<\/div>\n\t\t\t\t<\/div>\n\t\t\t\t<div class=\"elementor-element elementor-element-293ad90 elementor-widget elementor-widget-text-editor\" data-id=\"293ad90\" data-element_type=\"widget\" data-e-type=\"widget\" data-widget_type=\"text-editor.default\">\n\t\t\t\t<div class=\"elementor-widget-container\">\n\t\t\t\t\t\t\t\t\t<p>Disponible en grano entero o molido y en paquetes preporcionados o monodosis. Mosaic Coffee se mezcla ahora con granos de Thrive Farmer, que utiliza un proceso directo con el agricultor que proporciona tres veces m\u00e1s ingresos a los cultivadores que otros caf\u00e9s de comercio justo.<\/p>\t\t\t\t\t\t\t\t<\/div>\n\t\t\t\t<\/div>\n\t\t\t\t<\/div>\n\t\t\t\t<div class=\"elementor-element elementor-element-1e80184 elementor-mobile-align-center elementor-widget elementor-widget-button\" data-id=\"1e80184\" data-element_type=\"widget\" data-e-type=\"widget\" data-widget_type=\"button.default\">\n\t\t\t\t<div class=\"elementor-widget-container\">\n\t\t\t\t\t\t\t\t\t<div class=\"elementor-button-wrapper\">\n\t\t\t\t\t<a class=\"elementor-button elementor-button-link elementor-size-sm\" href=\"\/es\/mosaic\/\">\n\t\t\t\t\t\t<span class=\"elementor-button-content-wrapper\">\n\t\t\t\t\t\t\t\t\t<span class=\"elementor-button-text\">M\u00e1s informaci\u00f3n<\/span>\n\t\t\t\t\t<\/span>\n\t\t\t\t\t<\/a>\n\t\t\t\t<\/div>\n\t\t\t\t\t\t\t\t<\/div>\n\t\t\t\t<\/div>\n\t\t\t\t<\/div>\n\t\t<div data-particle_enable=\"false\" data-particle-mobile-disabled=\"false\" class=\"elementor-element elementor-element-7edbe69 e-con-full e-flex e-con e-child\" data-id=\"7edbe69\" data-element_type=\"container\" data-e-type=\"container\">\n\t\t<div data-particle_enable=\"false\" data-particle-mobile-disabled=\"false\" class=\"elementor-element elementor-element-3a057ec e-con-full e-flex e-con e-child\" data-id=\"3a057ec\" data-element_type=\"container\" data-e-type=\"container\">\n\t\t\t\t<div class=\"elementor-element elementor-element-09f0566 elementor-widget elementor-widget-image\" data-id=\"09f0566\" data-element_type=\"widget\" data-e-type=\"widget\" data-widget_type=\"image.default\">\n\t\t\t\t<div class=\"elementor-widget-container\">\n\t\t\t\t\t\t\t\t\t\t\t\t\t\t\t<img decoding=\"async\" width=\"800\" height=\"599\" src=\"https:\/\/innoserv.com\/wp-content\/uploads\/2025\/02\/HVtest-1024x767.jpg\" class=\"attachment-large size-large wp-image-473\" alt=\"\" srcset=\"https:\/\/innoserv.com\/wp-content\/uploads\/2025\/02\/HVtest-1024x767.jpg 1024w, https:\/\/innoserv.com\/wp-content\/uploads\/2025\/02\/HVtest-300x225.jpg 300w, https:\/\/innoserv.com\/wp-content\/uploads\/2025\/02\/HVtest-768x575.jpg 768w, https:\/\/innoserv.com\/wp-content\/uploads\/2025\/02\/HVtest.jpg 1500w\" sizes=\"(max-width: 800px) 100vw, 800px\" \/>\t\t\t\t\t\t\t\t\t\t\t\t\t\t\t<\/div>\n\t\t\t\t<\/div>\n\t\t\t\t<div class=\"elementor-element elementor-element-b0755d8 elementor-widget elementor-widget-heading\" data-id=\"b0755d8\" data-element_type=\"widget\" data-e-type=\"widget\" data-widget_type=\"heading.default\">\n\t\t\t\t<div class=\"elementor-widget-container\">\n\t\t\t\t\t<h3 class=\"elementor-heading-title elementor-size-default\">Zumos Harvest Valley<\/h3>\t\t\t\t<\/div>\n\t\t\t\t<\/div>\n\t\t\t\t<div class=\"elementor-element elementor-element-07dd737 elementor-widget elementor-widget-text-editor\" data-id=\"07dd737\" data-element_type=\"widget\" data-e-type=\"widget\" data-widget_type=\"text-editor.default\">\n\t\t\t\t<div class=\"elementor-widget-container\">\n\t\t\t\t\t\t\t\t\t<p>Nuestra l\u00ednea de zumos Harvest Valley ofrece zumos y mezclas de zumos de alta calidad listos para beber y para dispensar en el establecimiento. Con una gran variedad de sabores y opciones de equipamiento, estamos seguros de que tanto usted como sus clientes se refrescar\u00e1n y volver\u00e1n a por m\u00e1s.<\/p>\t\t\t\t\t\t\t\t<\/div>\n\t\t\t\t<\/div>\n\t\t\t\t<\/div>\n\t\t\t\t<div class=\"elementor-element elementor-element-a357602 elementor-mobile-align-center elementor-widget elementor-widget-button\" data-id=\"a357602\" data-element_type=\"widget\" data-e-type=\"widget\" data-widget_type=\"button.default\">\n\t\t\t\t<div class=\"elementor-widget-container\">\n\t\t\t\t\t\t\t\t\t<div class=\"elementor-button-wrapper\">\n\t\t\t\t\t<a class=\"elementor-button elementor-button-link elementor-size-sm\" href=\"\/es\/harvest-valley\/\">\n\t\t\t\t\t\t<span class=\"elementor-button-content-wrapper\">\n\t\t\t\t\t\t\t\t\t<span class=\"elementor-button-text\">M\u00e1s informaci\u00f3n<\/span>\n\t\t\t\t\t<\/span>\n\t\t\t\t\t<\/a>\n\t\t\t\t<\/div>\n\t\t\t\t\t\t\t\t<\/div>\n\t\t\t\t<\/div>\n\t\t\t\t<\/div>\n\t\t\t\t\t<\/div>\n\t\t\t\t<\/div>\n\t\t<div data-particle_enable=\"false\" data-particle-mobile-disabled=\"false\" class=\"elementor-element elementor-element-b13ff35 e-con-full e-flex e-con e-parent\" data-id=\"b13ff35\" data-element_type=\"container\" data-e-type=\"container\">\n\t\t\t\t<div class=\"elementor-element elementor-element-18e9298 elementor-widget elementor-widget-image\" data-id=\"18e9298\" data-element_type=\"widget\" data-e-type=\"widget\" data-widget_type=\"image.default\">\n\t\t\t\t<div class=\"elementor-widget-container\">\n\t\t\t\t\t\t\t\t\t\t\t\t\t\t\t<img loading=\"lazy\" decoding=\"async\" width=\"800\" height=\"307\" src=\"https:\/\/innoserv.com\/wp-content\/uploads\/2025\/02\/leasebanner-1024x393.jpg\" class=\"attachment-large size-large wp-image-480\" alt=\"\" srcset=\"https:\/\/innoserv.com\/wp-content\/uploads\/2025\/02\/leasebanner-1024x393.jpg 1024w, https:\/\/innoserv.com\/wp-content\/uploads\/2025\/02\/leasebanner-300x115.jpg 300w, https:\/\/innoserv.com\/wp-content\/uploads\/2025\/02\/leasebanner-768x295.jpg 768w, https:\/\/innoserv.com\/wp-content\/uploads\/2025\/02\/leasebanner-1536x590.jpg 1536w, https:\/\/innoserv.com\/wp-content\/uploads\/2025\/02\/leasebanner-2048x787.jpg 2048w\" sizes=\"(max-width: 800px) 100vw, 800px\" \/>\t\t\t\t\t\t\t\t\t\t\t\t\t\t\t<\/div>\n\t\t\t\t<\/div>\n\t\t\t\t<\/div>\n\t\t<div data-particle_enable=\"false\" data-particle-mobile-disabled=\"false\" class=\"elementor-element elementor-element-94f9fd1 e-flex e-con-boxed e-con e-parent\" data-id=\"94f9fd1\" data-element_type=\"container\" data-e-type=\"container\">\n\t\t\t\t\t<div class=\"e-con-inner\">\n\t\t\t\t<div class=\"elementor-element elementor-element-c9dada8 elementor-widget elementor-widget-heading\" data-id=\"c9dada8\" data-element_type=\"widget\" data-e-type=\"widget\" data-widget_type=\"heading.default\">\n\t\t\t\t<div class=\"elementor-widget-container\">\n\t\t\t\t\t<h3 class=\"elementor-heading-title elementor-size-default\">Tranquilidad<\/h3>\t\t\t\t<\/div>\n\t\t\t\t<\/div>\n\t\t\t\t<div class=\"elementor-element elementor-element-6d97180 elementor-widget__width-initial elementor-widget elementor-widget-text-editor\" data-id=\"6d97180\" data-element_type=\"widget\" data-e-type=\"widget\" data-widget_type=\"text-editor.default\">\n\t\t\t\t<div class=\"elementor-widget-container\">\n\t\t\t\t\t\t\t\t\t<p>InnoServ tiene una amplia variedad de opciones de lavavajillas comerciales para adaptarse a su espacio. Al alquilar una m\u00e1quina a trav\u00e9s de nosotros, usted puede centrarse en los aspectos importantes de la gesti\u00f3n de su negocio, con la seguridad de que sus necesidades de lavado se est\u00e1n cumpliendo con el servicio oportuno, mantenimiento preventivo proactivo, y un costo mensual fijo de la m\u00e1quina.<\/p>\t\t\t\t\t\t\t\t<\/div>\n\t\t\t\t<\/div>\n\t\t\t\t<div class=\"elementor-element elementor-element-a9477da elementor-align-center elementor-widget elementor-widget-button\" data-id=\"a9477da\" data-element_type=\"widget\" data-e-type=\"widget\" data-widget_type=\"button.default\">\n\t\t\t\t<div class=\"elementor-widget-container\">\n\t\t\t\t\t\t\t\t\t<div class=\"elementor-button-wrapper\">\n\t\t\t\t\t<a class=\"elementor-button elementor-button-link elementor-size-sm\" href=\"\/wp-content\/uploads\/2025\/02\/InnoServEquipmentLease_.pdf\" target=\"_blank\">\n\t\t\t\t\t\t<span class=\"elementor-button-content-wrapper\">\n\t\t\t\t\t\t\t\t\t<span class=\"elementor-button-text\">M\u00e1s informaci\u00f3n<\/span>\n\t\t\t\t\t<\/span>\n\t\t\t\t\t<\/a>\n\t\t\t\t<\/div>\n\t\t\t\t\t\t\t\t<\/div>\n\t\t\t\t<\/div>\n\t\t\t\t<div class=\"elementor-element elementor-element-ac0fcb2 elementor-widget-divider--view-line elementor-widget elementor-widget-divider\" data-id=\"ac0fcb2\" data-element_type=\"widget\" data-e-type=\"widget\" data-widget_type=\"divider.default\">\n\t\t\t\t<div class=\"elementor-widget-container\">\n\t\t\t\t\t\t\t<div class=\"elementor-divider\">\n\t\t\t<span class=\"elementor-divider-separator\">\n\t\t\t\t\t\t<\/span>\n\t\t<\/div>\n\t\t\t\t\t\t<\/div>\n\t\t\t\t<\/div>\n\t\t\t\t\t<\/div>\n\t\t\t\t<\/div>\n\t\t\t\t<\/div>","protected":false},"excerpt":{"rendered":"<p>High-Quality Solutions We recommend the following brands for your beverage and chemical solutions. Available for convenient ordering through Gordon Food Service\u00ae. Array\u00ae A full range of cleaning products delivering the highest standards of cleaning and sanitation in every application. With multi-lingual packaging, icons, and color-differentiation, these products are easy to use and effective for maintaining [&hellip;]<\/p>\n","protected":false},"author":1,"featured_media":0,"parent":0,"menu_order":0,"comment_status":"closed","ping_status":"closed","template":"","meta":{"footnotes":""},"class_list":["post-65","page","type-page","status-publish","hentry"],"yoast_head":"<!-- This site is optimized with the Yoast SEO plugin v27.1.1 - https:\/\/yoast.com\/product\/yoast-seo-wordpress\/ -->\n<title>Products - InnoServ Solutions, LLC.<\/title>\n<meta name=\"robots\" content=\"index, follow, max-snippet:-1, max-image-preview:large, max-video-preview:-1\" \/>\n<link rel=\"canonical\" href=\"https:\/\/innoserv.com\/es\/products\/\" \/>\n<meta property=\"og:locale\" content=\"es_MX\" \/>\n<meta property=\"og:type\" content=\"article\" \/>\n<meta property=\"og:title\" content=\"Products - InnoServ Solutions, LLC.\" \/>\n<meta property=\"og:description\" content=\"High-Quality Solutions We recommend the following brands for your beverage and chemical solutions. Available for convenient ordering through Gordon Food Service\u00ae. Array\u00ae A full range of cleaning products delivering the highest standards of cleaning and sanitation in every application. With multi-lingual packaging, icons, and color-differentiation, these products are easy to use and effective for maintaining [&hellip;]\" \/>\n<meta property=\"og:url\" content=\"https:\/\/innoserv.com\/es\/products\/\" \/>\n<meta property=\"og:site_name\" content=\"InnoServ Solutions, LLC.\" \/>\n<meta property=\"article:publisher\" content=\"https:\/\/www.facebook.com\/innoservsolutions\" \/>\n<meta property=\"article:modified_time\" content=\"2025-03-19T13:54:38+00:00\" \/>\n<meta property=\"og:image\" content=\"https:\/\/innoserv.com\/wp-content\/uploads\/2025\/02\/Arraytest-1024x680.jpg\" \/>\n<meta name=\"twitter:card\" content=\"summary_large_image\" \/>\n<meta name=\"twitter:label1\" content=\"Est. reading time\" \/>\n\t<meta name=\"twitter:data1\" content=\"1 minute\" \/>\n<script type=\"application\/ld+json\" class=\"yoast-schema-graph\">{\"@context\":\"https:\/\/schema.org\",\"@graph\":[{\"@type\":\"WebPage\",\"@id\":\"https:\/\/innoserv.com\/fr\/products\/\",\"url\":\"https:\/\/innoserv.com\/fr\/products\/\",\"name\":\"Products - InnoServ Solutions, LLC.\",\"isPartOf\":{\"@id\":\"https:\/\/innoserv.com\/#website\"},\"primaryImageOfPage\":{\"@id\":\"https:\/\/innoserv.com\/fr\/products\/#primaryimage\"},\"image\":{\"@id\":\"https:\/\/innoserv.com\/fr\/products\/#primaryimage\"},\"thumbnailUrl\":\"https:\/\/innoserv.com\/wp-content\/uploads\/2025\/02\/Arraytest-1024x680.jpg\",\"datePublished\":\"2025-01-23T15:31:37+00:00\",\"dateModified\":\"2025-03-19T13:54:38+00:00\",\"breadcrumb\":{\"@id\":\"https:\/\/innoserv.com\/fr\/products\/#breadcrumb\"},\"inLanguage\":\"es-MX\",\"potentialAction\":[{\"@type\":\"ReadAction\",\"target\":[\"https:\/\/innoserv.com\/fr\/products\/\"]}]},{\"@type\":\"ImageObject\",\"inLanguage\":\"es-MX\",\"@id\":\"https:\/\/innoserv.com\/fr\/products\/#primaryimage\",\"url\":\"https:\/\/innoserv.com\/wp-content\/uploads\/2025\/02\/Arraytest-1024x680.jpg\",\"contentUrl\":\"https:\/\/innoserv.com\/wp-content\/uploads\/2025\/02\/Arraytest-1024x680.jpg\"},{\"@type\":\"BreadcrumbList\",\"@id\":\"https:\/\/innoserv.com\/fr\/products\/#breadcrumb\",\"itemListElement\":[{\"@type\":\"ListItem\",\"position\":1,\"name\":\"Home\",\"item\":\"https:\/\/innoserv.com\/\"},{\"@type\":\"ListItem\",\"position\":2,\"name\":\"Products\"}]},{\"@type\":\"WebSite\",\"@id\":\"https:\/\/innoserv.com\/#website\",\"url\":\"https:\/\/innoserv.com\/\",\"name\":\"InnoServ, LLC.\",\"description\":\"\",\"publisher\":{\"@id\":\"https:\/\/innoserv.com\/#organization\"},\"potentialAction\":[{\"@type\":\"SearchAction\",\"target\":{\"@type\":\"EntryPoint\",\"urlTemplate\":\"https:\/\/innoserv.com\/?s={search_term_string}\"},\"query-input\":{\"@type\":\"PropertyValueSpecification\",\"valueRequired\":true,\"valueName\":\"search_term_string\"}}],\"inLanguage\":\"es-MX\"},{\"@type\":\"Organization\",\"@id\":\"https:\/\/innoserv.com\/#organization\",\"name\":\"InnoServ, LLC.\",\"url\":\"https:\/\/innoserv.com\/\",\"logo\":{\"@type\":\"ImageObject\",\"inLanguage\":\"es-MX\",\"@id\":\"https:\/\/innoserv.com\/#\/schema\/logo\/image\/\",\"url\":\"https:\/\/innoserv.com\/wp-content\/uploads\/2025\/01\/BGInnoServLogowithTagline.webp\",\"contentUrl\":\"https:\/\/innoserv.com\/wp-content\/uploads\/2025\/01\/BGInnoServLogowithTagline.webp\",\"width\":1500,\"height\":397,\"caption\":\"InnoServ, LLC.\"},\"image\":{\"@id\":\"https:\/\/innoserv.com\/#\/schema\/logo\/image\/\"},\"sameAs\":[\"https:\/\/www.facebook.com\/innoservsolutions\",\"https:\/\/www.linkedin.com\/company\/innoserv-solutions\/posts\/?feedView=all\"]}]}<\/script>\n<!-- \/ Yoast SEO plugin. -->","yoast_head_json":{"title":"Products - InnoServ Solutions, LLC.","robots":{"index":"index","follow":"follow","max-snippet":"max-snippet:-1","max-image-preview":"max-image-preview:large","max-video-preview":"max-video-preview:-1"},"canonical":"https:\/\/innoserv.com\/es\/products\/","og_locale":"es_MX","og_type":"article","og_title":"Products - InnoServ Solutions, LLC.","og_description":"High-Quality Solutions We recommend the following brands for your beverage and chemical solutions. Available for convenient ordering through Gordon Food Service\u00ae. Array\u00ae A full range of cleaning products delivering the highest standards of cleaning and sanitation in every application. With multi-lingual packaging, icons, and color-differentiation, these products are easy to use and effective for maintaining [&hellip;]","og_url":"https:\/\/innoserv.com\/es\/products\/","og_site_name":"InnoServ Solutions, LLC.","article_publisher":"https:\/\/www.facebook.com\/innoservsolutions","article_modified_time":"2025-03-19T13:54:38+00:00","og_image":[{"url":"https:\/\/innoserv.com\/wp-content\/uploads\/2025\/02\/Arraytest-1024x680.jpg","type":"","width":"","height":""}],"twitter_card":"summary_large_image","twitter_misc":{"Est. reading time":"1 minute"},"schema":{"@context":"https:\/\/schema.org","@graph":[{"@type":"WebPage","@id":"https:\/\/innoserv.com\/fr\/products\/","url":"https:\/\/innoserv.com\/fr\/products\/","name":"Products - InnoServ Solutions, LLC.","isPartOf":{"@id":"https:\/\/innoserv.com\/#website"},"primaryImageOfPage":{"@id":"https:\/\/innoserv.com\/fr\/products\/#primaryimage"},"image":{"@id":"https:\/\/innoserv.com\/fr\/products\/#primaryimage"},"thumbnailUrl":"https:\/\/innoserv.com\/wp-content\/uploads\/2025\/02\/Arraytest-1024x680.jpg","datePublished":"2025-01-23T15:31:37+00:00","dateModified":"2025-03-19T13:54:38+00:00","breadcrumb":{"@id":"https:\/\/innoserv.com\/fr\/products\/#breadcrumb"},"inLanguage":"es-MX","potentialAction":[{"@type":"ReadAction","target":["https:\/\/innoserv.com\/fr\/products\/"]}]},{"@type":"ImageObject","inLanguage":"es-MX","@id":"https:\/\/innoserv.com\/fr\/products\/#primaryimage","url":"https:\/\/innoserv.com\/wp-content\/uploads\/2025\/02\/Arraytest-1024x680.jpg","contentUrl":"https:\/\/innoserv.com\/wp-content\/uploads\/2025\/02\/Arraytest-1024x680.jpg"},{"@type":"BreadcrumbList","@id":"https:\/\/innoserv.com\/fr\/products\/#breadcrumb","itemListElement":[{"@type":"ListItem","position":1,"name":"Home","item":"https:\/\/innoserv.com\/"},{"@type":"ListItem","position":2,"name":"Products"}]},{"@type":"WebSite","@id":"https:\/\/innoserv.com\/#website","url":"https:\/\/innoserv.com\/","name":"InnoServ, S.L.","description":"","publisher":{"@id":"https:\/\/innoserv.com\/#organization"},"potentialAction":[{"@type":"SearchAction","target":{"@type":"EntryPoint","urlTemplate":"https:\/\/innoserv.com\/?s={search_term_string}"},"query-input":{"@type":"PropertyValueSpecification","valueRequired":true,"valueName":"search_term_string"}}],"inLanguage":"es-MX"},{"@type":"Organization","@id":"https:\/\/innoserv.com\/#organization","name":"InnoServ, S.L.","url":"https:\/\/innoserv.com\/","logo":{"@type":"ImageObject","inLanguage":"es-MX","@id":"https:\/\/innoserv.com\/#\/schema\/logo\/image\/","url":"https:\/\/innoserv.com\/wp-content\/uploads\/2025\/01\/BGInnoServLogowithTagline.webp","contentUrl":"https:\/\/innoserv.com\/wp-content\/uploads\/2025\/01\/BGInnoServLogowithTagline.webp","width":1500,"height":397,"caption":"InnoServ, LLC."},"image":{"@id":"https:\/\/innoserv.com\/#\/schema\/logo\/image\/"},"sameAs":["https:\/\/www.facebook.com\/innoservsolutions","https:\/\/www.linkedin.com\/company\/innoserv-solutions\/posts\/?feedView=all"]}]}},"_links":{"self":[{"href":"https:\/\/innoserv.com\/es\/wp-json\/wp\/v2\/pages\/65","targetHints":{"allow":["GET"]}}],"collection":[{"href":"https:\/\/innoserv.com\/es\/wp-json\/wp\/v2\/pages"}],"about":[{"href":"https:\/\/innoserv.com\/es\/wp-json\/wp\/v2\/types\/page"}],"author":[{"embeddable":true,"href":"https:\/\/innoserv.com\/es\/wp-json\/wp\/v2\/users\/1"}],"replies":[{"embeddable":true,"href":"https:\/\/innoserv.com\/es\/wp-json\/wp\/v2\/comments?post=65"}],"version-history":[{"count":22,"href":"https:\/\/innoserv.com\/es\/wp-json\/wp\/v2\/pages\/65\/revisions"}],"predecessor-version":[{"id":1310,"href":"https:\/\/innoserv.com\/es\/wp-json\/wp\/v2\/pages\/65\/revisions\/1310"}],"wp:attachment":[{"href":"https:\/\/innoserv.com\/es\/wp-json\/wp\/v2\/media?parent=65"}],"curies":[{"name":"wp","href":"https:\/\/api.w.org\/{rel}","templated":true}]}}