{"id":75,"date":"2025-01-23T15:32:12","date_gmt":"2025-01-23T15:32:12","guid":{"rendered":"https:\/\/dev-innoserv.pantheonsite.io\/?page_id=75"},"modified":"2026-03-11T13:39:50","modified_gmt":"2026-03-11T13:39:50","slug":"careers","status":"publish","type":"page","link":"https:\/\/innoserv.com\/es\/careers\/","title":{"rendered":"Carreras profesionales"},"content":{"rendered":"<div data-elementor-type=\"wp-page\" data-elementor-id=\"75\" class=\"elementor elementor-75\" data-elementor-post-type=\"page\">\n\t\t\t\t<div data-particle_enable=\"false\" data-particle-mobile-disabled=\"false\" class=\"elementor-element elementor-element-32d3951 e-flex e-con-boxed e-con e-parent\" data-id=\"32d3951\" data-element_type=\"container\" data-e-type=\"container\">\n\t\t\t\t\t<div class=\"e-con-inner\">\n\t\t\t\t<div class=\"elementor-element elementor-element-8cf6683 elementor-widget elementor-widget-heading\" data-id=\"8cf6683\" data-element_type=\"widget\" data-e-type=\"widget\" data-widget_type=\"heading.default\">\n\t\t\t\t<div class=\"elementor-widget-container\">\n\t\t\t\t\t<h1 class=\"elementor-heading-title elementor-size-default\">\u00danete a nuestro equipo<\/h1>\t\t\t\t<\/div>\n\t\t\t\t<\/div>\n\t\t\t\t<div class=\"elementor-element elementor-element-d9b4f19 elementor-widget elementor-widget-image\" data-id=\"d9b4f19\" data-element_type=\"widget\" data-e-type=\"widget\" data-widget_type=\"image.default\">\n\t\t\t\t<div class=\"elementor-widget-container\">\n\t\t\t\t\t\t\t\t\t\t\t\t\t\t\t<img fetchpriority=\"high\" decoding=\"async\" width=\"800\" height=\"534\" src=\"https:\/\/innoserv.com\/wp-content\/uploads\/2025\/02\/HelpWanted-1024x683.jpg\" class=\"attachment-large size-large wp-image-452\" alt=\"\" srcset=\"https:\/\/innoserv.com\/wp-content\/uploads\/2025\/02\/HelpWanted-1024x683.jpg 1024w, https:\/\/innoserv.com\/wp-content\/uploads\/2025\/02\/HelpWanted-300x200.jpg 300w, https:\/\/innoserv.com\/wp-content\/uploads\/2025\/02\/HelpWanted-768x512.jpg 768w, https:\/\/innoserv.com\/wp-content\/uploads\/2025\/02\/HelpWanted-1536x1024.jpg 1536w, https:\/\/innoserv.com\/wp-content\/uploads\/2025\/02\/HelpWanted-2048x1366.jpg 2048w, https:\/\/innoserv.com\/wp-content\/uploads\/2025\/02\/HelpWanted.webp 1920w\" sizes=\"(max-width: 800px) 100vw, 800px\" \/>\t\t\t\t\t\t\t\t\t\t\t\t\t\t\t<\/div>\n\t\t\t\t<\/div>\n\t\t\t\t<div class=\"elementor-element elementor-element-ed20a08 elementor-widget elementor-widget-text-editor\" data-id=\"ed20a08\" data-element_type=\"widget\" data-e-type=\"widget\" data-widget_type=\"text-editor.default\">\n\t\t\t\t<div class=\"elementor-widget-container\">\n\t\t\t\t\t\t\t\t\t<p class=\"preFade fadeIn\">\u00danete a nuestro equipo de especialistas y encuentra una carrera que te ofrezca formaci\u00f3n en el puesto de trabajo, amplias prestaciones y un ambiente orientado al trabajo en equipo. Siga leyendo para saber en qu\u00e9 consiste este puesto.<\/p><p class=\"preFade fadeIn\">Haga clic en el bot\u00f3n para ver los puestos vacantes.<\/p>\t\t\t\t\t\t\t\t<\/div>\n\t\t\t\t<\/div>\n\t\t\t\t<div class=\"elementor-element elementor-element-8ac231b elementor-align-center elementor-widget elementor-widget-button\" data-id=\"8ac231b\" data-element_type=\"widget\" data-e-type=\"widget\" data-widget_type=\"button.default\">\n\t\t\t\t<div class=\"elementor-widget-container\">\n\t\t\t\t\t\t\t\t\t<div class=\"elementor-button-wrapper\">\n\t\t\t\t\t<a class=\"elementor-button elementor-button-link elementor-size-sm\" href=\"https:\/\/gfs.wd5.myworkdayjobs.com\/en-US\/usjobs-gen-gfs?jobFamilyGroup=71b20a72cfe3010c4d5063316001012a\" target=\"_blank\">\n\t\t\t\t\t\t<span class=\"elementor-button-content-wrapper\">\n\t\t\t\t\t\t\t\t\t<span class=\"elementor-button-text\">Puestos vacantes<\/span>\n\t\t\t\t\t<\/span>\n\t\t\t\t\t<\/a>\n\t\t\t\t<\/div>\n\t\t\t\t\t\t\t\t<\/div>\n\t\t\t\t<\/div>\n\t\t\t\t\t<\/div>\n\t\t\t\t<\/div>\n\t\t<div data-particle_enable=\"false\" data-particle-mobile-disabled=\"false\" class=\"elementor-element elementor-element-2a66cbe e-flex e-con-boxed e-con e-parent\" data-id=\"2a66cbe\" data-element_type=\"container\" data-e-type=\"container\">\n\t\t\t\t\t<div class=\"e-con-inner\">\n\t\t\t\t<div class=\"elementor-element elementor-element-a96bf12 elementor-widget elementor-widget-heading\" data-id=\"a96bf12\" data-element_type=\"widget\" data-e-type=\"widget\" data-widget_type=\"heading.default\">\n\t\t\t\t<div class=\"elementor-widget-container\">\n\t\t\t\t\t<h3 class=\"elementor-heading-title elementor-size-default\">Puesto de especialista en servicios<\/h3>\t\t\t\t<\/div>\n\t\t\t\t<\/div>\n\t\t\t\t<div class=\"elementor-element elementor-element-9f41358 elementor-widget elementor-widget-text-editor\" data-id=\"9f41358\" data-element_type=\"widget\" data-e-type=\"widget\" data-widget_type=\"text-editor.default\">\n\t\t\t\t<div class=\"elementor-widget-container\">\n\t\t\t\t\t\t\t\t\t<p><strong>Profesional del servicio de campo, encargado del mantenimiento preventivo, las reparaciones de emergencia y las relaciones con los clientes.<\/strong><\/p><p><strong>Qu\u00e9 hay para ti:<\/strong><\/p><ul><li>Pago semanal<\/li><li>Estructura de las primas<\/li><li>Plan de seguro m\u00e9dico, dental y de visi\u00f3n<\/li><li>Igualdad 401k<\/li><li>\u00a1Participaci\u00f3n en los beneficios!<\/li><li>Furgoneta de empresa para llevar a casa (Incluye todos los gastos asociados y disponible para uso personal<\/li><li>Formaci\u00f3n en el puesto de trabajo<\/li><li>Tarjeta de cr\u00e9dito de la empresa<\/li><li>Herramientas proporcionadas<\/li><li>Reembolso del tel\u00e9fono m\u00f3vil<\/li><li>Subsidio de uniformidad<\/li><\/ul>\t\t\t\t\t\t\t\t<\/div>\n\t\t\t\t<\/div>\n\t\t\t\t<div class=\"elementor-element elementor-element-fbe1be5 elementor-widget elementor-widget-text-editor\" data-id=\"fbe1be5\" data-element_type=\"widget\" data-e-type=\"widget\" data-widget_type=\"text-editor.default\">\n\t\t\t\t<div class=\"elementor-widget-container\">\n\t\t\t\t\t\t\t\t\t<p><strong>Horario de trabajo:<\/strong><\/p><ul><li>Lunes - Viernes entre 7AM - 6PM, sin embargo esta posici\u00f3n requiere flexibilidad para proveer un servicio al cliente excepcional.<ul><li>Posibilidad de realizar horas extraordinarias de hasta 10 horas semanales.<\/li><\/ul><\/li><\/ul>\t\t\t\t\t\t\t\t<\/div>\n\t\t\t\t<\/div>\n\t\t\t\t<div class=\"elementor-element elementor-element-f50e2b8 elementor-widget elementor-widget-text-editor\" data-id=\"f50e2b8\" data-element_type=\"widget\" data-e-type=\"widget\" data-widget_type=\"text-editor.default\">\n\t\t\t\t<div class=\"elementor-widget-container\">\n\t\t\t\t\t\t\t\t\t<p><strong>\u00bfQu\u00e9 vas a hacer?<\/strong><\/p><p>Como especialista de servicio, ser\u00e1s el experto de confianza que realiza la instalaci\u00f3n, el mantenimiento preventivo y mide el rendimiento de las m\u00e1quinas de caf\u00e9, zumos, lavavajillas y m\u00e1quinas dispensadoras de productos qu\u00edmicos para una gran variedad de clientes, entre los que se incluyen cuentas nacionales, sanidad, colegios y universidades, hosteler\u00eda y grandes operadores independientes de servicios alimentarios.<\/p>\t\t\t\t\t\t\t\t<\/div>\n\t\t\t\t<\/div>\n\t\t\t\t<div class=\"elementor-element elementor-element-e7c2894 elementor-widget elementor-widget-text-editor\" data-id=\"e7c2894\" data-element_type=\"widget\" data-e-type=\"widget\" data-widget_type=\"text-editor.default\">\n\t\t\t\t<div class=\"elementor-widget-container\">\n\t\t\t\t\t\t\t\t\t<p><strong>Requisitos del puesto:<\/strong><\/p><ul><li><strong>Experiencia:<\/strong> 2 a\u00f1os de experiencia previa en atenci\u00f3n al cliente o reparaci\u00f3n de equipos O una combinaci\u00f3n equivalente de educaci\u00f3n, formaci\u00f3n y experiencia.<\/li><li><strong>Aptitud mec\u00e1nica<\/strong> - C\u00f3digos el\u00e9ctricos, de fontaner\u00eda, sanitarios y de salubridad. Capacidad para interpretar correctamente manuales de mantenimiento, esquemas y diagramas de cableado.<\/li><li>Capacidad para realizar los aspectos f\u00edsicos del trabajo, incluido el levantamiento pesado de m\u00e1quinas.<\/li><li><strong>Permiso de conducir estatal en vigor<\/strong> (obligatorio).<\/li><li><strong>Historial de conducci\u00f3n limpio<\/strong> (realizaremos un MVR).<\/li><li>Debe ser <strong>18 a\u00f1os o m\u00e1s<\/strong>.<\/li><li>Superar con \u00e9xito el control de drogas, el informe de veh\u00edculos de motor (MVR) y los requisitos de comprobaci\u00f3n de antecedentes (comprobaci\u00f3n de antecedentes penales - no comprobamos su puntuaci\u00f3n de cr\u00e9dito).<\/li><\/ul>\t\t\t\t\t\t\t\t<\/div>\n\t\t\t\t<\/div>\n\t\t\t\t\t<\/div>\n\t\t\t\t<\/div>\n\t\t<div data-particle_enable=\"false\" data-particle-mobile-disabled=\"false\" class=\"elementor-element elementor-element-8ac964e e-flex e-con-boxed e-con e-parent\" data-id=\"8ac964e\" data-element_type=\"container\" data-e-type=\"container\">\n\t\t\t\t\t<div class=\"e-con-inner\">\n\t\t\t\t<div class=\"elementor-element elementor-element-0caa0a8 elementor-widget elementor-widget-video\" data-id=\"0caa0a8\" data-element_type=\"widget\" data-e-type=\"widget\" data-settings=\"{&quot;youtube_url&quot;:&quot;https:\\\/\\\/youtu.be\\\/EBR6WzSpeDc&quot;,&quot;yt_privacy&quot;:&quot;yes&quot;,&quot;video_type&quot;:&quot;youtube&quot;,&quot;controls&quot;:&quot;yes&quot;}\" data-widget_type=\"video.default\">\n\t\t\t\t<div class=\"elementor-widget-container\">\n\t\t\t\t\t\t\t<div class=\"elementor-wrapper elementor-open-inline\">\n\t\t\t<div class=\"elementor-video\"><\/div>\t\t<\/div>\n\t\t\t\t\t\t<\/div>\n\t\t\t\t<\/div>\n\t\t\t\t\t<\/div>\n\t\t\t\t<\/div>\n\t\t\t\t<\/div>","protected":false},"excerpt":{"rendered":"<p>Join Our Team Join our team of specialists and find yourself in a career that provides on the job training, comprehensive benefits, and a team oriented atmosphere. Read on to see what this position is all about! Click the button to see what positions are currently open! Open Positions Service Specialist Position Field Service professional, [&hellip;]<\/p>\n","protected":false},"author":1,"featured_media":0,"parent":0,"menu_order":0,"comment_status":"closed","ping_status":"closed","template":"","meta":{"footnotes":""},"class_list":["post-75","page","type-page","status-publish","hentry"],"yoast_head":"<!-- This site is optimized with the Yoast SEO plugin v27.1.1 - https:\/\/yoast.com\/product\/yoast-seo-wordpress\/ -->\n<title>Careers - InnoServ Solutions, LLC.<\/title>\n<meta name=\"robots\" content=\"index, follow, max-snippet:-1, max-image-preview:large, max-video-preview:-1\" \/>\n<link rel=\"canonical\" href=\"https:\/\/innoserv.com\/es\/careers\/\" \/>\n<meta property=\"og:locale\" content=\"es_MX\" \/>\n<meta property=\"og:type\" content=\"article\" \/>\n<meta property=\"og:title\" content=\"Careers - InnoServ Solutions, LLC.\" \/>\n<meta property=\"og:description\" content=\"Join Our Team Join our team of specialists and find yourself in a career that provides on the job training, comprehensive benefits, and a team oriented atmosphere. Read on to see what this position is all about! Click the button to see what positions are currently open! Open Positions Service Specialist Position Field Service professional, [&hellip;]\" \/>\n<meta property=\"og:url\" content=\"https:\/\/innoserv.com\/es\/careers\/\" \/>\n<meta property=\"og:site_name\" content=\"InnoServ Solutions, LLC.\" \/>\n<meta property=\"article:publisher\" content=\"https:\/\/www.facebook.com\/innoservsolutions\" \/>\n<meta property=\"article:modified_time\" content=\"2026-03-11T13:39:50+00:00\" \/>\n<meta property=\"og:image\" content=\"https:\/\/innoserv.com\/wp-content\/uploads\/2025\/02\/HelpWanted-1024x683.jpg\" \/>\n<meta name=\"twitter:card\" content=\"summary_large_image\" \/>\n<meta name=\"twitter:label1\" content=\"Est. reading time\" \/>\n\t<meta name=\"twitter:data1\" content=\"2 minutes\" \/>\n<script type=\"application\/ld+json\" class=\"yoast-schema-graph\">{\"@context\":\"https:\/\/schema.org\",\"@graph\":[{\"@type\":\"WebPage\",\"@id\":\"https:\/\/innoserv.com\/fr\/careers\/\",\"url\":\"https:\/\/innoserv.com\/fr\/careers\/\",\"name\":\"Careers - InnoServ Solutions, LLC.\",\"isPartOf\":{\"@id\":\"https:\/\/innoserv.com\/#website\"},\"primaryImageOfPage\":{\"@id\":\"https:\/\/innoserv.com\/fr\/careers\/#primaryimage\"},\"image\":{\"@id\":\"https:\/\/innoserv.com\/fr\/careers\/#primaryimage\"},\"thumbnailUrl\":\"https:\/\/innoserv.com\/wp-content\/uploads\/2025\/02\/HelpWanted-1024x683.jpg\",\"datePublished\":\"2025-01-23T15:32:12+00:00\",\"dateModified\":\"2026-03-11T13:39:50+00:00\",\"breadcrumb\":{\"@id\":\"https:\/\/innoserv.com\/fr\/careers\/#breadcrumb\"},\"inLanguage\":\"es-MX\",\"potentialAction\":[{\"@type\":\"ReadAction\",\"target\":[\"https:\/\/innoserv.com\/fr\/careers\/\"]}]},{\"@type\":\"ImageObject\",\"inLanguage\":\"es-MX\",\"@id\":\"https:\/\/innoserv.com\/fr\/careers\/#primaryimage\",\"url\":\"https:\/\/innoserv.com\/wp-content\/uploads\/2025\/02\/HelpWanted-1024x683.jpg\",\"contentUrl\":\"https:\/\/innoserv.com\/wp-content\/uploads\/2025\/02\/HelpWanted-1024x683.jpg\"},{\"@type\":\"BreadcrumbList\",\"@id\":\"https:\/\/innoserv.com\/fr\/careers\/#breadcrumb\",\"itemListElement\":[{\"@type\":\"ListItem\",\"position\":1,\"name\":\"Home\",\"item\":\"https:\/\/innoserv.com\/\"},{\"@type\":\"ListItem\",\"position\":2,\"name\":\"Careers\"}]},{\"@type\":\"WebSite\",\"@id\":\"https:\/\/innoserv.com\/#website\",\"url\":\"https:\/\/innoserv.com\/\",\"name\":\"InnoServ, LLC.\",\"description\":\"\",\"publisher\":{\"@id\":\"https:\/\/innoserv.com\/#organization\"},\"potentialAction\":[{\"@type\":\"SearchAction\",\"target\":{\"@type\":\"EntryPoint\",\"urlTemplate\":\"https:\/\/innoserv.com\/?s={search_term_string}\"},\"query-input\":{\"@type\":\"PropertyValueSpecification\",\"valueRequired\":true,\"valueName\":\"search_term_string\"}}],\"inLanguage\":\"es-MX\"},{\"@type\":\"Organization\",\"@id\":\"https:\/\/innoserv.com\/#organization\",\"name\":\"InnoServ, LLC.\",\"url\":\"https:\/\/innoserv.com\/\",\"logo\":{\"@type\":\"ImageObject\",\"inLanguage\":\"es-MX\",\"@id\":\"https:\/\/innoserv.com\/#\/schema\/logo\/image\/\",\"url\":\"https:\/\/innoserv.com\/wp-content\/uploads\/2025\/01\/BGInnoServLogowithTagline.webp\",\"contentUrl\":\"https:\/\/innoserv.com\/wp-content\/uploads\/2025\/01\/BGInnoServLogowithTagline.webp\",\"width\":1500,\"height\":397,\"caption\":\"InnoServ, LLC.\"},\"image\":{\"@id\":\"https:\/\/innoserv.com\/#\/schema\/logo\/image\/\"},\"sameAs\":[\"https:\/\/www.facebook.com\/innoservsolutions\",\"https:\/\/www.linkedin.com\/company\/innoserv-solutions\/posts\/?feedView=all\"]}]}<\/script>\n<!-- \/ Yoast SEO plugin. -->","yoast_head_json":{"title":"Careers - InnoServ Solutions, LLC.","robots":{"index":"index","follow":"follow","max-snippet":"max-snippet:-1","max-image-preview":"max-image-preview:large","max-video-preview":"max-video-preview:-1"},"canonical":"https:\/\/innoserv.com\/es\/careers\/","og_locale":"es_MX","og_type":"article","og_title":"Careers - InnoServ Solutions, LLC.","og_description":"Join Our Team Join our team of specialists and find yourself in a career that provides on the job training, comprehensive benefits, and a team oriented atmosphere. Read on to see what this position is all about! Click the button to see what positions are currently open! Open Positions Service Specialist Position Field Service professional, [&hellip;]","og_url":"https:\/\/innoserv.com\/es\/careers\/","og_site_name":"InnoServ Solutions, LLC.","article_publisher":"https:\/\/www.facebook.com\/innoservsolutions","article_modified_time":"2026-03-11T13:39:50+00:00","og_image":[{"url":"https:\/\/innoserv.com\/wp-content\/uploads\/2025\/02\/HelpWanted-1024x683.jpg","type":"","width":"","height":""}],"twitter_card":"summary_large_image","twitter_misc":{"Est. reading time":"2 minutes"},"schema":{"@context":"https:\/\/schema.org","@graph":[{"@type":"WebPage","@id":"https:\/\/innoserv.com\/fr\/careers\/","url":"https:\/\/innoserv.com\/fr\/careers\/","name":"Careers - InnoServ Solutions, LLC.","isPartOf":{"@id":"https:\/\/innoserv.com\/#website"},"primaryImageOfPage":{"@id":"https:\/\/innoserv.com\/fr\/careers\/#primaryimage"},"image":{"@id":"https:\/\/innoserv.com\/fr\/careers\/#primaryimage"},"thumbnailUrl":"https:\/\/innoserv.com\/wp-content\/uploads\/2025\/02\/HelpWanted-1024x683.jpg","datePublished":"2025-01-23T15:32:12+00:00","dateModified":"2026-03-11T13:39:50+00:00","breadcrumb":{"@id":"https:\/\/innoserv.com\/fr\/careers\/#breadcrumb"},"inLanguage":"es-MX","potentialAction":[{"@type":"ReadAction","target":["https:\/\/innoserv.com\/fr\/careers\/"]}]},{"@type":"ImageObject","inLanguage":"es-MX","@id":"https:\/\/innoserv.com\/fr\/careers\/#primaryimage","url":"https:\/\/innoserv.com\/wp-content\/uploads\/2025\/02\/HelpWanted-1024x683.jpg","contentUrl":"https:\/\/innoserv.com\/wp-content\/uploads\/2025\/02\/HelpWanted-1024x683.jpg"},{"@type":"BreadcrumbList","@id":"https:\/\/innoserv.com\/fr\/careers\/#breadcrumb","itemListElement":[{"@type":"ListItem","position":1,"name":"Home","item":"https:\/\/innoserv.com\/"},{"@type":"ListItem","position":2,"name":"Careers"}]},{"@type":"WebSite","@id":"https:\/\/innoserv.com\/#website","url":"https:\/\/innoserv.com\/","name":"InnoServ, S.L.","description":"","publisher":{"@id":"https:\/\/innoserv.com\/#organization"},"potentialAction":[{"@type":"SearchAction","target":{"@type":"EntryPoint","urlTemplate":"https:\/\/innoserv.com\/?s={search_term_string}"},"query-input":{"@type":"PropertyValueSpecification","valueRequired":true,"valueName":"search_term_string"}}],"inLanguage":"es-MX"},{"@type":"Organization","@id":"https:\/\/innoserv.com\/#organization","name":"InnoServ, S.L.","url":"https:\/\/innoserv.com\/","logo":{"@type":"ImageObject","inLanguage":"es-MX","@id":"https:\/\/innoserv.com\/#\/schema\/logo\/image\/","url":"https:\/\/innoserv.com\/wp-content\/uploads\/2025\/01\/BGInnoServLogowithTagline.webp","contentUrl":"https:\/\/innoserv.com\/wp-content\/uploads\/2025\/01\/BGInnoServLogowithTagline.webp","width":1500,"height":397,"caption":"InnoServ, LLC."},"image":{"@id":"https:\/\/innoserv.com\/#\/schema\/logo\/image\/"},"sameAs":["https:\/\/www.facebook.com\/innoservsolutions","https:\/\/www.linkedin.com\/company\/innoserv-solutions\/posts\/?feedView=all"]}]}},"_links":{"self":[{"href":"https:\/\/innoserv.com\/es\/wp-json\/wp\/v2\/pages\/75","targetHints":{"allow":["GET"]}}],"collection":[{"href":"https:\/\/innoserv.com\/es\/wp-json\/wp\/v2\/pages"}],"about":[{"href":"https:\/\/innoserv.com\/es\/wp-json\/wp\/v2\/types\/page"}],"author":[{"embeddable":true,"href":"https:\/\/innoserv.com\/es\/wp-json\/wp\/v2\/users\/1"}],"replies":[{"embeddable":true,"href":"https:\/\/innoserv.com\/es\/wp-json\/wp\/v2\/comments?post=75"}],"version-history":[{"count":25,"href":"https:\/\/innoserv.com\/es\/wp-json\/wp\/v2\/pages\/75\/revisions"}],"predecessor-version":[{"id":1433,"href":"https:\/\/innoserv.com\/es\/wp-json\/wp\/v2\/pages\/75\/revisions\/1433"}],"wp:attachment":[{"href":"https:\/\/innoserv.com\/es\/wp-json\/wp\/v2\/media?parent=75"}],"curies":[{"name":"wp","href":"https:\/\/api.w.org\/{rel}","templated":true}]}}