{"id":895,"date":"2025-03-11T15:38:17","date_gmt":"2025-03-11T15:38:17","guid":{"rendered":"https:\/\/dev-innoserv.pantheonsite.io\/?page_id=895"},"modified":"2025-03-11T17:35:42","modified_gmt":"2025-03-11T17:35:42","slug":"harvest-valley","status":"publish","type":"page","link":"https:\/\/innoserv.com\/es\/harvest-valley\/","title":{"rendered":"Valle de la Cosecha"},"content":{"rendered":"<div data-elementor-type=\"wp-page\" data-elementor-id=\"895\" class=\"elementor elementor-895\" data-elementor-post-type=\"page\">\n\t\t\t\t<div data-particle_enable=\"false\" data-particle-mobile-disabled=\"false\" class=\"elementor-element elementor-element-2e47bf8 e-con-full e-flex e-con e-parent\" data-id=\"2e47bf8\" data-element_type=\"container\" data-e-type=\"container\" data-settings=\"{&quot;background_background&quot;:&quot;classic&quot;}\">\n\t\t<div data-particle_enable=\"false\" data-particle-mobile-disabled=\"false\" class=\"elementor-element elementor-element-453a3db e-flex e-con-boxed e-con e-child\" data-id=\"453a3db\" data-element_type=\"container\" data-e-type=\"container\" data-settings=\"{&quot;background_background&quot;:&quot;classic&quot;}\">\n\t\t\t\t\t<div class=\"e-con-inner\">\n\t\t\t\t<div class=\"elementor-element elementor-element-cd2a634 elementor-widget elementor-widget-text-editor\" data-id=\"cd2a634\" data-element_type=\"widget\" data-e-type=\"widget\" data-widget_type=\"text-editor.default\">\n\t\t\t\t<div class=\"elementor-widget-container\">\n\t\t\t\t\t\t\t\t\t<p>Los zumos y mezclas de zumos Harvest Valley proporcionan una variedad de bebidas coloridas, saludables y ricas en vitaminas en un formato listo para dispensar. Esto proporciona el factor \"sorpresa\" y la nutrici\u00f3n que buscan los clientes con la calidad, consistencia y eficiencia de las que depende su negocio.<\/p>\t\t\t\t\t\t\t\t<\/div>\n\t\t\t\t<\/div>\n\t\t\t\t\t<\/div>\n\t\t\t\t<\/div>\n\t\t\t\t<\/div>\n\t\t<div data-particle_enable=\"false\" data-particle-mobile-disabled=\"false\" class=\"elementor-element elementor-element-4d77b4c e-flex e-con-boxed e-con e-parent\" data-id=\"4d77b4c\" data-element_type=\"container\" data-e-type=\"container\">\n\t\t\t\t\t<div class=\"e-con-inner\">\n\t\t<div data-particle_enable=\"false\" data-particle-mobile-disabled=\"false\" class=\"elementor-element elementor-element-e2b5531 e-con-full e-flex e-con e-child\" data-id=\"e2b5531\" data-element_type=\"container\" data-e-type=\"container\">\n\t\t\t\t<div class=\"elementor-element elementor-element-ca6dcbd elementor-widget elementor-widget-heading\" data-id=\"ca6dcbd\" data-element_type=\"widget\" data-e-type=\"widget\" data-widget_type=\"heading.default\">\n\t\t\t\t<div class=\"elementor-widget-container\">\n\t\t\t\t\t<h2 class=\"elementor-heading-title elementor-size-default\">Haz que destaque<\/h2>\t\t\t\t<\/div>\n\t\t\t\t<\/div>\n\t\t\t\t<div class=\"elementor-element elementor-element-b7733fe elementor-widget elementor-widget-text-editor\" data-id=\"b7733fe\" data-element_type=\"widget\" data-e-type=\"widget\" data-widget_type=\"text-editor.default\">\n\t\t\t\t<div class=\"elementor-widget-container\">\n\t\t\t\t\t\t\t\t\t<p>Harvest Valley es una marca exclusiva de Gordon Food Service\u00ae, respaldada por un equipo de servicio comprometido a ayudar a su programa de bebidas. Sabemos que un programa de bebidas de \u00e9xito combina grandes productos, equipos de primera calidad y personas dedicadas a ofrecer un servicio excelente. Puede confiar en nuestro equipo para ofrecer sistem\u00e1ticamente cada uno de estos elementos.<\/p><p>Nuestro equipo incluye:<\/p><ul><li>Especialistas en desarrollo de clientes, su contacto exclusivo para todos los productos y servicios de Gordon Food Service.<\/li><li>Especialistas en productos, que pueden ayudarle en todos los aspectos de su programa de bebidas.<\/li><li>Nuestro centro de servicio de 12.000 pies cuadrados, totalmente equipado, cuenta con t\u00e9cnicos expertos y personal de apoyo que ofrecen servicios de reparaci\u00f3n y reacondicionamiento para todos los equipos.<\/li><\/ul>\t\t\t\t\t\t\t\t<\/div>\n\t\t\t\t<\/div>\n\t\t\t\t<\/div>\n\t\t<div data-particle_enable=\"false\" data-particle-mobile-disabled=\"false\" class=\"elementor-element elementor-element-299452c e-con-full e-flex e-con e-child\" data-id=\"299452c\" data-element_type=\"container\" data-e-type=\"container\">\n\t\t\t\t<div class=\"elementor-element elementor-element-5691ec6 elementor-widget elementor-widget-video\" data-id=\"5691ec6\" data-element_type=\"widget\" data-e-type=\"widget\" data-settings=\"{&quot;youtube_url&quot;:&quot;https:\\\/\\\/youtu.be\\\/MOAprCYrSZI&quot;,&quot;video_type&quot;:&quot;youtube&quot;,&quot;controls&quot;:&quot;yes&quot;}\" data-widget_type=\"video.default\">\n\t\t\t\t<div class=\"elementor-widget-container\">\n\t\t\t\t\t\t\t<div class=\"elementor-wrapper elementor-open-inline\">\n\t\t\t<div class=\"elementor-video\"><\/div>\t\t<\/div>\n\t\t\t\t\t\t<\/div>\n\t\t\t\t<\/div>\n\t\t\t\t<\/div>\n\t\t\t\t\t<\/div>\n\t\t\t\t<\/div>\n\t\t<div data-particle_enable=\"false\" data-particle-mobile-disabled=\"false\" class=\"elementor-element elementor-element-aaeab6d e-flex e-con-boxed e-con e-parent\" data-id=\"aaeab6d\" data-element_type=\"container\" data-e-type=\"container\">\n\t\t\t\t\t<div class=\"e-con-inner\">\n\t\t\t\t<div class=\"elementor-element elementor-element-acdbf89 elementor-widget elementor-widget-image\" data-id=\"acdbf89\" data-element_type=\"widget\" data-e-type=\"widget\" data-widget_type=\"image.default\">\n\t\t\t\t<div class=\"elementor-widget-container\">\n\t\t\t\t\t\t\t\t\t\t\t\t\t\t\t<img fetchpriority=\"high\" decoding=\"async\" width=\"791\" height=\"1024\" src=\"https:\/\/innoserv.com\/wp-content\/uploads\/2025\/03\/HarvestValleyBrochure2121_Page_2-791x1024.jpg\" class=\"attachment-large size-large wp-image-1033\" alt=\"\" srcset=\"https:\/\/innoserv.com\/wp-content\/uploads\/2025\/03\/HarvestValleyBrochure2121_Page_2-791x1024.jpg 791w, https:\/\/innoserv.com\/wp-content\/uploads\/2025\/03\/HarvestValleyBrochure2121_Page_2-232x300.webp 232w, https:\/\/innoserv.com\/wp-content\/uploads\/2025\/03\/HarvestValleyBrochure2121_Page_2-768x994.jpg 768w, https:\/\/innoserv.com\/wp-content\/uploads\/2025\/03\/HarvestValleyBrochure2121_Page_2-1187x1536.jpg 1187w, https:\/\/innoserv.com\/wp-content\/uploads\/2025\/03\/HarvestValleyBrochure2121_Page_2-1583x2048.jpg 1583w, https:\/\/innoserv.com\/wp-content\/uploads\/2025\/03\/HarvestValleyBrochure2121_Page_2.webp 1484w\" sizes=\"(max-width: 791px) 100vw, 791px\" \/>\t\t\t\t\t\t\t\t\t\t\t\t\t\t\t<\/div>\n\t\t\t\t<\/div>\n\t\t\t\t\t<\/div>\n\t\t\t\t<\/div>\n\t\t<div data-particle_enable=\"false\" data-particle-mobile-disabled=\"false\" class=\"elementor-element elementor-element-ac95d6b e-flex e-con-boxed e-con e-parent\" data-id=\"ac95d6b\" data-element_type=\"container\" data-e-type=\"container\" data-settings=\"{&quot;background_background&quot;:&quot;classic&quot;}\">\n\t\t\t\t\t<div class=\"e-con-inner\">\n\t\t\t\t<div class=\"elementor-element elementor-element-d157ff9 elementor-widget elementor-widget-heading\" data-id=\"d157ff9\" data-element_type=\"widget\" data-e-type=\"widget\" data-widget_type=\"heading.default\">\n\t\t\t\t<div class=\"elementor-widget-container\">\n\t\t\t\t\t<h2 class=\"elementor-heading-title elementor-size-default\">P\u00f3ngase en contacto con nosotros para obtener m\u00e1s informaci\u00f3n.<\/h2>\t\t\t\t<\/div>\n\t\t\t\t<\/div>\n\t\t\t\t<div class=\"elementor-element elementor-element-1e1be0c elementor-align-center elementor-widget elementor-widget-button\" data-id=\"1e1be0c\" data-element_type=\"widget\" data-e-type=\"widget\" data-widget_type=\"button.default\">\n\t\t\t\t<div class=\"elementor-widget-container\">\n\t\t\t\t\t\t\t\t\t<div class=\"elementor-button-wrapper\">\n\t\t\t\t\t<a class=\"elementor-button elementor-button-link elementor-size-sm\" href=\"\/es\/contact\/\">\n\t\t\t\t\t\t<span class=\"elementor-button-content-wrapper\">\n\t\t\t\t\t\t\t\t\t<span class=\"elementor-button-text\">M\u00e1s informaci\u00f3n<\/span>\n\t\t\t\t\t<\/span>\n\t\t\t\t\t<\/a>\n\t\t\t\t<\/div>\n\t\t\t\t\t\t\t\t<\/div>\n\t\t\t\t<\/div>\n\t\t\t\t\t<\/div>\n\t\t\t\t<\/div>\n\t\t\t\t<\/div>","protected":false},"excerpt":{"rendered":"<p>Harvest Valley juices and juice blends provide a variety of colourful, healthy, vitamin-rich drinks in a dispenser-ready format. This provides the \u201cwow\u201d factor and nutrition customers look for with the quality, consistency and efficiency your operation depends on. Make it stand out Harvest Valley is an exclusive brand of Gordon Food Service\u00ae, backed by a [&hellip;]<\/p>\n","protected":false},"author":1,"featured_media":0,"parent":0,"menu_order":0,"comment_status":"closed","ping_status":"closed","template":"","meta":{"footnotes":""},"class_list":["post-895","page","type-page","status-publish","hentry"],"yoast_head":"<!-- This site is optimized with the Yoast SEO plugin v27.1.1 - https:\/\/yoast.com\/product\/yoast-seo-wordpress\/ -->\n<title>Harvest Valley - InnoServ Solutions, LLC.<\/title>\n<meta name=\"robots\" content=\"index, follow, max-snippet:-1, max-image-preview:large, max-video-preview:-1\" \/>\n<link rel=\"canonical\" href=\"https:\/\/innoserv.com\/es\/harvest-valley\/\" \/>\n<meta property=\"og:locale\" content=\"es_MX\" \/>\n<meta property=\"og:type\" content=\"article\" \/>\n<meta property=\"og:title\" content=\"Harvest Valley - InnoServ Solutions, LLC.\" \/>\n<meta property=\"og:description\" content=\"Harvest Valley juices and juice blends provide a variety of colourful, healthy, vitamin-rich drinks in a dispenser-ready format. This provides the \u201cwow\u201d factor and nutrition customers look for with the quality, consistency and efficiency your operation depends on. Make it stand out Harvest Valley is an exclusive brand of Gordon Food Service\u00ae, backed by a [&hellip;]\" \/>\n<meta property=\"og:url\" content=\"https:\/\/innoserv.com\/es\/harvest-valley\/\" \/>\n<meta property=\"og:site_name\" content=\"InnoServ Solutions, LLC.\" \/>\n<meta property=\"article:publisher\" content=\"https:\/\/www.facebook.com\/innoservsolutions\" \/>\n<meta property=\"article:modified_time\" content=\"2025-03-11T17:35:42+00:00\" \/>\n<meta property=\"og:image\" content=\"https:\/\/innoserv.com\/wp-content\/uploads\/2025\/03\/HarvestValleyBrochure2121_Page_2-791x1024.jpg\" \/>\n<meta name=\"twitter:card\" content=\"summary_large_image\" \/>\n<meta name=\"twitter:label1\" content=\"Est. reading time\" \/>\n\t<meta name=\"twitter:data1\" content=\"1 minute\" \/>\n<script type=\"application\/ld+json\" class=\"yoast-schema-graph\">{\"@context\":\"https:\/\/schema.org\",\"@graph\":[{\"@type\":\"WebPage\",\"@id\":\"https:\/\/innoserv.com\/harvest-valley\/\",\"url\":\"https:\/\/innoserv.com\/harvest-valley\/\",\"name\":\"Harvest Valley - InnoServ Solutions, LLC.\",\"isPartOf\":{\"@id\":\"https:\/\/innoserv.com\/#website\"},\"primaryImageOfPage\":{\"@id\":\"https:\/\/innoserv.com\/harvest-valley\/#primaryimage\"},\"image\":{\"@id\":\"https:\/\/innoserv.com\/harvest-valley\/#primaryimage\"},\"thumbnailUrl\":\"https:\/\/innoserv.com\/wp-content\/uploads\/2025\/03\/HarvestValleyBrochure2121_Page_2-791x1024.jpg\",\"datePublished\":\"2025-03-11T15:38:17+00:00\",\"dateModified\":\"2025-03-11T17:35:42+00:00\",\"breadcrumb\":{\"@id\":\"https:\/\/innoserv.com\/harvest-valley\/#breadcrumb\"},\"inLanguage\":\"es-MX\",\"potentialAction\":[{\"@type\":\"ReadAction\",\"target\":[\"https:\/\/innoserv.com\/harvest-valley\/\"]}]},{\"@type\":\"ImageObject\",\"inLanguage\":\"es-MX\",\"@id\":\"https:\/\/innoserv.com\/harvest-valley\/#primaryimage\",\"url\":\"https:\/\/innoserv.com\/wp-content\/uploads\/2025\/03\/HarvestValleyBrochure2121_Page_2-791x1024.jpg\",\"contentUrl\":\"https:\/\/innoserv.com\/wp-content\/uploads\/2025\/03\/HarvestValleyBrochure2121_Page_2-791x1024.jpg\"},{\"@type\":\"BreadcrumbList\",\"@id\":\"https:\/\/innoserv.com\/harvest-valley\/#breadcrumb\",\"itemListElement\":[{\"@type\":\"ListItem\",\"position\":1,\"name\":\"Home\",\"item\":\"https:\/\/innoserv.com\/\"},{\"@type\":\"ListItem\",\"position\":2,\"name\":\"Harvest Valley\"}]},{\"@type\":\"WebSite\",\"@id\":\"https:\/\/innoserv.com\/#website\",\"url\":\"https:\/\/innoserv.com\/\",\"name\":\"InnoServ, LLC.\",\"description\":\"\",\"publisher\":{\"@id\":\"https:\/\/innoserv.com\/#organization\"},\"potentialAction\":[{\"@type\":\"SearchAction\",\"target\":{\"@type\":\"EntryPoint\",\"urlTemplate\":\"https:\/\/innoserv.com\/?s={search_term_string}\"},\"query-input\":{\"@type\":\"PropertyValueSpecification\",\"valueRequired\":true,\"valueName\":\"search_term_string\"}}],\"inLanguage\":\"es-MX\"},{\"@type\":\"Organization\",\"@id\":\"https:\/\/innoserv.com\/#organization\",\"name\":\"InnoServ, LLC.\",\"url\":\"https:\/\/innoserv.com\/\",\"logo\":{\"@type\":\"ImageObject\",\"inLanguage\":\"es-MX\",\"@id\":\"https:\/\/innoserv.com\/#\/schema\/logo\/image\/\",\"url\":\"https:\/\/innoserv.com\/wp-content\/uploads\/2025\/01\/BGInnoServLogowithTagline.webp\",\"contentUrl\":\"https:\/\/innoserv.com\/wp-content\/uploads\/2025\/01\/BGInnoServLogowithTagline.webp\",\"width\":1500,\"height\":397,\"caption\":\"InnoServ, LLC.\"},\"image\":{\"@id\":\"https:\/\/innoserv.com\/#\/schema\/logo\/image\/\"},\"sameAs\":[\"https:\/\/www.facebook.com\/innoservsolutions\",\"https:\/\/www.linkedin.com\/company\/innoserv-solutions\/posts\/?feedView=all\"]}]}<\/script>\n<!-- \/ Yoast SEO plugin. -->","yoast_head_json":{"title":"Harvest Valley - InnoServ Solutions, LLC.","robots":{"index":"index","follow":"follow","max-snippet":"max-snippet:-1","max-image-preview":"max-image-preview:large","max-video-preview":"max-video-preview:-1"},"canonical":"https:\/\/innoserv.com\/es\/harvest-valley\/","og_locale":"es_MX","og_type":"article","og_title":"Harvest Valley - InnoServ Solutions, LLC.","og_description":"Harvest Valley juices and juice blends provide a variety of colourful, healthy, vitamin-rich drinks in a dispenser-ready format. This provides the \u201cwow\u201d factor and nutrition customers look for with the quality, consistency and efficiency your operation depends on. Make it stand out Harvest Valley is an exclusive brand of Gordon Food Service\u00ae, backed by a [&hellip;]","og_url":"https:\/\/innoserv.com\/es\/harvest-valley\/","og_site_name":"InnoServ Solutions, LLC.","article_publisher":"https:\/\/www.facebook.com\/innoservsolutions","article_modified_time":"2025-03-11T17:35:42+00:00","og_image":[{"url":"https:\/\/innoserv.com\/wp-content\/uploads\/2025\/03\/HarvestValleyBrochure2121_Page_2-791x1024.jpg","type":"","width":"","height":""}],"twitter_card":"summary_large_image","twitter_misc":{"Est. reading time":"1 minute"},"schema":{"@context":"https:\/\/schema.org","@graph":[{"@type":"WebPage","@id":"https:\/\/innoserv.com\/harvest-valley\/","url":"https:\/\/innoserv.com\/harvest-valley\/","name":"Harvest Valley - InnoServ Solutions, LLC.","isPartOf":{"@id":"https:\/\/innoserv.com\/#website"},"primaryImageOfPage":{"@id":"https:\/\/innoserv.com\/harvest-valley\/#primaryimage"},"image":{"@id":"https:\/\/innoserv.com\/harvest-valley\/#primaryimage"},"thumbnailUrl":"https:\/\/innoserv.com\/wp-content\/uploads\/2025\/03\/HarvestValleyBrochure2121_Page_2-791x1024.jpg","datePublished":"2025-03-11T15:38:17+00:00","dateModified":"2025-03-11T17:35:42+00:00","breadcrumb":{"@id":"https:\/\/innoserv.com\/harvest-valley\/#breadcrumb"},"inLanguage":"es-MX","potentialAction":[{"@type":"ReadAction","target":["https:\/\/innoserv.com\/harvest-valley\/"]}]},{"@type":"ImageObject","inLanguage":"es-MX","@id":"https:\/\/innoserv.com\/harvest-valley\/#primaryimage","url":"https:\/\/innoserv.com\/wp-content\/uploads\/2025\/03\/HarvestValleyBrochure2121_Page_2-791x1024.jpg","contentUrl":"https:\/\/innoserv.com\/wp-content\/uploads\/2025\/03\/HarvestValleyBrochure2121_Page_2-791x1024.jpg"},{"@type":"BreadcrumbList","@id":"https:\/\/innoserv.com\/harvest-valley\/#breadcrumb","itemListElement":[{"@type":"ListItem","position":1,"name":"Home","item":"https:\/\/innoserv.com\/"},{"@type":"ListItem","position":2,"name":"Harvest Valley"}]},{"@type":"WebSite","@id":"https:\/\/innoserv.com\/#website","url":"https:\/\/innoserv.com\/","name":"InnoServ, S.L.","description":"","publisher":{"@id":"https:\/\/innoserv.com\/#organization"},"potentialAction":[{"@type":"SearchAction","target":{"@type":"EntryPoint","urlTemplate":"https:\/\/innoserv.com\/?s={search_term_string}"},"query-input":{"@type":"PropertyValueSpecification","valueRequired":true,"valueName":"search_term_string"}}],"inLanguage":"es-MX"},{"@type":"Organization","@id":"https:\/\/innoserv.com\/#organization","name":"InnoServ, S.L.","url":"https:\/\/innoserv.com\/","logo":{"@type":"ImageObject","inLanguage":"es-MX","@id":"https:\/\/innoserv.com\/#\/schema\/logo\/image\/","url":"https:\/\/innoserv.com\/wp-content\/uploads\/2025\/01\/BGInnoServLogowithTagline.webp","contentUrl":"https:\/\/innoserv.com\/wp-content\/uploads\/2025\/01\/BGInnoServLogowithTagline.webp","width":1500,"height":397,"caption":"InnoServ, LLC."},"image":{"@id":"https:\/\/innoserv.com\/#\/schema\/logo\/image\/"},"sameAs":["https:\/\/www.facebook.com\/innoservsolutions","https:\/\/www.linkedin.com\/company\/innoserv-solutions\/posts\/?feedView=all"]}]}},"_links":{"self":[{"href":"https:\/\/innoserv.com\/es\/wp-json\/wp\/v2\/pages\/895","targetHints":{"allow":["GET"]}}],"collection":[{"href":"https:\/\/innoserv.com\/es\/wp-json\/wp\/v2\/pages"}],"about":[{"href":"https:\/\/innoserv.com\/es\/wp-json\/wp\/v2\/types\/page"}],"author":[{"embeddable":true,"href":"https:\/\/innoserv.com\/es\/wp-json\/wp\/v2\/users\/1"}],"replies":[{"embeddable":true,"href":"https:\/\/innoserv.com\/es\/wp-json\/wp\/v2\/comments?post=895"}],"version-history":[{"count":36,"href":"https:\/\/innoserv.com\/es\/wp-json\/wp\/v2\/pages\/895\/revisions"}],"predecessor-version":[{"id":1038,"href":"https:\/\/innoserv.com\/es\/wp-json\/wp\/v2\/pages\/895\/revisions\/1038"}],"wp:attachment":[{"href":"https:\/\/innoserv.com\/es\/wp-json\/wp\/v2\/media?parent=895"}],"curies":[{"name":"wp","href":"https:\/\/api.w.org\/{rel}","templated":true}]}}