{"id":1115,"date":"2025-03-11T18:50:58","date_gmt":"2025-03-11T18:50:58","guid":{"rendered":"https:\/\/dev-innoserv.pantheonsite.io\/?page_id=1115"},"modified":"2025-03-11T19:10:31","modified_gmt":"2025-03-11T19:10:31","slug":"terms-of-use","status":"publish","type":"page","link":"https:\/\/innoserv.com\/fr\/terms-of-use\/","title":{"rendered":"Conditions d'utilisation"},"content":{"rendered":"<div data-elementor-type=\"wp-page\" data-elementor-id=\"1115\" class=\"elementor elementor-1115\" data-elementor-post-type=\"page\">\n\t\t\t\t<div data-particle_enable=\"false\" data-particle-mobile-disabled=\"false\" class=\"elementor-element elementor-element-a3584a1 e-flex e-con-boxed e-con e-parent\" data-id=\"a3584a1\" data-element_type=\"container\" data-e-type=\"container\" data-settings=\"{&quot;background_background&quot;:&quot;classic&quot;}\">\n\t\t\t\t\t<div class=\"e-con-inner\">\n\t\t\t\t\t<\/div>\n\t\t\t\t<\/div>\n\t\t<div data-particle_enable=\"false\" data-particle-mobile-disabled=\"false\" class=\"elementor-element elementor-element-8f3a87e e-flex e-con-boxed e-con e-parent\" data-id=\"8f3a87e\" data-element_type=\"container\" data-e-type=\"container\">\n\t\t\t\t\t<div class=\"e-con-inner\">\n\t\t\t\t<div class=\"elementor-element elementor-element-635971e elementor-widget elementor-widget-heading\" data-id=\"635971e\" data-element_type=\"widget\" data-e-type=\"widget\" data-widget_type=\"heading.default\">\n\t\t\t\t<div class=\"elementor-widget-container\">\n\t\t\t\t\t<h3 class=\"elementor-heading-title elementor-size-default\">Conditions d'utilisation<\/h3>\t\t\t\t<\/div>\n\t\t\t\t<\/div>\n\t\t\t\t<div class=\"elementor-element elementor-element-49c15ac terms elementor-widget elementor-widget-text-editor\" data-id=\"49c15ac\" data-element_type=\"widget\" data-e-type=\"widget\" data-widget_type=\"text-editor.default\">\n\t\t\t\t<div class=\"elementor-widget-container\">\n\t\t\t\t\t\t\t\t\t<p><i>Derni\u00e8re modification le 18 f\u00e9vrier 2021<\/i><\/p>\n<p>Les pr\u00e9sentes conditions (\"Conditions\") d\u00e9finissent la mani\u00e8re dont vous pouvez utiliser les sites web de InnoServ Solutions, LLC (\"InnoServ\") innoserv.com (le \"Site\"). En utilisant ou en visitant le Site, vous acceptez en votre nom, ainsi qu'au nom de tout employ\u00e9 ou agent que vous autorisez \u00e0 utiliser le Site, ce qui suit :<\/p>\n<p><b>Voir notre&nbsp;<a href=\"\/fr\/copyright-and-trademark-policies\/\">Politiques en mati\u00e8re de droits d'auteur et de marques<\/a>.<\/b><\/p>\n<ol>\n<li><strong>Utilisation autoris\u00e9e.<\/strong> Vous \u00eates autoris\u00e9 \u00e0 visualiser, \u00e0 copier \u00e9lectroniquement et \u00e0 imprimer (sur papier) le mat\u00e9riel et le contenu disponibles sur ce site (les \"<b>Contenu<\/b>\"), y compris les informations destin\u00e9es \u00e0 vous aider \u00e0 \u00e9valuer les commandes pass\u00e9es \u00e0 InnoServ, et \u00e0 des fins de r\u00e9f\u00e9rence, de formation et de promotion (les \"<b>Fins autoris\u00e9es<\/b>\"). En dehors de ces utilisations autoris\u00e9es, vous acceptez de n'utiliser le contenu que pour votre usage personnel et de ne pas dupliquer, t\u00e9l\u00e9charger, publier, modifier ou distribuer de quelque mani\u00e8re que ce soit le contenu \u00e0 des fins autres que celles autoris\u00e9es. Vous acceptez de respecter les pr\u00e9sentes conditions ainsi que toutes les lois et r\u00e9glementations applicables susceptibles de r\u00e9gir le site. Vous acceptez \u00e9galement de ne pas cr\u00e9er de liens profonds vers le Site pour quelque raison que ce soit, sauf autorisation sp\u00e9cifique d'InnoServ. InnoServ affiche un avis juridique et divers cr\u00e9dits sur des pages du Site, qui ne peuvent pas \u00eatre supprim\u00e9s. Veuillez ne pas supprimer cet avis ou ces cr\u00e9dits ou toute information suppl\u00e9mentaire contenue dans cet avis et ces cr\u00e9dits. Vous acceptez d'indemniser et de d\u00e9gager InnoServ et ses dirigeants, administrateurs, propri\u00e9taires, affili\u00e9s, filiales, parents, employ\u00e9s, agents, successeurs et ayants droit de toute perte, responsabilit\u00e9 ou d\u00e9pense de toute nature (y compris les frais raisonnables d'avocat) r\u00e9sultant directement ou indirectement de votre utilisation du Site incompatible avec les pr\u00e9sentes Conditions ou de votre non-respect de toute autre disposition des pr\u00e9sentes Conditions. InnoServ se r\u00e9serve le droit de modifier ces Conditions \u00e0 tout moment, avec effet d\u00e8s la publication des Conditions r\u00e9vis\u00e9es sur le Site. Veuillez consulter r\u00e9guli\u00e8rement cette page du site. InnoServ indiquera les mises \u00e0 jour des Conditions au bas des Conditions. InnoServ peut mettre fin \u00e0 votre utilisation du site \u00e0 tout moment, \u00e0 sa seule discr\u00e9tion.<\/li>\n<li><b>Votre vie priv\u00e9e.<\/b> InnoServ prend votre vie priv\u00e9e au s\u00e9rieux. L'utilisation par InnoServ de toute information personnelle est soumise aux conditions de notre politique de confidentialit\u00e9.&nbsp;<a href=\"\/fr\/privacy-policy\/\">Politique de confidentialit\u00e9<\/a>.<br>Vous reconnaissez avoir lu et compris notre politique de confidentialit\u00e9 et consentez \u00e0 ce que les informations personnelles que vous fournissez soient utilis\u00e9es conform\u00e9ment aux conditions et aux fins \u00e9nonc\u00e9es dans la politique de confidentialit\u00e9.<\/li>\n<li><b>Acc\u00e8s et interf\u00e9rence.<\/b> Vous acceptez de ne pas utiliser de robot, d'araign\u00e9e, d'autre dispositif automatique ou de processus manuel pour surveiller ou copier les pages web ou d'autres contenus, ou d'utiliser le contenu \u00e0 d'autres fins non autoris\u00e9es sans l'autorisation \u00e9crite pr\u00e9alable d'InnoServ. Vous acceptez de ne pas utiliser de dispositif, de logiciel ou de routine pour interf\u00e9rer ou tenter d'interf\u00e9rer avec le bon fonctionnement du site. Vous acceptez de ne prendre aucune mesure qui impose une charge d\u00e9raisonnable ou disproportionn\u00e9e \u00e0 l'infrastructure logicielle et mat\u00e9rielle du site.<\/li>\n<li><b>Marques d\u00e9pos\u00e9es.<\/b> InnoServ est propri\u00e9taire des marques \"InnoServ\" et de toutes les autres marques commerciales ou marques de service d'InnoServ, ainsi que de tous les logos, dessins et \u00e9tiquettes connexes d'InnoServ ou de ses soci\u00e9t\u00e9s affili\u00e9es, filiales, soci\u00e9t\u00e9s m\u00e8res ou soci\u00e9t\u00e9s apparent\u00e9es. L'utilisation de ces marques est soumise \u00e0 l'autorisation d'InnoServ.&nbsp;<a href=\"\/fr\/copyright-and-trademark-policies\/\">Politiques en mati\u00e8re de droits d'auteur et de marques<\/a>.<br>Si vous avez des questions concernant ces politiques, n'h\u00e9sitez pas \u00e0 contacter&nbsp;<a href=\"\/fr\/contact\/\">Nous contacter<\/a>. Nous vous remercions.<\/li>\n<li><b>Droit d'auteur.<\/b> Ce site, et toutes les informations qu'il contient, sont soumis aux droits d'auteur d'InnoServ.&nbsp;<a href=\"\/fr\/copyright-and-trademark-policies\/\">Politiques en mati\u00e8re de droits d'auteur et de marques<\/a>.<br>Si vous avez des questions concernant ces politiques, n'h\u00e9sitez pas \u00e0 contacter&nbsp;<a href=\"\/fr\/contact\/\">Nous contacter<\/a>. Nous vous remercions.<\/li>\n<li><b>Exclusion de garantie.<\/b> InnoServ ne promet pas que le Site sera exempt d'erreurs, ininterrompu, ni qu'il fournira des r\u00e9sultats sp\u00e9cifiques de son utilisation ou de l'utilisation de tout Contenu, recherche ou lien sur le Site. Le site et son contenu sont fournis \"tels quels\" et \"tels que disponibles\". Les informations et les affirmations fournies sur le Site refl\u00e8tent les informations actuelles d'InnoServ au moment o\u00f9 elles sont publi\u00e9es. Cependant, au fil du temps, ces informations peuvent devenir obsol\u00e8tes et ne plus \u00eatre exactes. InnoServ ne peut pas garantir que les informations et les fichiers que vous t\u00e9l\u00e9chargez \u00e0 partir du site seront exacts ou exempts de virus, de contamination ou de caract\u00e9ristiques destructrices. InnoServ d\u00e9cline toute garantie expresse ou implicite, y compris, mais sans s'y limiter, toute garantie implicite de qualit\u00e9 marchande ou d'ad\u00e9quation \u00e0 un usage particulier, qu'elle d\u00e9coule d'une loi ou d'un autre acte juridique ou d'un usage commercial. En aucun cas InnoServ ou toute autre entit\u00e9 ou personne li\u00e9e ne sera responsable envers vous de tout dommage direct, indirect, cons\u00e9cutif, accessoire, punitif, exemplaire ou sp\u00e9cial, y compris toute perte de profits ou d'\u00e9conomies, m\u00eame si un repr\u00e9sentant d'InnoServ a \u00e9t\u00e9 inform\u00e9 de la possibilit\u00e9 de tels dommages, ou de toute r\u00e9clamation par une tierce partie. InnoServ ne garantit aucun r\u00e9sultat sp\u00e9cifique de l'utilisation du site ou du service InnoServ. Si vous n'\u00eates pas satisfait du site, votre seul recours est de cesser d'utiliser le site.<\/li>\n<li><b>Soumissions.<\/b> Toutes les remarques, suggestions, id\u00e9es, concepts cr\u00e9atifs, graphiques, critiques de produits ou autres informations communiqu\u00e9es par le biais de ce site ou envoy\u00e9es \u00e0 InnoServ, y compris, mais sans s'y limiter, les id\u00e9es de produits ou de publicit\u00e9 (collectivement les \"Soumissions\"), seront \u00e0 jamais la propri\u00e9t\u00e9 exclusive d'InnoServ, qui ne sera pas tenu de traiter les Soumissions comme confidentielles, et ne sera pas responsable de toute utilisation ou divulgation des Soumissions, et n'a pas besoin de fournir de compensation ou de reconnaissance pour les Soumissions. Sans limitation, InnoServ aura la propri\u00e9t\u00e9 exclusive de tous les droits existants, pr\u00e9sents et futurs, sur les soumissions de tout type et de toute nature, o\u00f9 que ce soit. Vous acceptez de ne pas soumettre de mat\u00e9riel ill\u00e9gal, mena\u00e7ant, diffamatoire, obsc\u00e8ne, pornographique ou blasph\u00e9matoire qui pourrait constituer ou encourager une conduite criminelle ou ill\u00e9gale. Vous reconnaissez que vous \u00eates responsable de toutes les soumissions que vous envoyez, et que c'est vous, et non InnoServ, qui \u00eates enti\u00e8rement responsable du message, y compris de sa l\u00e9galit\u00e9, de sa fiabilit\u00e9 et de son originalit\u00e9.<\/li>\n<li><b>Contenu g\u00e9n\u00e9r\u00e9 par l'utilisateur\/\u00e9valuations des clients.<\/b> InnoServ permet aux consommateurs de t\u00e9l\u00e9charger des avis sur des produits. InnoServ ne contr\u00f4le pas et n'\u00e9dite pas les messages, sauf pour supprimer les termes interdits tels que le blasph\u00e8me ou la diffamation. Si vous pensez qu'une publication contient du mat\u00e9riel prot\u00e9g\u00e9 par des droits d'auteur, veuillez nous en informer \u00e0 l'adresse suivante&nbsp;<a href=\"mailto:custsupport@innoserv.com\" target=\"_blank\" rel=\"noopener\">custsupport@innoserv.com<\/a>&nbsp;et identifiez la publication et le contenu qui, selon vous, sont prot\u00e9g\u00e9s par le droit d'auteur et doivent \u00eatre retir\u00e9s.<\/li>\n<li><b>Autres termes importants.<\/b> En utilisant le site, vous acceptez que les lois en vigueur dans l'\u00c9tat du Michigan, sans choix de principes juridiques, r\u00e9gissent tout litige concernant le site et vous acceptez la comp\u00e9tence personnelle et la comp\u00e9tence des tribunaux d'\u00c9tat et f\u00e9d\u00e9raux de l'\u00c9tat du Michigan, dans le comt\u00e9 de Kent. Le pr\u00e9sent accord n'est pas r\u00e9gi par la Convention des Nations unies sur les contrats de vente internationale de marchandises, dont l'application est express\u00e9ment exclue. Si une disposition des pr\u00e9sentes conditions est jug\u00e9e nulle et inapplicable, cela n'affectera pas la validit\u00e9 et l'applicabilit\u00e9 de toute autre disposition des pr\u00e9sentes conditions. En outre, toute disposition jug\u00e9e nulle ou inapplicable sera automatiquement modifi\u00e9e de la mani\u00e8re la plus minimale possible afin de la rendre valide et applicable. Vous acceptez que tout produit re\u00e7u de InnoServ ne soit pas exp\u00e9di\u00e9, transf\u00e9r\u00e9 ou export\u00e9 dans un pays ou utilis\u00e9 d'une mani\u00e8re interdite par la loi am\u00e9ricaine sur l'administration des exportations (Export Administration Act) ou toute autre loi, restriction ou r\u00e9glementation en mati\u00e8re d'exportation.<\/li>\n<\/ol>\t\t\t\t\t\t\t\t<\/div>\n\t\t\t\t<\/div>\n\t\t\t\t\t<\/div>\n\t\t\t\t<\/div>\n\t\t\t\t<\/div>","protected":false},"excerpt":{"rendered":"<p>Terms of Use Agreement Last modified February 18, 2021 These terms (&#8220;Terms&#8221;) define the manner in which you may use the websites of InnoServ Solutions, LLC (\u201cInnoServ\u201d) innoserv.com (the &#8220;Site&#8221;). By using or visiting the Site, you are agreeing on behalf of yourself, as well as any employees or agents whom you authorize to use [&hellip;]<\/p>\n","protected":false},"author":1,"featured_media":0,"parent":0,"menu_order":0,"comment_status":"closed","ping_status":"closed","template":"","meta":{"footnotes":""},"class_list":["post-1115","page","type-page","status-publish","hentry"],"yoast_head":"<!-- This site is optimized with the Yoast SEO plugin v27.1.1 - https:\/\/yoast.com\/product\/yoast-seo-wordpress\/ -->\n<title>Terms of Use - InnoServ Solutions, LLC.<\/title>\n<meta name=\"robots\" content=\"index, follow, max-snippet:-1, max-image-preview:large, max-video-preview:-1\" \/>\n<link rel=\"canonical\" href=\"https:\/\/innoserv.com\/fr\/terms-of-use\/\" \/>\n<meta property=\"og:locale\" content=\"fr_CA\" \/>\n<meta property=\"og:type\" content=\"article\" \/>\n<meta property=\"og:title\" content=\"Terms of Use - InnoServ Solutions, LLC.\" \/>\n<meta property=\"og:description\" content=\"Terms of Use Agreement Last modified February 18, 2021 These terms (&#8220;Terms&#8221;) define the manner in which you may use the websites of InnoServ Solutions, LLC (\u201cInnoServ\u201d) innoserv.com (the &#8220;Site&#8221;). By using or visiting the Site, you are agreeing on behalf of yourself, as well as any employees or agents whom you authorize to use [&hellip;]\" \/>\n<meta property=\"og:url\" content=\"https:\/\/innoserv.com\/fr\/terms-of-use\/\" \/>\n<meta property=\"og:site_name\" content=\"InnoServ Solutions, LLC.\" \/>\n<meta property=\"article:publisher\" content=\"https:\/\/www.facebook.com\/innoservsolutions\" \/>\n<meta property=\"article:modified_time\" content=\"2025-03-11T19:10:31+00:00\" \/>\n<meta name=\"twitter:card\" content=\"summary_large_image\" \/>\n<meta name=\"twitter:label1\" content=\"Est. reading time\" \/>\n\t<meta name=\"twitter:data1\" content=\"6 minutes\" \/>\n<script type=\"application\/ld+json\" class=\"yoast-schema-graph\">{\"@context\":\"https:\/\/schema.org\",\"@graph\":[{\"@type\":\"WebPage\",\"@id\":\"https:\/\/innoserv.com\/fr\/terms-of-use\/\",\"url\":\"https:\/\/innoserv.com\/fr\/terms-of-use\/\",\"name\":\"Terms of Use - InnoServ Solutions, LLC.\",\"isPartOf\":{\"@id\":\"https:\/\/innoserv.com\/#website\"},\"datePublished\":\"2025-03-11T18:50:58+00:00\",\"dateModified\":\"2025-03-11T19:10:31+00:00\",\"breadcrumb\":{\"@id\":\"https:\/\/innoserv.com\/fr\/terms-of-use\/#breadcrumb\"},\"inLanguage\":\"fr-CA\",\"potentialAction\":[{\"@type\":\"ReadAction\",\"target\":[\"https:\/\/innoserv.com\/fr\/terms-of-use\/\"]}]},{\"@type\":\"BreadcrumbList\",\"@id\":\"https:\/\/innoserv.com\/fr\/terms-of-use\/#breadcrumb\",\"itemListElement\":[{\"@type\":\"ListItem\",\"position\":1,\"name\":\"Home\",\"item\":\"https:\/\/innoserv.com\/\"},{\"@type\":\"ListItem\",\"position\":2,\"name\":\"Terms of Use\"}]},{\"@type\":\"WebSite\",\"@id\":\"https:\/\/innoserv.com\/#website\",\"url\":\"https:\/\/innoserv.com\/\",\"name\":\"InnoServ, LLC.\",\"description\":\"\",\"publisher\":{\"@id\":\"https:\/\/innoserv.com\/#organization\"},\"potentialAction\":[{\"@type\":\"SearchAction\",\"target\":{\"@type\":\"EntryPoint\",\"urlTemplate\":\"https:\/\/innoserv.com\/?s={search_term_string}\"},\"query-input\":{\"@type\":\"PropertyValueSpecification\",\"valueRequired\":true,\"valueName\":\"search_term_string\"}}],\"inLanguage\":\"fr-CA\"},{\"@type\":\"Organization\",\"@id\":\"https:\/\/innoserv.com\/#organization\",\"name\":\"InnoServ, LLC.\",\"url\":\"https:\/\/innoserv.com\/\",\"logo\":{\"@type\":\"ImageObject\",\"inLanguage\":\"fr-CA\",\"@id\":\"https:\/\/innoserv.com\/#\/schema\/logo\/image\/\",\"url\":\"https:\/\/innoserv.com\/wp-content\/uploads\/2025\/01\/BGInnoServLogowithTagline.webp\",\"contentUrl\":\"https:\/\/innoserv.com\/wp-content\/uploads\/2025\/01\/BGInnoServLogowithTagline.webp\",\"width\":1500,\"height\":397,\"caption\":\"InnoServ, LLC.\"},\"image\":{\"@id\":\"https:\/\/innoserv.com\/#\/schema\/logo\/image\/\"},\"sameAs\":[\"https:\/\/www.facebook.com\/innoservsolutions\",\"https:\/\/www.linkedin.com\/company\/innoserv-solutions\/posts\/?feedView=all\"]}]}<\/script>\n<!-- \/ Yoast SEO plugin. -->","yoast_head_json":{"title":"Conditions d'utilisation - InnoServ Solutions, LLC.","robots":{"index":"index","follow":"follow","max-snippet":"max-snippet:-1","max-image-preview":"max-image-preview:large","max-video-preview":"max-video-preview:-1"},"canonical":"https:\/\/innoserv.com\/fr\/terms-of-use\/","og_locale":"fr_CA","og_type":"article","og_title":"Terms of Use - InnoServ Solutions, LLC.","og_description":"Terms of Use Agreement Last modified February 18, 2021 These terms (&#8220;Terms&#8221;) define the manner in which you may use the websites of InnoServ Solutions, LLC (\u201cInnoServ\u201d) innoserv.com (the &#8220;Site&#8221;). By using or visiting the Site, you are agreeing on behalf of yourself, as well as any employees or agents whom you authorize to use [&hellip;]","og_url":"https:\/\/innoserv.com\/fr\/terms-of-use\/","og_site_name":"InnoServ Solutions, LLC.","article_publisher":"https:\/\/www.facebook.com\/innoservsolutions","article_modified_time":"2025-03-11T19:10:31+00:00","twitter_card":"summary_large_image","twitter_misc":{"Est. reading time":"6 minutes"},"schema":{"@context":"https:\/\/schema.org","@graph":[{"@type":"WebPage","@id":"https:\/\/innoserv.com\/fr\/terms-of-use\/","url":"https:\/\/innoserv.com\/fr\/terms-of-use\/","name":"Conditions d'utilisation - InnoServ Solutions, LLC.","isPartOf":{"@id":"https:\/\/innoserv.com\/#website"},"datePublished":"2025-03-11T18:50:58+00:00","dateModified":"2025-03-11T19:10:31+00:00","breadcrumb":{"@id":"https:\/\/innoserv.com\/fr\/terms-of-use\/#breadcrumb"},"inLanguage":"fr-CA","potentialAction":[{"@type":"ReadAction","target":["https:\/\/innoserv.com\/fr\/terms-of-use\/"]}]},{"@type":"BreadcrumbList","@id":"https:\/\/innoserv.com\/fr\/terms-of-use\/#breadcrumb","itemListElement":[{"@type":"ListItem","position":1,"name":"Home","item":"https:\/\/innoserv.com\/"},{"@type":"ListItem","position":2,"name":"Terms of Use"}]},{"@type":"WebSite","@id":"https:\/\/innoserv.com\/#website","url":"https:\/\/innoserv.com\/","name":"InnoServ, LLC.","description":"","publisher":{"@id":"https:\/\/innoserv.com\/#organization"},"potentialAction":[{"@type":"SearchAction","target":{"@type":"EntryPoint","urlTemplate":"https:\/\/innoserv.com\/?s={search_term_string}"},"query-input":{"@type":"PropertyValueSpecification","valueRequired":true,"valueName":"search_term_string"}}],"inLanguage":"fr-CA"},{"@type":"Organization","@id":"https:\/\/innoserv.com\/#organization","name":"InnoServ, LLC.","url":"https:\/\/innoserv.com\/","logo":{"@type":"ImageObject","inLanguage":"fr-CA","@id":"https:\/\/innoserv.com\/#\/schema\/logo\/image\/","url":"https:\/\/innoserv.com\/wp-content\/uploads\/2025\/01\/BGInnoServLogowithTagline.webp","contentUrl":"https:\/\/innoserv.com\/wp-content\/uploads\/2025\/01\/BGInnoServLogowithTagline.webp","width":1500,"height":397,"caption":"InnoServ, LLC."},"image":{"@id":"https:\/\/innoserv.com\/#\/schema\/logo\/image\/"},"sameAs":["https:\/\/www.facebook.com\/innoservsolutions","https:\/\/www.linkedin.com\/company\/innoserv-solutions\/posts\/?feedView=all"]}]}},"_links":{"self":[{"href":"https:\/\/innoserv.com\/fr\/wp-json\/wp\/v2\/pages\/1115","targetHints":{"allow":["GET"]}}],"collection":[{"href":"https:\/\/innoserv.com\/fr\/wp-json\/wp\/v2\/pages"}],"about":[{"href":"https:\/\/innoserv.com\/fr\/wp-json\/wp\/v2\/types\/page"}],"author":[{"embeddable":true,"href":"https:\/\/innoserv.com\/fr\/wp-json\/wp\/v2\/users\/1"}],"replies":[{"embeddable":true,"href":"https:\/\/innoserv.com\/fr\/wp-json\/wp\/v2\/comments?post=1115"}],"version-history":[{"count":28,"href":"https:\/\/innoserv.com\/fr\/wp-json\/wp\/v2\/pages\/1115\/revisions"}],"predecessor-version":[{"id":1171,"href":"https:\/\/innoserv.com\/fr\/wp-json\/wp\/v2\/pages\/1115\/revisions\/1171"}],"wp:attachment":[{"href":"https:\/\/innoserv.com\/fr\/wp-json\/wp\/v2\/media?parent=1115"}],"curies":[{"name":"wp","href":"https:\/\/api.w.org\/{rel}","templated":true}]}}