{"id":1155,"date":"2025-03-11T19:05:36","date_gmt":"2025-03-11T19:05:36","guid":{"rendered":"https:\/\/dev-innoserv.pantheonsite.io\/?page_id=1155"},"modified":"2025-03-11T20:47:32","modified_gmt":"2025-03-11T20:47:32","slug":"copyright-and-trademark-policies","status":"publish","type":"page","link":"https:\/\/innoserv.com\/fr\/copyright-and-trademark-policies\/","title":{"rendered":"Politiques en mati\u00e8re de droits d'auteur et de marques"},"content":{"rendered":"<div data-elementor-type=\"wp-page\" data-elementor-id=\"1155\" class=\"elementor elementor-1155\" data-elementor-post-type=\"page\">\n\t\t\t\t<div data-particle_enable=\"false\" data-particle-mobile-disabled=\"false\" class=\"elementor-element elementor-element-0a5832a e-flex e-con-boxed e-con e-parent\" data-id=\"0a5832a\" data-element_type=\"container\" data-e-type=\"container\" data-settings=\"{&quot;background_background&quot;:&quot;classic&quot;}\">\n\t\t\t\t\t<div class=\"e-con-inner\">\n\t\t\t\t\t<\/div>\n\t\t\t\t<\/div>\n\t\t<div data-particle_enable=\"false\" data-particle-mobile-disabled=\"false\" class=\"elementor-element elementor-element-160b674 e-flex e-con-boxed e-con e-parent\" data-id=\"160b674\" data-element_type=\"container\" data-e-type=\"container\">\n\t\t\t\t\t<div class=\"e-con-inner\">\n\t\t\t\t<div class=\"elementor-element elementor-element-903c5a7 elementor-widget elementor-widget-heading\" data-id=\"903c5a7\" data-element_type=\"widget\" data-e-type=\"widget\" data-widget_type=\"heading.default\">\n\t\t\t\t<div class=\"elementor-widget-container\">\n\t\t\t\t\t<h3 class=\"elementor-heading-title elementor-size-default\">Politiques en mati\u00e8re de droits d'auteur et de marques<\/h3>\t\t\t\t<\/div>\n\t\t\t\t<\/div>\n\t\t\t\t<div class=\"elementor-element elementor-element-d8a8aeb terms elementor-widget elementor-widget-text-editor\" data-id=\"d8a8aeb\" data-element_type=\"widget\" data-e-type=\"widget\" data-widget_type=\"text-editor.default\">\n\t\t\t\t<div class=\"elementor-widget-container\">\n\t\t\t\t\t\t\t\t\t<p>Politiques en mati\u00e8re de droits d'auteur et de marques<\/p><p><em>Derni\u00e8re modification le 18 f\u00e9vrier 2021<\/em><\/p><p>\u00a0<\/p><p>Droit d'auteur<\/p><p>InnoServ Solutions, LLC\u2122<\/p><p>Grand Rapids, Michigan, \u00c9tats-Unis<\/p><p>Tous droits r\u00e9serv\u00e9s.<\/p><p>\u00a0<\/p><p>Les informations contenues sur ce site sont prot\u00e9g\u00e9es par le droit d'auteur. Une personne ne peut copier les informations contenues sur ce site que pour son usage personnel. Toute information contenue sur ce site ne peut \u00eatre copi\u00e9e, distribu\u00e9e, reproduite, t\u00e9l\u00e9charg\u00e9e, republi\u00e9e, affich\u00e9e, post\u00e9e ou transmise de quelque mani\u00e8re que ce soit, y compris, mais sans s'y limiter, par des moyens \u00e9lectroniques, m\u00e9caniques, par photocopie, par enregistrement ou par d'autres moyens, sans l'autorisation \u00e9crite expresse d'InnoServ Solutions, LLC.<\/p><p>Toutes les marques commerciales et marques de service de InnoServ Solutions, LLC sont prot\u00e9g\u00e9es par la loi. L'utilisation de ces marques n'est pas autoris\u00e9e sans le consentement \u00e9crit de InnoServ Solutions, LLC. Si InnoServ Solutions, LLC consent \u00e0 ce que vous utilisiez l'une des marques, vous ne devez utiliser ces marques qu'en conformit\u00e9 avec les pratiques accept\u00e9es en mati\u00e8re de marques, y compris l'identification de InnoServ Solutions, LLC en tant que propri\u00e9taire des marques. Les marques ne peuvent \u00eatre utilis\u00e9es que pour identifier les imprim\u00e9s produits par le site. L'utilisation des marques commerciales ne conf\u00e8re aucun droit de propri\u00e9t\u00e9 sur les marques commerciales.<\/p><p>\u00a0<\/p><p>Marques d\u00e9pos\u00e9es et marques commerciales<\/p><p>InnoServ\u2122<\/p><p>Nettoyage innovant et services de boissons\u2122<\/p><p>InnoServ Solutions\u2122<\/p>\t\t\t\t\t\t\t\t<\/div>\n\t\t\t\t<\/div>\n\t\t\t\t\t<\/div>\n\t\t\t\t<\/div>\n\t\t\t\t<\/div>","protected":false},"excerpt":{"rendered":"<p>Copyright and Trademark Policies Copyright and Trademark Policies Last modified February 18, 2021 \u00a0 Copyright InnoServ Solutions, LLC\u2122 Grand Rapids, Michigan, USA All Rights Reserved. \u00a0 The information contained on this website is protected by copyright. An individual may only copy information contained on this website for their personal use. Any information contained on this [&hellip;]<\/p>\n","protected":false},"author":1,"featured_media":0,"parent":0,"menu_order":0,"comment_status":"closed","ping_status":"closed","template":"","meta":{"footnotes":""},"class_list":["post-1155","page","type-page","status-publish","hentry"],"yoast_head":"<!-- This site is optimized with the Yoast SEO plugin v27.1.1 - https:\/\/yoast.com\/product\/yoast-seo-wordpress\/ -->\n<title>Copyright and Trademark Policies - InnoServ Solutions, LLC.<\/title>\n<meta name=\"robots\" content=\"index, follow, max-snippet:-1, max-image-preview:large, max-video-preview:-1\" \/>\n<link rel=\"canonical\" href=\"https:\/\/innoserv.com\/fr\/copyright-and-trademark-policies\/\" \/>\n<meta property=\"og:locale\" content=\"fr_CA\" \/>\n<meta property=\"og:type\" content=\"article\" \/>\n<meta property=\"og:title\" content=\"Copyright and Trademark Policies - InnoServ Solutions, LLC.\" \/>\n<meta property=\"og:description\" content=\"Copyright and Trademark Policies Copyright and Trademark Policies Last modified February 18, 2021 \u00a0 Copyright InnoServ Solutions, LLC\u2122 Grand Rapids, Michigan, USA All Rights Reserved. \u00a0 The information contained on this website is protected by copyright. An individual may only copy information contained on this website for their personal use. Any information contained on this [&hellip;]\" \/>\n<meta property=\"og:url\" content=\"https:\/\/innoserv.com\/fr\/copyright-and-trademark-policies\/\" \/>\n<meta property=\"og:site_name\" content=\"InnoServ Solutions, LLC.\" \/>\n<meta property=\"article:publisher\" content=\"https:\/\/www.facebook.com\/innoservsolutions\" \/>\n<meta property=\"article:modified_time\" content=\"2025-03-11T20:47:32+00:00\" \/>\n<meta name=\"twitter:card\" content=\"summary_large_image\" \/>\n<meta name=\"twitter:label1\" content=\"Est. reading time\" \/>\n\t<meta name=\"twitter:data1\" content=\"1 minute\" \/>\n<script type=\"application\/ld+json\" class=\"yoast-schema-graph\">{\"@context\":\"https:\/\/schema.org\",\"@graph\":[{\"@type\":\"WebPage\",\"@id\":\"https:\/\/innoserv.com\/fr\/copyright-and-trademark-policies\/\",\"url\":\"https:\/\/innoserv.com\/fr\/copyright-and-trademark-policies\/\",\"name\":\"Copyright and Trademark Policies - InnoServ Solutions, LLC.\",\"isPartOf\":{\"@id\":\"https:\/\/innoserv.com\/#website\"},\"datePublished\":\"2025-03-11T19:05:36+00:00\",\"dateModified\":\"2025-03-11T20:47:32+00:00\",\"breadcrumb\":{\"@id\":\"https:\/\/innoserv.com\/fr\/copyright-and-trademark-policies\/#breadcrumb\"},\"inLanguage\":\"fr-CA\",\"potentialAction\":[{\"@type\":\"ReadAction\",\"target\":[\"https:\/\/innoserv.com\/fr\/copyright-and-trademark-policies\/\"]}]},{\"@type\":\"BreadcrumbList\",\"@id\":\"https:\/\/innoserv.com\/fr\/copyright-and-trademark-policies\/#breadcrumb\",\"itemListElement\":[{\"@type\":\"ListItem\",\"position\":1,\"name\":\"Home\",\"item\":\"https:\/\/innoserv.com\/\"},{\"@type\":\"ListItem\",\"position\":2,\"name\":\"Copyright and Trademark Policies\"}]},{\"@type\":\"WebSite\",\"@id\":\"https:\/\/innoserv.com\/#website\",\"url\":\"https:\/\/innoserv.com\/\",\"name\":\"InnoServ, LLC.\",\"description\":\"\",\"publisher\":{\"@id\":\"https:\/\/innoserv.com\/#organization\"},\"potentialAction\":[{\"@type\":\"SearchAction\",\"target\":{\"@type\":\"EntryPoint\",\"urlTemplate\":\"https:\/\/innoserv.com\/?s={search_term_string}\"},\"query-input\":{\"@type\":\"PropertyValueSpecification\",\"valueRequired\":true,\"valueName\":\"search_term_string\"}}],\"inLanguage\":\"fr-CA\"},{\"@type\":\"Organization\",\"@id\":\"https:\/\/innoserv.com\/#organization\",\"name\":\"InnoServ, LLC.\",\"url\":\"https:\/\/innoserv.com\/\",\"logo\":{\"@type\":\"ImageObject\",\"inLanguage\":\"fr-CA\",\"@id\":\"https:\/\/innoserv.com\/#\/schema\/logo\/image\/\",\"url\":\"https:\/\/innoserv.com\/wp-content\/uploads\/2025\/01\/BGInnoServLogowithTagline.webp\",\"contentUrl\":\"https:\/\/innoserv.com\/wp-content\/uploads\/2025\/01\/BGInnoServLogowithTagline.webp\",\"width\":1500,\"height\":397,\"caption\":\"InnoServ, LLC.\"},\"image\":{\"@id\":\"https:\/\/innoserv.com\/#\/schema\/logo\/image\/\"},\"sameAs\":[\"https:\/\/www.facebook.com\/innoservsolutions\",\"https:\/\/www.linkedin.com\/company\/innoserv-solutions\/posts\/?feedView=all\"]}]}<\/script>\n<!-- \/ Yoast SEO plugin. -->","yoast_head_json":{"title":"Copyright and Trademark Policies - InnoServ Solutions, LLC.","robots":{"index":"index","follow":"follow","max-snippet":"max-snippet:-1","max-image-preview":"max-image-preview:large","max-video-preview":"max-video-preview:-1"},"canonical":"https:\/\/innoserv.com\/fr\/copyright-and-trademark-policies\/","og_locale":"fr_CA","og_type":"article","og_title":"Copyright and Trademark Policies - InnoServ Solutions, LLC.","og_description":"Copyright and Trademark Policies Copyright and Trademark Policies Last modified February 18, 2021 \u00a0 Copyright InnoServ Solutions, LLC\u2122 Grand Rapids, Michigan, USA All Rights Reserved. \u00a0 The information contained on this website is protected by copyright. An individual may only copy information contained on this website for their personal use. Any information contained on this [&hellip;]","og_url":"https:\/\/innoserv.com\/fr\/copyright-and-trademark-policies\/","og_site_name":"InnoServ Solutions, LLC.","article_publisher":"https:\/\/www.facebook.com\/innoservsolutions","article_modified_time":"2025-03-11T20:47:32+00:00","twitter_card":"summary_large_image","twitter_misc":{"Est. reading time":"1 minute"},"schema":{"@context":"https:\/\/schema.org","@graph":[{"@type":"WebPage","@id":"https:\/\/innoserv.com\/fr\/copyright-and-trademark-policies\/","url":"https:\/\/innoserv.com\/fr\/copyright-and-trademark-policies\/","name":"Copyright and Trademark Policies - InnoServ Solutions, LLC.","isPartOf":{"@id":"https:\/\/innoserv.com\/#website"},"datePublished":"2025-03-11T19:05:36+00:00","dateModified":"2025-03-11T20:47:32+00:00","breadcrumb":{"@id":"https:\/\/innoserv.com\/fr\/copyright-and-trademark-policies\/#breadcrumb"},"inLanguage":"fr-CA","potentialAction":[{"@type":"ReadAction","target":["https:\/\/innoserv.com\/fr\/copyright-and-trademark-policies\/"]}]},{"@type":"BreadcrumbList","@id":"https:\/\/innoserv.com\/fr\/copyright-and-trademark-policies\/#breadcrumb","itemListElement":[{"@type":"ListItem","position":1,"name":"Home","item":"https:\/\/innoserv.com\/"},{"@type":"ListItem","position":2,"name":"Copyright and Trademark Policies"}]},{"@type":"WebSite","@id":"https:\/\/innoserv.com\/#website","url":"https:\/\/innoserv.com\/","name":"InnoServ, LLC.","description":"","publisher":{"@id":"https:\/\/innoserv.com\/#organization"},"potentialAction":[{"@type":"SearchAction","target":{"@type":"EntryPoint","urlTemplate":"https:\/\/innoserv.com\/?s={search_term_string}"},"query-input":{"@type":"PropertyValueSpecification","valueRequired":true,"valueName":"search_term_string"}}],"inLanguage":"fr-CA"},{"@type":"Organization","@id":"https:\/\/innoserv.com\/#organization","name":"InnoServ, LLC.","url":"https:\/\/innoserv.com\/","logo":{"@type":"ImageObject","inLanguage":"fr-CA","@id":"https:\/\/innoserv.com\/#\/schema\/logo\/image\/","url":"https:\/\/innoserv.com\/wp-content\/uploads\/2025\/01\/BGInnoServLogowithTagline.webp","contentUrl":"https:\/\/innoserv.com\/wp-content\/uploads\/2025\/01\/BGInnoServLogowithTagline.webp","width":1500,"height":397,"caption":"InnoServ, LLC."},"image":{"@id":"https:\/\/innoserv.com\/#\/schema\/logo\/image\/"},"sameAs":["https:\/\/www.facebook.com\/innoservsolutions","https:\/\/www.linkedin.com\/company\/innoserv-solutions\/posts\/?feedView=all"]}]}},"_links":{"self":[{"href":"https:\/\/innoserv.com\/fr\/wp-json\/wp\/v2\/pages\/1155","targetHints":{"allow":["GET"]}}],"collection":[{"href":"https:\/\/innoserv.com\/fr\/wp-json\/wp\/v2\/pages"}],"about":[{"href":"https:\/\/innoserv.com\/fr\/wp-json\/wp\/v2\/types\/page"}],"author":[{"embeddable":true,"href":"https:\/\/innoserv.com\/fr\/wp-json\/wp\/v2\/users\/1"}],"replies":[{"embeddable":true,"href":"https:\/\/innoserv.com\/fr\/wp-json\/wp\/v2\/comments?post=1155"}],"version-history":[{"count":13,"href":"https:\/\/innoserv.com\/fr\/wp-json\/wp\/v2\/pages\/1155\/revisions"}],"predecessor-version":[{"id":1213,"href":"https:\/\/innoserv.com\/fr\/wp-json\/wp\/v2\/pages\/1155\/revisions\/1213"}],"wp:attachment":[{"href":"https:\/\/innoserv.com\/fr\/wp-json\/wp\/v2\/media?parent=1155"}],"curies":[{"name":"wp","href":"https:\/\/api.w.org\/{rel}","templated":true}]}}