{"id":528,"date":"2025-03-04T18:20:51","date_gmt":"2025-03-04T18:20:51","guid":{"rendered":"https:\/\/dev-innoserv.pantheonsite.io\/?page_id=528"},"modified":"2025-03-04T18:38:52","modified_gmt":"2025-03-04T18:38:52","slug":"warewash","status":"publish","type":"page","link":"https:\/\/innoserv.com\/fr\/services\/warewash\/","title":{"rendered":"Lavage de l'entrep\u00f4t"},"content":{"rendered":"<div data-elementor-type=\"wp-page\" data-elementor-id=\"528\" class=\"elementor elementor-528\" data-elementor-post-type=\"page\">\n\t\t\t\t<div data-particle_enable=\"false\" data-particle-mobile-disabled=\"false\" class=\"elementor-element elementor-element-e005f5a e-con-full e-flex e-con e-parent\" data-id=\"e005f5a\" data-element_type=\"container\" data-e-type=\"container\" data-settings=\"{&quot;background_background&quot;:&quot;classic&quot;}\">\n\t\t\t\t<\/div>\n\t\t<div data-particle_enable=\"false\" data-particle-mobile-disabled=\"false\" class=\"elementor-element elementor-element-3c245d7 e-flex e-con-boxed e-con e-parent\" data-id=\"3c245d7\" data-element_type=\"container\" data-e-type=\"container\" data-settings=\"{&quot;background_background&quot;:&quot;classic&quot;}\">\n\t\t\t\t\t<div class=\"e-con-inner\">\n\t\t\t\t<div class=\"elementor-element elementor-element-6a40719 elementor-widget elementor-widget-heading\" data-id=\"6a40719\" data-element_type=\"widget\" data-e-type=\"widget\" data-widget_type=\"heading.default\">\n\t\t\t\t<div class=\"elementor-widget-container\">\n\t\t\t\t\t<h3 class=\"elementor-heading-title elementor-size-default\">Un service de classe mondiale avec une r\u00e9putation irr\u00e9prochable et un r\u00e9sultat net \u00e9tincelant<\/h3>\t\t\t\t<\/div>\n\t\t\t\t<\/div>\n\t\t\t\t\t<\/div>\n\t\t\t\t<\/div>\n\t\t<div data-particle_enable=\"false\" data-particle-mobile-disabled=\"false\" class=\"elementor-element elementor-element-195644a e-flex e-con-boxed e-con e-parent\" data-id=\"195644a\" data-element_type=\"container\" data-e-type=\"container\">\n\t\t\t\t\t<div class=\"e-con-inner\">\n\t\t<div data-particle_enable=\"false\" data-particle-mobile-disabled=\"false\" class=\"elementor-element elementor-element-43e1e0a e-con-full e-flex e-con e-child\" data-id=\"43e1e0a\" data-element_type=\"container\" data-e-type=\"container\">\n\t\t\t\t<div class=\"elementor-element elementor-element-3e672c5 elementor-widget elementor-widget-heading\" data-id=\"3e672c5\" data-element_type=\"widget\" data-e-type=\"widget\" data-widget_type=\"heading.default\">\n\t\t\t\t<div class=\"elementor-widget-container\">\n\t\t\t\t\t<h2 class=\"elementor-heading-title elementor-size-default\">Laissez InnoServ faire le sale boulot<\/h2>\t\t\t\t<\/div>\n\t\t\t\t<\/div>\n\t\t\t\t<div class=\"elementor-element elementor-element-fa13cc2 elementor-widget elementor-widget-image\" data-id=\"fa13cc2\" data-element_type=\"widget\" data-e-type=\"widget\" data-widget_type=\"image.default\">\n\t\t\t\t<div class=\"elementor-widget-container\">\n\t\t\t\t\t\t\t\t\t\t\t\t\t\t\t<img fetchpriority=\"high\" decoding=\"async\" width=\"800\" height=\"450\" src=\"https:\/\/innoserv.com\/wp-content\/uploads\/2025\/03\/InnoServ-1024x576.jpg\" class=\"attachment-large size-large wp-image-539\" alt=\"\" srcset=\"https:\/\/innoserv.com\/wp-content\/uploads\/2025\/03\/InnoServ-1024x576.jpg 1024w, https:\/\/innoserv.com\/wp-content\/uploads\/2025\/03\/InnoServ-300x169.jpg 300w, https:\/\/innoserv.com\/wp-content\/uploads\/2025\/03\/InnoServ-768x432.jpg 768w, https:\/\/innoserv.com\/wp-content\/uploads\/2025\/03\/InnoServ-1536x864.jpg 1536w, https:\/\/innoserv.com\/wp-content\/uploads\/2025\/03\/InnoServ-2048x1152.jpg 2048w, https:\/\/innoserv.com\/wp-content\/uploads\/2025\/03\/InnoServ.webp 1920w\" sizes=\"(max-width: 800px) 100vw, 800px\" \/>\t\t\t\t\t\t\t\t\t\t\t\t\t\t\t<\/div>\n\t\t\t\t<\/div>\n\t\t\t\t<div class=\"elementor-element elementor-element-7d42e37 elementor-widget elementor-widget-text-editor\" data-id=\"7d42e37\" data-element_type=\"widget\" data-e-type=\"widget\" data-widget_type=\"text-editor.default\">\n\t\t\t\t<div class=\"elementor-widget-container\">\n\t\t\t\t\t\t\t\t\t<p>InnoServ\u00ae peut vous fournir l'\u00e9quipement et le service qui vous permettront d'obtenir les meilleurs r\u00e9sultats de nettoyage pour votre budget. Vos clients appr\u00e9cieront vos normes d'hygi\u00e8ne \u00e9lev\u00e9es et vos employ\u00e9s la facilit\u00e9 et la fiabilit\u00e9 du syst\u00e8me de lavage.<\/p>\t\t\t\t\t\t\t\t<\/div>\n\t\t\t\t<\/div>\n\t\t\t\t<\/div>\n\t\t<div data-particle_enable=\"false\" data-particle-mobile-disabled=\"false\" class=\"elementor-element elementor-element-97f62f6 e-con-full e-flex e-con e-child\" data-id=\"97f62f6\" data-element_type=\"container\" data-e-type=\"container\">\n\t\t\t\t<div class=\"elementor-element elementor-element-5e96a09 elementor-widget elementor-widget-heading\" data-id=\"5e96a09\" data-element_type=\"widget\" data-e-type=\"widget\" data-widget_type=\"heading.default\">\n\t\t\t\t<div class=\"elementor-widget-container\">\n\t\t\t\t\t<h4 class=\"elementor-heading-title elementor-size-default\">Nous connaissons votre activit\u00e9<\/h4>\t\t\t\t<\/div>\n\t\t\t\t<\/div>\n\t\t\t\t<div class=\"elementor-element elementor-element-986ba01 elementor-widget elementor-widget-text-editor\" data-id=\"986ba01\" data-element_type=\"widget\" data-e-type=\"widget\" data-widget_type=\"text-editor.default\">\n\t\t\t\t<div class=\"elementor-widget-container\">\n\t\t\t\t\t\t\t\t\t<p>C'est pourquoi nos sp\u00e9cialistes de terrain travaillent aux c\u00f4t\u00e9s d'experts du secteur pour d\u00e9velopper des solutions compl\u00e8tes et innovantes susceptibles d'accro\u00eetre l'efficacit\u00e9 de votre entreprise de bout en bout.<\/p><p>Cette approche d'\u00e9quipe peut am\u00e9liorer votre programme de lavage d'entrep\u00f4ts et maximiser votre flux de tr\u00e9sorerie.<\/p><p>Avec plus de 50 ans d'exp\u00e9rience dans le domaine de l'\u00e9quipement et du lavage d'entrep\u00f4ts, nous connaissons bien la vaisselle sale. De plus, nous savons comment un programme de lavage d'entrep\u00f4ts efficace s'inscrit dans le cadre g\u00e9n\u00e9ral d'une op\u00e9ration bien g\u00e9r\u00e9e.<\/p>\t\t\t\t\t\t\t\t<\/div>\n\t\t\t\t<\/div>\n\t\t\t\t<div class=\"elementor-element elementor-element-368838e elementor-widget elementor-widget-heading\" data-id=\"368838e\" data-element_type=\"widget\" data-e-type=\"widget\" data-widget_type=\"heading.default\">\n\t\t\t\t<div class=\"elementor-widget-container\">\n\t\t\t\t\t<h4 class=\"elementor-heading-title elementor-size-default\">Un service de classe mondiale<\/h4>\t\t\t\t<\/div>\n\t\t\t\t<\/div>\n\t\t\t\t<div class=\"elementor-element elementor-element-e9c9088 elementor-widget elementor-widget-text-editor\" data-id=\"e9c9088\" data-element_type=\"widget\" data-e-type=\"widget\" data-widget_type=\"text-editor.default\">\n\t\t\t\t<div class=\"elementor-widget-container\">\n\t\t\t\t\t\t\t\t\t<p>Nos sp\u00e9cialistes d\u00e9vou\u00e9s suivent une formation continue approfondie afin de maintenir leurs comp\u00e9tences et leurs connaissances \u00e0 la pointe du progr\u00e8s. Tous sont des employ\u00e9s \u00e0 temps plein d'InnoServ - nous ne sous-traitons pas nos services \u00e0 des employ\u00e9s commissionn\u00e9s d'une autre soci\u00e9t\u00e9. Notre succ\u00e8s d\u00e9pend du v\u00f4tre, c'est pourquoi notre \u00e9quipe s'investit pour que vous puissiez continuer \u00e0 fonctionner.<\/p>\t\t\t\t\t\t\t\t<\/div>\n\t\t\t\t<\/div>\n\t\t\t\t<\/div>\n\t\t\t\t\t<\/div>\n\t\t\t\t<\/div>\n\t\t<div data-particle_enable=\"false\" data-particle-mobile-disabled=\"false\" class=\"elementor-element elementor-element-6a7898a e-flex e-con-boxed e-con e-parent\" data-id=\"6a7898a\" data-element_type=\"container\" data-e-type=\"container\" data-settings=\"{&quot;background_background&quot;:&quot;classic&quot;}\">\n\t\t\t\t\t<div class=\"e-con-inner\">\n\t\t\t\t<div class=\"elementor-element elementor-element-32b32ea elementor-widget elementor-widget-heading\" data-id=\"32b32ea\" data-element_type=\"widget\" data-e-type=\"widget\" data-widget_type=\"heading.default\">\n\t\t\t\t<div class=\"elementor-widget-container\">\n\t\t\t\t\t<h2 class=\"elementor-heading-title elementor-size-default\">Comment InnoServ peut-il vous aider aujourd'hui ?<\/h2>\t\t\t\t<\/div>\n\t\t\t\t<\/div>\n\t\t\t\t\t<\/div>\n\t\t\t\t<\/div>\n\t\t<div data-particle_enable=\"false\" data-particle-mobile-disabled=\"false\" class=\"elementor-element elementor-element-46d58f7 e-flex e-con-boxed e-con e-parent\" data-id=\"46d58f7\" data-element_type=\"container\" data-e-type=\"container\">\n\t\t\t\t\t<div class=\"e-con-inner\">\n\t\t<div data-particle_enable=\"false\" data-particle-mobile-disabled=\"false\" class=\"elementor-element elementor-element-f436801 e-con-full e-flex e-con e-child\" data-id=\"f436801\" data-element_type=\"container\" data-e-type=\"container\">\n\t\t\t\t<div class=\"elementor-element elementor-element-ec43636 elementor-widget elementor-widget-video\" data-id=\"ec43636\" data-element_type=\"widget\" data-e-type=\"widget\" data-settings=\"{&quot;youtube_url&quot;:&quot;https:\\\/\\\/youtu.be\\\/hGhi0FNacUc&quot;,&quot;video_type&quot;:&quot;youtube&quot;,&quot;controls&quot;:&quot;yes&quot;}\" data-widget_type=\"video.default\">\n\t\t\t\t<div class=\"elementor-widget-container\">\n\t\t\t\t\t\t\t<div class=\"elementor-wrapper elementor-open-inline\">\n\t\t\t<div class=\"elementor-video\"><\/div>\t\t<\/div>\n\t\t\t\t\t\t<\/div>\n\t\t\t\t<\/div>\n\t\t\t\t<div class=\"elementor-element elementor-element-fc25a8c elementor-widget elementor-widget-heading\" data-id=\"fc25a8c\" data-element_type=\"widget\" data-e-type=\"widget\" data-widget_type=\"heading.default\">\n\t\t\t\t<div class=\"elementor-widget-container\">\n\t\t\t\t\t<h4 class=\"elementor-heading-title elementor-size-default\">Formation<\/h4>\t\t\t\t<\/div>\n\t\t\t\t<\/div>\n\t\t\t\t<div class=\"elementor-element elementor-element-f6d0971 elementor-widget elementor-widget-text-editor\" data-id=\"f6d0971\" data-element_type=\"widget\" data-e-type=\"widget\" data-widget_type=\"text-editor.default\">\n\t\t\t\t<div class=\"elementor-widget-container\">\n\t\t\t\t\t\t\t\t\t<p>Nous nous rendons sur place pour former les employ\u00e9s cl\u00e9s \u00e0 l'utilisation correcte de votre syst\u00e8me de lavage d'entrep\u00f4ts et nous fournissons des documents que vous pouvez int\u00e9grer \u00e0 votre programme de formation. Nous fournissons \u00e9galement des tableaux muraux qui aident \u00e0 rappeler et \u00e0 guider les employ\u00e9s sur l'utilisation correcte du syst\u00e8me.<\/p>\t\t\t\t\t\t\t\t<\/div>\n\t\t\t\t<\/div>\n\t\t\t\t<div class=\"elementor-element elementor-element-4ecaf9c elementor-widget elementor-widget-heading\" data-id=\"4ecaf9c\" data-element_type=\"widget\" data-e-type=\"widget\" data-widget_type=\"heading.default\">\n\t\t\t\t<div class=\"elementor-widget-container\">\n\t\t\t\t\t<h4 class=\"elementor-heading-title elementor-size-default\">Assistance 24\/7<\/h4>\t\t\t\t<\/div>\n\t\t\t\t<\/div>\n\t\t\t\t<div class=\"elementor-element elementor-element-0a3b682 elementor-widget elementor-widget-text-editor\" data-id=\"0a3b682\" data-element_type=\"widget\" data-e-type=\"widget\" data-widget_type=\"text-editor.default\">\n\t\t\t\t<div class=\"elementor-widget-container\">\n\t\t\t\t\t\t\t\t\t<p>Votre sp\u00e9cialiste est soutenu par des centres de service centralis\u00e9s et des centres de ressources techniques. Vous serez toujours en mesure de joindre une personne en direct pour obtenir une r\u00e9ponse rapide aux demandes et aux urgences.<\/p><p>Les fourgons de service sont enti\u00e8rement \u00e9quip\u00e9s d'une grande vari\u00e9t\u00e9 de pi\u00e8ces d\u00e9tach\u00e9es, ce qui permet d'effectuer des r\u00e9parations d\u00e8s la premi\u00e8re visite.<\/p>\t\t\t\t\t\t\t\t<\/div>\n\t\t\t\t<\/div>\n\t\t\t\t<\/div>\n\t\t<div data-particle_enable=\"false\" data-particle-mobile-disabled=\"false\" class=\"elementor-element elementor-element-c42110d e-con-full e-flex e-con e-child\" data-id=\"c42110d\" data-element_type=\"container\" data-e-type=\"container\">\n\t\t\t\t<div class=\"elementor-element elementor-element-11371e4 elementor-widget elementor-widget-heading\" data-id=\"11371e4\" data-element_type=\"widget\" data-e-type=\"widget\" data-widget_type=\"heading.default\">\n\t\t\t\t<div class=\"elementor-widget-container\">\n\t\t\t\t\t<h4 class=\"elementor-heading-title elementor-size-default\">Maintenance<\/h4>\t\t\t\t<\/div>\n\t\t\t\t<\/div>\n\t\t\t\t<div class=\"elementor-element elementor-element-3930a5d elementor-widget elementor-widget-text-editor\" data-id=\"3930a5d\" data-element_type=\"widget\" data-e-type=\"widget\" data-widget_type=\"text-editor.default\">\n\t\t\t\t<div class=\"elementor-widget-container\">\n\t\t\t\t\t\t\t\t\t<p>Des visites d'entretien r\u00e9guli\u00e8res - plus fr\u00e9quentes que la norme de l'industrie - aident \u00e0 pr\u00e9venir les pannes et \u00e0 maintenir le fonctionnement optimal de votre syst\u00e8me. Nous surveillons les performances de l'\u00e9quipement et des produits chimiques pour nous assurer que vous ne gaspillez pas de pr\u00e9cieux dollars. Dans l'\u00e9ventualit\u00e9 peu probable d'un probl\u00e8me, notre \u00e9quipe est sur appel et peut donc \u00eatre pr\u00e9sente pour s'en occuper imm\u00e9diatement. Nous pr\u00e9parons un rapport de service d\u00e9crivant les t\u00e2ches effectu\u00e9es lors de chaque visite.<\/p>\t\t\t\t\t\t\t\t<\/div>\n\t\t\t\t<\/div>\n\t\t\t\t<div class=\"elementor-element elementor-element-74791eb elementor-widget elementor-widget-heading\" data-id=\"74791eb\" data-element_type=\"widget\" data-e-type=\"widget\" data-widget_type=\"heading.default\">\n\t\t\t\t<div class=\"elementor-widget-container\">\n\t\t\t\t\t<h4 class=\"elementor-heading-title elementor-size-default\">Gestion des co\u00fbts<\/h4>\t\t\t\t<\/div>\n\t\t\t\t<\/div>\n\t\t\t\t<div class=\"elementor-element elementor-element-169178b elementor-widget elementor-widget-text-editor\" data-id=\"169178b\" data-element_type=\"widget\" data-e-type=\"widget\" data-widget_type=\"text-editor.default\">\n\t\t\t\t<div class=\"elementor-widget-container\">\n\t\t\t\t\t\t\t\t\t<p>Chaque op\u00e9ration \u00e9tant unique, chaque solution de lavage d'entrep\u00f4ts doit l'\u00eatre \u00e9galement. Nous travaillerons avec vous pour d\u00e9terminer la meilleure combinaison possible d'\u00e9quipements, de produits chimiques, de main-d'\u0153uvre et d'\u00e9nergie pour vos objectifs sp\u00e9cifiques.<\/p><p>Nous proposons une large gamme de syst\u00e8mes de lavage d'entrep\u00f4ts \u00e0 la pointe de la technologie pour r\u00e9pondre aux diff\u00e9rentes charges de lavage, aux diff\u00e9rents am\u00e9nagements de cuisine et aux diff\u00e9rents budgets. Nous analyserons vos op\u00e9rations et vous recommanderons le meilleur \u00e9quipement (et les meilleurs produits chimiques) pour le travail \u00e0 effectuer. Nous \u00e9valuerons m\u00eame le co\u00fbt total de fonctionnement de votre machine, en fonction du nombre de charges, afin de vous aider \u00e0 \u00e9tablir votre budget annuel.<\/p>\t\t\t\t\t\t\t\t<\/div>\n\t\t\t\t<\/div>\n\t\t\t\t<div class=\"elementor-element elementor-element-45ad820 elementor-widget elementor-widget-button\" data-id=\"45ad820\" data-element_type=\"widget\" data-e-type=\"widget\" data-widget_type=\"button.default\">\n\t\t\t\t<div class=\"elementor-widget-container\">\n\t\t\t\t\t\t\t\t\t<div class=\"elementor-button-wrapper\">\n\t\t\t\t\t<a class=\"elementor-button elementor-button-link elementor-size-sm\" href=\"\/wp-content\/uploads\/2025\/03\/359798-InnoServ-Warewash-POS-LR.pdf\" target=\"_blank\">\n\t\t\t\t\t\t<span class=\"elementor-button-content-wrapper\">\n\t\t\t\t\t\t\t\t\t<span class=\"elementor-button-text\">T\u00e9l\u00e9charger la brochure<\/span>\n\t\t\t\t\t<\/span>\n\t\t\t\t\t<\/a>\n\t\t\t\t<\/div>\n\t\t\t\t\t\t\t\t<\/div>\n\t\t\t\t<\/div>\n\t\t\t\t<\/div>\n\t\t\t\t\t<\/div>\n\t\t\t\t<\/div>\n\t\t<div data-particle_enable=\"false\" data-particle-mobile-disabled=\"false\" class=\"elementor-element elementor-element-a71450e e-flex e-con-boxed e-con e-parent\" data-id=\"a71450e\" data-element_type=\"container\" data-e-type=\"container\" data-settings=\"{&quot;background_background&quot;:&quot;classic&quot;}\">\n\t\t\t\t\t<div class=\"e-con-inner\">\n\t\t\t\t<div class=\"elementor-element elementor-element-6ec9a5f elementor-widget elementor-widget-heading\" data-id=\"6ec9a5f\" data-element_type=\"widget\" data-e-type=\"widget\" data-widget_type=\"heading.default\">\n\t\t\t\t<div class=\"elementor-widget-container\">\n\t\t\t\t\t<h2 class=\"elementor-heading-title elementor-size-default\">Des questions avant de commencer ?<\/h2>\t\t\t\t<\/div>\n\t\t\t\t<\/div>\n\t\t\t\t<div class=\"elementor-element elementor-element-1e9f2ba elementor-align-center elementor-widget elementor-widget-button\" data-id=\"1e9f2ba\" data-element_type=\"widget\" data-e-type=\"widget\" data-widget_type=\"button.default\">\n\t\t\t\t<div class=\"elementor-widget-container\">\n\t\t\t\t\t\t\t\t\t<div class=\"elementor-button-wrapper\">\n\t\t\t\t\t<a class=\"elementor-button elementor-button-link elementor-size-sm\" href=\"\/fr\/contact\/\">\n\t\t\t\t\t\t<span class=\"elementor-button-content-wrapper\">\n\t\t\t\t\t\t\t\t\t<span class=\"elementor-button-text\">Prendre contact<\/span>\n\t\t\t\t\t<\/span>\n\t\t\t\t\t<\/a>\n\t\t\t\t<\/div>\n\t\t\t\t\t\t\t\t<\/div>\n\t\t\t\t<\/div>\n\t\t\t\t\t<\/div>\n\t\t\t\t<\/div>\n\t\t\t\t<\/div>","protected":false},"excerpt":{"rendered":"<p>World-Class Service With a Spotless Reputation and a Sparkling Bottom Line Let InnoServ Do Your Dirty Work InnoServ\u00ae can provide the equipment and service that deliver the very best cleaning results for your budget. Your guests will appreciate your high sanitation standards and your employees will appreciate the ease and reliability of the warewash system. [&hellip;]<\/p>\n","protected":false},"author":1,"featured_media":0,"parent":60,"menu_order":0,"comment_status":"closed","ping_status":"closed","template":"","meta":{"footnotes":""},"class_list":["post-528","page","type-page","status-publish","hentry"],"yoast_head":"<!-- This site is optimized with the Yoast SEO plugin v27.1.1 - https:\/\/yoast.com\/product\/yoast-seo-wordpress\/ -->\n<title>Warewash - InnoServ Solutions, LLC.<\/title>\n<meta name=\"robots\" content=\"index, follow, max-snippet:-1, max-image-preview:large, max-video-preview:-1\" \/>\n<link rel=\"canonical\" href=\"https:\/\/innoserv.com\/fr\/services\/warewash\/\" \/>\n<meta property=\"og:locale\" content=\"fr_CA\" \/>\n<meta property=\"og:type\" content=\"article\" \/>\n<meta property=\"og:title\" content=\"Warewash - InnoServ Solutions, LLC.\" \/>\n<meta property=\"og:description\" content=\"World-Class Service With a Spotless Reputation and a Sparkling Bottom Line Let InnoServ Do Your Dirty Work InnoServ\u00ae can provide the equipment and service that deliver the very best cleaning results for your budget. Your guests will appreciate your high sanitation standards and your employees will appreciate the ease and reliability of the warewash system. [&hellip;]\" \/>\n<meta property=\"og:url\" content=\"https:\/\/innoserv.com\/fr\/services\/warewash\/\" \/>\n<meta property=\"og:site_name\" content=\"InnoServ Solutions, LLC.\" \/>\n<meta property=\"article:publisher\" content=\"https:\/\/www.facebook.com\/innoservsolutions\" \/>\n<meta property=\"article:modified_time\" content=\"2025-03-04T18:38:52+00:00\" \/>\n<meta property=\"og:image\" content=\"https:\/\/innoserv.com\/wp-content\/uploads\/2025\/03\/InnoServ-1024x576.jpg\" \/>\n<meta name=\"twitter:card\" content=\"summary_large_image\" \/>\n<meta name=\"twitter:label1\" content=\"Est. reading time\" \/>\n\t<meta name=\"twitter:data1\" content=\"2 minutes\" \/>\n<script type=\"application\/ld+json\" class=\"yoast-schema-graph\">{\"@context\":\"https:\/\/schema.org\",\"@graph\":[{\"@type\":\"WebPage\",\"@id\":\"https:\/\/innoserv.com\/fr\/services\/warewash\/\",\"url\":\"https:\/\/innoserv.com\/fr\/services\/warewash\/\",\"name\":\"Warewash - InnoServ Solutions, LLC.\",\"isPartOf\":{\"@id\":\"https:\/\/innoserv.com\/#website\"},\"primaryImageOfPage\":{\"@id\":\"https:\/\/innoserv.com\/fr\/services\/warewash\/#primaryimage\"},\"image\":{\"@id\":\"https:\/\/innoserv.com\/fr\/services\/warewash\/#primaryimage\"},\"thumbnailUrl\":\"https:\/\/innoserv.com\/wp-content\/uploads\/2025\/03\/InnoServ-1024x576.jpg\",\"datePublished\":\"2025-03-04T18:20:51+00:00\",\"dateModified\":\"2025-03-04T18:38:52+00:00\",\"breadcrumb\":{\"@id\":\"https:\/\/innoserv.com\/fr\/services\/warewash\/#breadcrumb\"},\"inLanguage\":\"fr-CA\",\"potentialAction\":[{\"@type\":\"ReadAction\",\"target\":[\"https:\/\/innoserv.com\/fr\/services\/warewash\/\"]}]},{\"@type\":\"ImageObject\",\"inLanguage\":\"fr-CA\",\"@id\":\"https:\/\/innoserv.com\/fr\/services\/warewash\/#primaryimage\",\"url\":\"https:\/\/innoserv.com\/wp-content\/uploads\/2025\/03\/InnoServ-1024x576.jpg\",\"contentUrl\":\"https:\/\/innoserv.com\/wp-content\/uploads\/2025\/03\/InnoServ-1024x576.jpg\"},{\"@type\":\"BreadcrumbList\",\"@id\":\"https:\/\/innoserv.com\/fr\/services\/warewash\/#breadcrumb\",\"itemListElement\":[{\"@type\":\"ListItem\",\"position\":1,\"name\":\"Home\",\"item\":\"https:\/\/innoserv.com\/\"},{\"@type\":\"ListItem\",\"position\":2,\"name\":\"Services\",\"item\":\"https:\/\/innoserv.com\/fr\/services\/\"},{\"@type\":\"ListItem\",\"position\":3,\"name\":\"Warewash\"}]},{\"@type\":\"WebSite\",\"@id\":\"https:\/\/innoserv.com\/#website\",\"url\":\"https:\/\/innoserv.com\/\",\"name\":\"InnoServ, LLC.\",\"description\":\"\",\"publisher\":{\"@id\":\"https:\/\/innoserv.com\/#organization\"},\"potentialAction\":[{\"@type\":\"SearchAction\",\"target\":{\"@type\":\"EntryPoint\",\"urlTemplate\":\"https:\/\/innoserv.com\/?s={search_term_string}\"},\"query-input\":{\"@type\":\"PropertyValueSpecification\",\"valueRequired\":true,\"valueName\":\"search_term_string\"}}],\"inLanguage\":\"fr-CA\"},{\"@type\":\"Organization\",\"@id\":\"https:\/\/innoserv.com\/#organization\",\"name\":\"InnoServ, LLC.\",\"url\":\"https:\/\/innoserv.com\/\",\"logo\":{\"@type\":\"ImageObject\",\"inLanguage\":\"fr-CA\",\"@id\":\"https:\/\/innoserv.com\/#\/schema\/logo\/image\/\",\"url\":\"https:\/\/innoserv.com\/wp-content\/uploads\/2025\/01\/BGInnoServLogowithTagline.webp\",\"contentUrl\":\"https:\/\/innoserv.com\/wp-content\/uploads\/2025\/01\/BGInnoServLogowithTagline.webp\",\"width\":1500,\"height\":397,\"caption\":\"InnoServ, LLC.\"},\"image\":{\"@id\":\"https:\/\/innoserv.com\/#\/schema\/logo\/image\/\"},\"sameAs\":[\"https:\/\/www.facebook.com\/innoservsolutions\",\"https:\/\/www.linkedin.com\/company\/innoserv-solutions\/posts\/?feedView=all\"]}]}<\/script>\n<!-- \/ Yoast SEO plugin. -->","yoast_head_json":{"title":"Warewash - InnoServ Solutions, LLC.","robots":{"index":"index","follow":"follow","max-snippet":"max-snippet:-1","max-image-preview":"max-image-preview:large","max-video-preview":"max-video-preview:-1"},"canonical":"https:\/\/innoserv.com\/fr\/services\/warewash\/","og_locale":"fr_CA","og_type":"article","og_title":"Warewash - InnoServ Solutions, LLC.","og_description":"World-Class Service With a Spotless Reputation and a Sparkling Bottom Line Let InnoServ Do Your Dirty Work InnoServ\u00ae can provide the equipment and service that deliver the very best cleaning results for your budget. Your guests will appreciate your high sanitation standards and your employees will appreciate the ease and reliability of the warewash system. [&hellip;]","og_url":"https:\/\/innoserv.com\/fr\/services\/warewash\/","og_site_name":"InnoServ Solutions, LLC.","article_publisher":"https:\/\/www.facebook.com\/innoservsolutions","article_modified_time":"2025-03-04T18:38:52+00:00","og_image":[{"url":"https:\/\/innoserv.com\/wp-content\/uploads\/2025\/03\/InnoServ-1024x576.jpg","type":"","width":"","height":""}],"twitter_card":"summary_large_image","twitter_misc":{"Est. reading time":"2 minutes"},"schema":{"@context":"https:\/\/schema.org","@graph":[{"@type":"WebPage","@id":"https:\/\/innoserv.com\/fr\/services\/warewash\/","url":"https:\/\/innoserv.com\/fr\/services\/warewash\/","name":"Warewash - InnoServ Solutions, LLC.","isPartOf":{"@id":"https:\/\/innoserv.com\/#website"},"primaryImageOfPage":{"@id":"https:\/\/innoserv.com\/fr\/services\/warewash\/#primaryimage"},"image":{"@id":"https:\/\/innoserv.com\/fr\/services\/warewash\/#primaryimage"},"thumbnailUrl":"https:\/\/innoserv.com\/wp-content\/uploads\/2025\/03\/InnoServ-1024x576.jpg","datePublished":"2025-03-04T18:20:51+00:00","dateModified":"2025-03-04T18:38:52+00:00","breadcrumb":{"@id":"https:\/\/innoserv.com\/fr\/services\/warewash\/#breadcrumb"},"inLanguage":"fr-CA","potentialAction":[{"@type":"ReadAction","target":["https:\/\/innoserv.com\/fr\/services\/warewash\/"]}]},{"@type":"ImageObject","inLanguage":"fr-CA","@id":"https:\/\/innoserv.com\/fr\/services\/warewash\/#primaryimage","url":"https:\/\/innoserv.com\/wp-content\/uploads\/2025\/03\/InnoServ-1024x576.jpg","contentUrl":"https:\/\/innoserv.com\/wp-content\/uploads\/2025\/03\/InnoServ-1024x576.jpg"},{"@type":"BreadcrumbList","@id":"https:\/\/innoserv.com\/fr\/services\/warewash\/#breadcrumb","itemListElement":[{"@type":"ListItem","position":1,"name":"Home","item":"https:\/\/innoserv.com\/"},{"@type":"ListItem","position":2,"name":"Services","item":"https:\/\/innoserv.com\/fr\/services\/"},{"@type":"ListItem","position":3,"name":"Warewash"}]},{"@type":"WebSite","@id":"https:\/\/innoserv.com\/#website","url":"https:\/\/innoserv.com\/","name":"InnoServ, LLC.","description":"","publisher":{"@id":"https:\/\/innoserv.com\/#organization"},"potentialAction":[{"@type":"SearchAction","target":{"@type":"EntryPoint","urlTemplate":"https:\/\/innoserv.com\/?s={search_term_string}"},"query-input":{"@type":"PropertyValueSpecification","valueRequired":true,"valueName":"search_term_string"}}],"inLanguage":"fr-CA"},{"@type":"Organization","@id":"https:\/\/innoserv.com\/#organization","name":"InnoServ, LLC.","url":"https:\/\/innoserv.com\/","logo":{"@type":"ImageObject","inLanguage":"fr-CA","@id":"https:\/\/innoserv.com\/#\/schema\/logo\/image\/","url":"https:\/\/innoserv.com\/wp-content\/uploads\/2025\/01\/BGInnoServLogowithTagline.webp","contentUrl":"https:\/\/innoserv.com\/wp-content\/uploads\/2025\/01\/BGInnoServLogowithTagline.webp","width":1500,"height":397,"caption":"InnoServ, LLC."},"image":{"@id":"https:\/\/innoserv.com\/#\/schema\/logo\/image\/"},"sameAs":["https:\/\/www.facebook.com\/innoservsolutions","https:\/\/www.linkedin.com\/company\/innoserv-solutions\/posts\/?feedView=all"]}]}},"_links":{"self":[{"href":"https:\/\/innoserv.com\/fr\/wp-json\/wp\/v2\/pages\/528","targetHints":{"allow":["GET"]}}],"collection":[{"href":"https:\/\/innoserv.com\/fr\/wp-json\/wp\/v2\/pages"}],"about":[{"href":"https:\/\/innoserv.com\/fr\/wp-json\/wp\/v2\/types\/page"}],"author":[{"embeddable":true,"href":"https:\/\/innoserv.com\/fr\/wp-json\/wp\/v2\/users\/1"}],"replies":[{"embeddable":true,"href":"https:\/\/innoserv.com\/fr\/wp-json\/wp\/v2\/comments?post=528"}],"version-history":[{"count":22,"href":"https:\/\/innoserv.com\/fr\/wp-json\/wp\/v2\/pages\/528\/revisions"}],"predecessor-version":[{"id":558,"href":"https:\/\/innoserv.com\/fr\/wp-json\/wp\/v2\/pages\/528\/revisions\/558"}],"up":[{"embeddable":true,"href":"https:\/\/innoserv.com\/fr\/wp-json\/wp\/v2\/pages\/60"}],"wp:attachment":[{"href":"https:\/\/innoserv.com\/fr\/wp-json\/wp\/v2\/media?parent=528"}],"curies":[{"name":"wp","href":"https:\/\/api.w.org\/{rel}","templated":true}]}}