{"id":55,"date":"2025-01-23T15:30:31","date_gmt":"2025-01-23T15:30:31","guid":{"rendered":"https:\/\/dev-innoserv.pantheonsite.io\/?page_id=55"},"modified":"2025-03-04T18:32:56","modified_gmt":"2025-03-04T18:32:56","slug":"about","status":"publish","type":"page","link":"https:\/\/innoserv.com\/fr\/about\/","title":{"rendered":"A propos de"},"content":{"rendered":"<div data-elementor-type=\"wp-page\" data-elementor-id=\"55\" class=\"elementor elementor-55\" data-elementor-post-type=\"page\">\n\t\t\t\t<div data-particle_enable=\"false\" data-particle-mobile-disabled=\"false\" class=\"elementor-element elementor-element-4631944 e-flex e-con-boxed e-con e-parent\" data-id=\"4631944\" data-element_type=\"container\" data-e-type=\"container\" data-settings=\"{&quot;background_background&quot;:&quot;video&quot;,&quot;background_video_link&quot;:&quot;https:\\\/\\\/youtu.be\\\/mFK0WDAwqNY&quot;,&quot;background_play_on_mobile&quot;:&quot;yes&quot;,&quot;background_privacy_mode&quot;:&quot;yes&quot;}\">\n\t\t\t\t\t<div class=\"e-con-inner\">\n\t\t<div class=\"elementor-background-video-container\">\n\t\t\t\t\t\t\t<div class=\"elementor-background-video-embed\" role=\"presentation\"><\/div>\n\t\t\t\t\t\t<\/div>\t\t\t<\/div>\n\t\t\t\t<\/div>\n\t\t<div data-particle_enable=\"false\" data-particle-mobile-disabled=\"false\" class=\"elementor-element elementor-element-aa70f75 e-flex e-con-boxed e-con e-parent\" data-id=\"aa70f75\" data-element_type=\"container\" data-e-type=\"container\" data-settings=\"{&quot;background_background&quot;:&quot;classic&quot;}\">\n\t\t\t\t\t<div class=\"e-con-inner\">\n\t\t\t\t<div class=\"elementor-element elementor-element-6e27b64 elementor-widget elementor-widget-heading\" data-id=\"6e27b64\" data-element_type=\"widget\" data-e-type=\"widget\" data-widget_type=\"heading.default\">\n\t\t\t\t<div class=\"elementor-widget-container\">\n\t\t\t\t\t<h2 class=\"elementor-heading-title elementor-size-default\"> Regarder au-del\u00e0 d'aujourd'hui pour un avenir meilleur<\/h2>\t\t\t\t<\/div>\n\t\t\t\t<\/div>\n\t\t\t\t\t<\/div>\n\t\t\t\t<\/div>\n\t\t<div data-particle_enable=\"false\" data-particle-mobile-disabled=\"false\" class=\"elementor-element elementor-element-0e9f804 e-flex e-con-boxed e-con e-parent\" data-id=\"0e9f804\" data-element_type=\"container\" data-e-type=\"container\" data-settings=\"{&quot;background_background&quot;:&quot;classic&quot;}\">\n\t\t\t\t\t<div class=\"e-con-inner\">\n\t\t<div data-particle_enable=\"false\" data-particle-mobile-disabled=\"false\" class=\"elementor-element elementor-element-6de578e e-con-full e-flex e-con e-child\" data-id=\"6de578e\" data-element_type=\"container\" data-e-type=\"container\">\n\t\t\t\t<div class=\"elementor-element elementor-element-cc52e46 elementor-widget elementor-widget-heading\" data-id=\"cc52e46\" data-element_type=\"widget\" data-e-type=\"widget\" data-widget_type=\"heading.default\">\n\t\t\t\t<div class=\"elementor-widget-container\">\n\t\t\t\t\t<h2 class=\"elementor-heading-title elementor-size-default\">Qui sommes-nous ?<\/h2>\t\t\t\t<\/div>\n\t\t\t\t<\/div>\n\t\t\t\t<div class=\"elementor-element elementor-element-9a7b2e6 elementor-widget elementor-widget-text-editor\" data-id=\"9a7b2e6\" data-element_type=\"widget\" data-e-type=\"widget\" data-widget_type=\"text-editor.default\">\n\t\t\t\t<div class=\"elementor-widget-container\">\n\t\t\t\t\t\t\t\t\t<p>InnoServ est l'aboutissement d'ann\u00e9es d'exp\u00e9rience et de r\u00e9flexion sur la mani\u00e8re d'aider les clients du secteur de la restauration, ainsi que sur la mani\u00e8re de rendre le monde meilleur, en fournissant des environnements confortables et s\u00fbrs pour les personnes.<\/p><p>Nous aidons nos clients dans 38 \u00c9tats, notamment Alabama, Arkansas, Connecticut, Colorado, Delaware, Floride, G\u00e9orgie, Illinois, Indiana, Iowa, Kansas, Kentucky, Louisiane, Maine, Maryland, Massachusetts, Michigan, Minnesota, Mississippi, Missouri, Nebraska, New Hampshire, New Jersey, New York, Caroline du Nord, Dakota du Nord, Ohio, Oklahoma, Pennsylvanie, Rhode Island, Caroline du Sud, Dakota du Sud, Tennessee, Texas, Vermont, Virginie, Virginie occidentale et Wisconsin.<\/p>\t\t\t\t\t\t\t\t<\/div>\n\t\t\t\t<\/div>\n\t\t\t\t<\/div>\n\t\t<div data-particle_enable=\"false\" data-particle-mobile-disabled=\"false\" class=\"elementor-element elementor-element-f8359f1 e-con-full e-flex e-con e-child\" data-id=\"f8359f1\" data-element_type=\"container\" data-e-type=\"container\">\n\t\t\t\t<div class=\"elementor-element elementor-element-6fac397 elementor-widget elementor-widget-image\" data-id=\"6fac397\" data-element_type=\"widget\" data-e-type=\"widget\" data-widget_type=\"image.default\">\n\t\t\t\t<div class=\"elementor-widget-container\">\n\t\t\t\t\t\t\t\t\t\t\t\t\t\t\t<img fetchpriority=\"high\" decoding=\"async\" width=\"800\" height=\"1000\" src=\"https:\/\/innoserv.com\/wp-content\/uploads\/2025\/02\/ServiceVan-819x1024.webp\" class=\"attachment-large size-large wp-image-426\" alt=\"\" srcset=\"https:\/\/innoserv.com\/wp-content\/uploads\/2025\/02\/ServiceVan-819x1024.webp 819w, https:\/\/innoserv.com\/wp-content\/uploads\/2025\/02\/ServiceVan-240x300.webp 240w, https:\/\/innoserv.com\/wp-content\/uploads\/2025\/02\/ServiceVan-768x960.webp 768w, https:\/\/innoserv.com\/wp-content\/uploads\/2025\/02\/ServiceVan-1228x1536.webp 1228w, https:\/\/innoserv.com\/wp-content\/uploads\/2025\/02\/ServiceVan.webp 1333w\" sizes=\"(max-width: 800px) 100vw, 800px\" \/>\t\t\t\t\t\t\t\t\t\t\t\t\t\t\t<\/div>\n\t\t\t\t<\/div>\n\t\t\t\t<\/div>\n\t\t\t\t\t<\/div>\n\t\t\t\t<\/div>\n\t\t<div data-particle_enable=\"false\" data-particle-mobile-disabled=\"false\" class=\"elementor-element elementor-element-063ebd0 e-flex e-con-boxed e-con e-parent\" data-id=\"063ebd0\" data-element_type=\"container\" data-e-type=\"container\" data-settings=\"{&quot;background_background&quot;:&quot;classic&quot;}\">\n\t\t\t\t\t<div class=\"e-con-inner\">\n\t\t<div data-particle_enable=\"false\" data-particle-mobile-disabled=\"false\" class=\"elementor-element elementor-element-b828a49 e-con-full e-flex e-con e-child\" data-id=\"b828a49\" data-element_type=\"container\" data-e-type=\"container\">\n\t\t\t\t<div class=\"elementor-element elementor-element-3752e5f elementor-widget elementor-widget-image\" data-id=\"3752e5f\" data-element_type=\"widget\" data-e-type=\"widget\" data-widget_type=\"image.default\">\n\t\t\t\t<div class=\"elementor-widget-container\">\n\t\t\t\t\t\t\t\t\t\t\t\t\t\t\t<img decoding=\"async\" width=\"800\" height=\"999\" src=\"https:\/\/innoserv.com\/wp-content\/uploads\/2025\/02\/HistoricChemicalandBeverageMachineRepair-820x1024.webp\" class=\"attachment-large size-large wp-image-435\" alt=\"\" srcset=\"https:\/\/innoserv.com\/wp-content\/uploads\/2025\/02\/HistoricChemicalandBeverageMachineRepair-820x1024.webp 820w, https:\/\/innoserv.com\/wp-content\/uploads\/2025\/02\/HistoricChemicalandBeverageMachineRepair-240x300.webp 240w, https:\/\/innoserv.com\/wp-content\/uploads\/2025\/02\/HistoricChemicalandBeverageMachineRepair-768x960.jpg 768w, https:\/\/innoserv.com\/wp-content\/uploads\/2025\/02\/HistoricChemicalandBeverageMachineRepair-1229x1536.jpg 1229w, https:\/\/innoserv.com\/wp-content\/uploads\/2025\/02\/HistoricChemicalandBeverageMachineRepair.webp 1537w\" sizes=\"(max-width: 800px) 100vw, 800px\" \/>\t\t\t\t\t\t\t\t\t\t\t\t\t\t\t<\/div>\n\t\t\t\t<\/div>\n\t\t\t\t<\/div>\n\t\t<div data-particle_enable=\"false\" data-particle-mobile-disabled=\"false\" class=\"elementor-element elementor-element-9d86d1c e-con-full e-flex e-con e-child\" data-id=\"9d86d1c\" data-element_type=\"container\" data-e-type=\"container\">\n\t\t\t\t<div class=\"elementor-element elementor-element-8108603 elementor-widget elementor-widget-heading\" data-id=\"8108603\" data-element_type=\"widget\" data-e-type=\"widget\" data-widget_type=\"heading.default\">\n\t\t\t\t<div class=\"elementor-widget-container\">\n\t\t\t\t\t<h2 class=\"elementor-heading-title elementor-size-default\">Retour en arri\u00e8re<\/h2>\t\t\t\t<\/div>\n\t\t\t\t<\/div>\n\t\t\t\t<div class=\"elementor-element elementor-element-7537c8d elementor-widget elementor-widget-text-editor\" data-id=\"7537c8d\" data-element_type=\"widget\" data-e-type=\"widget\" data-widget_type=\"text-editor.default\">\n\t\t\t\t<div class=\"elementor-widget-container\">\n\t\t\t\t\t\t\t\t\t<p>Soucieux de servir nos clients de l'industrie alimentaire, nous avons cherch\u00e9 \u00e0 fournir des produits pour le nettoyage et le service des boissons. Nous avons des ann\u00e9es d'exp\u00e9rience dans la fourniture de boissons et de produits de nettoyage, y compris les jus, les caf\u00e9s et les produits chimiques de marque nationale les plus populaires dans le secteur de la restauration. Nous sommes en mesure de nous approvisionner en produits de haute qualit\u00e9 \u00e0 des prix comp\u00e9titifs gr\u00e2ce \u00e0 des \u00e9conomies d'\u00e9chelle. Pour offrir un service complet \u00e0 nos clients, nous fournissons des \u00e9quipements et des services pour les besoins du nettoyage et du service des boissons.<\/p>\t\t\t\t\t\t\t\t<\/div>\n\t\t\t\t<\/div>\n\t\t\t\t<\/div>\n\t\t\t\t\t<\/div>\n\t\t\t\t<\/div>\n\t\t<div data-particle_enable=\"false\" data-particle-mobile-disabled=\"false\" class=\"elementor-element elementor-element-db0f7d6 e-flex e-con-boxed e-con e-parent\" data-id=\"db0f7d6\" data-element_type=\"container\" data-e-type=\"container\" data-settings=\"{&quot;background_background&quot;:&quot;classic&quot;}\">\n\t\t\t\t\t<div class=\"e-con-inner\">\n\t\t<div data-particle_enable=\"false\" data-particle-mobile-disabled=\"false\" class=\"elementor-element elementor-element-e6420fa e-con-full e-flex e-con e-child\" data-id=\"e6420fa\" data-element_type=\"container\" data-e-type=\"container\">\n\t\t\t\t<div class=\"elementor-element elementor-element-fb62d58 elementor-widget elementor-widget-heading\" data-id=\"fb62d58\" data-element_type=\"widget\" data-e-type=\"widget\" data-widget_type=\"heading.default\">\n\t\t\t\t<div class=\"elementor-widget-container\">\n\t\t\t\t\t<h2 class=\"elementor-heading-title elementor-size-default\">Aller de l'avant<\/h2>\t\t\t\t<\/div>\n\t\t\t\t<\/div>\n\t\t\t\t<div class=\"elementor-element elementor-element-daba738 elementor-widget elementor-widget-text-editor\" data-id=\"daba738\" data-element_type=\"widget\" data-e-type=\"widget\" data-widget_type=\"text-editor.default\">\n\t\t\t\t<div class=\"elementor-widget-container\">\n\t\t\t\t\t\t\t\t\t<p>Depuis son lancement en janvier 2021, InnoServ s'est attach\u00e9 \u00e0 devenir l'autorit\u00e9 de confiance pour les besoins de ses clients en mati\u00e8re de propret\u00e9 de l'environnement et de service des boissons. Notre mission est de fournir des solutions innovantes et avant-gardistes qui non seulement r\u00e9pondent aux d\u00e9fis actuels, mais anticipent \u00e9galement les opportunit\u00e9s \u00e0 venir. En associant un service exceptionnel \u00e0 une innovation de pointe, nous nous effor\u00e7ons de fournir l'\u00e9quipement, les produits et les services de nettoyage et de restauration id\u00e9aux pour garantir la sant\u00e9, la s\u00e9curit\u00e9 et la satisfaction des employ\u00e9s et des clients de nos clients.<\/p>\t\t\t\t\t\t\t\t<\/div>\n\t\t\t\t<\/div>\n\t\t\t\t<\/div>\n\t\t<div data-particle_enable=\"false\" data-particle-mobile-disabled=\"false\" class=\"elementor-element elementor-element-2b22d01 e-con-full e-flex e-con e-child\" data-id=\"2b22d01\" data-element_type=\"container\" data-e-type=\"container\">\n\t\t\t\t<div class=\"elementor-element elementor-element-330d978 elementor-widget elementor-widget-image\" data-id=\"330d978\" data-element_type=\"widget\" data-e-type=\"widget\" data-widget_type=\"image.default\">\n\t\t\t\t<div class=\"elementor-widget-container\">\n\t\t\t\t\t\t\t\t\t\t\t\t\t\t\t<img decoding=\"async\" width=\"772\" height=\"1024\" src=\"https:\/\/innoserv.com\/wp-content\/uploads\/2025\/02\/Checklist-772x1024.jpg\" class=\"attachment-large size-large wp-image-436\" alt=\"\" srcset=\"https:\/\/innoserv.com\/wp-content\/uploads\/2025\/02\/Checklist-772x1024.jpg 772w, https:\/\/innoserv.com\/wp-content\/uploads\/2025\/02\/Checklist-226x300.webp 226w, https:\/\/innoserv.com\/wp-content\/uploads\/2025\/02\/Checklist-768x1018.jpg 768w, https:\/\/innoserv.com\/wp-content\/uploads\/2025\/02\/Checklist-1158x1536.jpg 1158w, https:\/\/innoserv.com\/wp-content\/uploads\/2025\/02\/Checklist-1545x2048.jpg 1545w, https:\/\/innoserv.com\/wp-content\/uploads\/2025\/02\/Checklist.webp 1448w\" sizes=\"(max-width: 772px) 100vw, 772px\" \/>\t\t\t\t\t\t\t\t\t\t\t\t\t\t\t<\/div>\n\t\t\t\t<\/div>\n\t\t\t\t<\/div>\n\t\t\t\t\t<\/div>\n\t\t\t\t<\/div>\n\t\t<div data-particle_enable=\"false\" data-particle-mobile-disabled=\"false\" class=\"elementor-element elementor-element-c575cf7 e-flex e-con-boxed e-con e-parent\" data-id=\"c575cf7\" data-element_type=\"container\" data-e-type=\"container\" data-settings=\"{&quot;background_background&quot;:&quot;classic&quot;}\">\n\t\t\t\t\t<div class=\"e-con-inner\">\n\t\t\t\t<div class=\"elementor-element elementor-element-a731965 elementor-widget elementor-widget-heading\" data-id=\"a731965\" data-element_type=\"widget\" data-e-type=\"widget\" data-widget_type=\"heading.default\">\n\t\t\t\t<div class=\"elementor-widget-container\">\n\t\t\t\t\t<h2 class=\"elementor-heading-title elementor-size-default\">Permettez-nous de nous pr\u00e9senter<\/h2>\t\t\t\t<\/div>\n\t\t\t\t<\/div>\n\t\t\t\t<div class=\"elementor-element elementor-element-d56ab8a elementor-widget elementor-widget-video\" data-id=\"d56ab8a\" data-element_type=\"widget\" data-e-type=\"widget\" data-settings=\"{&quot;youtube_url&quot;:&quot;https:\\\/\\\/youtu.be\\\/hGhi0FNacUc&quot;,&quot;yt_privacy&quot;:&quot;yes&quot;,&quot;video_type&quot;:&quot;youtube&quot;,&quot;controls&quot;:&quot;yes&quot;}\" data-widget_type=\"video.default\">\n\t\t\t\t<div class=\"elementor-widget-container\">\n\t\t\t\t\t\t\t<div class=\"elementor-wrapper elementor-open-inline\">\n\t\t\t<div class=\"elementor-video\"><\/div>\t\t<\/div>\n\t\t\t\t\t\t<\/div>\n\t\t\t\t<\/div>\n\t\t\t\t\t<\/div>\n\t\t\t\t<\/div>\n\t\t<div data-particle_enable=\"false\" data-particle-mobile-disabled=\"false\" class=\"elementor-element elementor-element-0f90b5b e-flex e-con-boxed e-con e-parent\" data-id=\"0f90b5b\" data-element_type=\"container\" data-e-type=\"container\" data-settings=\"{&quot;background_background&quot;:&quot;classic&quot;}\">\n\t\t\t\t\t<div class=\"e-con-inner\">\n\t\t\t\t<div class=\"elementor-element elementor-element-ea78c19 elementor-widget elementor-widget-heading\" data-id=\"ea78c19\" data-element_type=\"widget\" data-e-type=\"widget\" data-widget_type=\"heading.default\">\n\t\t\t\t<div class=\"elementor-widget-container\">\n\t\t\t\t\t<h2 class=\"elementor-heading-title elementor-size-default\">Commencez d\u00e8s aujourd'hui avec InnoServ. <\/h2>\t\t\t\t<\/div>\n\t\t\t\t<\/div>\n\t\t\t\t<div class=\"elementor-element elementor-element-a995489 elementor-align-center elementor-widget elementor-widget-button\" data-id=\"a995489\" data-element_type=\"widget\" data-e-type=\"widget\" data-widget_type=\"button.default\">\n\t\t\t\t<div class=\"elementor-widget-container\">\n\t\t\t\t\t\t\t\t\t<div class=\"elementor-button-wrapper\">\n\t\t\t\t\t<a class=\"elementor-button elementor-button-link elementor-size-sm\" href=\"\/fr\/contact\/\">\n\t\t\t\t\t\t<span class=\"elementor-button-content-wrapper\">\n\t\t\t\t\t\t\t\t\t<span class=\"elementor-button-text\">Nous contacter<\/span>\n\t\t\t\t\t<\/span>\n\t\t\t\t\t<\/a>\n\t\t\t\t<\/div>\n\t\t\t\t\t\t\t\t<\/div>\n\t\t\t\t<\/div>\n\t\t\t\t\t<\/div>\n\t\t\t\t<\/div>\n\t\t\t\t<\/div>","protected":false},"excerpt":{"rendered":"<p>Looking Beyond Today For A Better Tomorrow Who We Are InnoServ is the culmination of years of experience and forward-thinking about how to support food service customers, in addition to how we can make the world a better place, providing comfort and safe environments for people. We support customers in 38 states, including: Alabama, Arkansas, [&hellip;]<\/p>\n","protected":false},"author":1,"featured_media":0,"parent":0,"menu_order":0,"comment_status":"closed","ping_status":"closed","template":"","meta":{"footnotes":""},"class_list":["post-55","page","type-page","status-publish","hentry"],"yoast_head":"<!-- This site is optimized with the Yoast SEO plugin v27.1.1 - https:\/\/yoast.com\/product\/yoast-seo-wordpress\/ -->\n<title>About - InnoServ Solutions, LLC.<\/title>\n<meta name=\"robots\" content=\"index, follow, max-snippet:-1, max-image-preview:large, max-video-preview:-1\" \/>\n<link rel=\"canonical\" href=\"https:\/\/innoserv.com\/fr\/about\/\" \/>\n<meta property=\"og:locale\" content=\"fr_CA\" \/>\n<meta property=\"og:type\" content=\"article\" \/>\n<meta property=\"og:title\" content=\"About - InnoServ Solutions, LLC.\" \/>\n<meta property=\"og:description\" content=\"Looking Beyond Today For A Better Tomorrow Who We Are InnoServ is the culmination of years of experience and forward-thinking about how to support food service customers, in addition to how we can make the world a better place, providing comfort and safe environments for people. We support customers in 38 states, including: Alabama, Arkansas, [&hellip;]\" \/>\n<meta property=\"og:url\" content=\"https:\/\/innoserv.com\/fr\/about\/\" \/>\n<meta property=\"og:site_name\" content=\"InnoServ Solutions, LLC.\" \/>\n<meta property=\"article:publisher\" content=\"https:\/\/www.facebook.com\/innoservsolutions\" \/>\n<meta property=\"article:modified_time\" content=\"2025-03-04T18:32:56+00:00\" \/>\n<meta property=\"og:image\" content=\"https:\/\/innoserv.com\/wp-content\/uploads\/2025\/02\/ServiceVan-819x1024.webp\" \/>\n<meta name=\"twitter:card\" content=\"summary_large_image\" \/>\n<meta name=\"twitter:label1\" content=\"Est. reading time\" \/>\n\t<meta name=\"twitter:data1\" content=\"1 minute\" \/>\n<script type=\"application\/ld+json\" class=\"yoast-schema-graph\">{\"@context\":\"https:\/\/schema.org\",\"@graph\":[{\"@type\":\"WebPage\",\"@id\":\"https:\/\/innoserv.com\/es\/about\/\",\"url\":\"https:\/\/innoserv.com\/es\/about\/\",\"name\":\"About - InnoServ Solutions, LLC.\",\"isPartOf\":{\"@id\":\"https:\/\/innoserv.com\/#website\"},\"primaryImageOfPage\":{\"@id\":\"https:\/\/innoserv.com\/es\/about\/#primaryimage\"},\"image\":{\"@id\":\"https:\/\/innoserv.com\/es\/about\/#primaryimage\"},\"thumbnailUrl\":\"https:\/\/innoserv.com\/wp-content\/uploads\/2025\/02\/ServiceVan-819x1024.webp\",\"datePublished\":\"2025-01-23T15:30:31+00:00\",\"dateModified\":\"2025-03-04T18:32:56+00:00\",\"breadcrumb\":{\"@id\":\"https:\/\/innoserv.com\/es\/about\/#breadcrumb\"},\"inLanguage\":\"fr-CA\",\"potentialAction\":[{\"@type\":\"ReadAction\",\"target\":[\"https:\/\/innoserv.com\/es\/about\/\"]}]},{\"@type\":\"ImageObject\",\"inLanguage\":\"fr-CA\",\"@id\":\"https:\/\/innoserv.com\/es\/about\/#primaryimage\",\"url\":\"https:\/\/innoserv.com\/wp-content\/uploads\/2025\/02\/ServiceVan-819x1024.webp\",\"contentUrl\":\"https:\/\/innoserv.com\/wp-content\/uploads\/2025\/02\/ServiceVan-819x1024.webp\"},{\"@type\":\"BreadcrumbList\",\"@id\":\"https:\/\/innoserv.com\/es\/about\/#breadcrumb\",\"itemListElement\":[{\"@type\":\"ListItem\",\"position\":1,\"name\":\"Home\",\"item\":\"https:\/\/innoserv.com\/\"},{\"@type\":\"ListItem\",\"position\":2,\"name\":\"About\"}]},{\"@type\":\"WebSite\",\"@id\":\"https:\/\/innoserv.com\/#website\",\"url\":\"https:\/\/innoserv.com\/\",\"name\":\"InnoServ, LLC.\",\"description\":\"\",\"publisher\":{\"@id\":\"https:\/\/innoserv.com\/#organization\"},\"potentialAction\":[{\"@type\":\"SearchAction\",\"target\":{\"@type\":\"EntryPoint\",\"urlTemplate\":\"https:\/\/innoserv.com\/?s={search_term_string}\"},\"query-input\":{\"@type\":\"PropertyValueSpecification\",\"valueRequired\":true,\"valueName\":\"search_term_string\"}}],\"inLanguage\":\"fr-CA\"},{\"@type\":\"Organization\",\"@id\":\"https:\/\/innoserv.com\/#organization\",\"name\":\"InnoServ, LLC.\",\"url\":\"https:\/\/innoserv.com\/\",\"logo\":{\"@type\":\"ImageObject\",\"inLanguage\":\"fr-CA\",\"@id\":\"https:\/\/innoserv.com\/#\/schema\/logo\/image\/\",\"url\":\"https:\/\/innoserv.com\/wp-content\/uploads\/2025\/01\/BGInnoServLogowithTagline.webp\",\"contentUrl\":\"https:\/\/innoserv.com\/wp-content\/uploads\/2025\/01\/BGInnoServLogowithTagline.webp\",\"width\":1500,\"height\":397,\"caption\":\"InnoServ, LLC.\"},\"image\":{\"@id\":\"https:\/\/innoserv.com\/#\/schema\/logo\/image\/\"},\"sameAs\":[\"https:\/\/www.facebook.com\/innoservsolutions\",\"https:\/\/www.linkedin.com\/company\/innoserv-solutions\/posts\/?feedView=all\"]}]}<\/script>\n<!-- \/ Yoast SEO plugin. -->","yoast_head_json":{"title":"\u00c0 propos - InnoServ Solutions, LLC.","robots":{"index":"index","follow":"follow","max-snippet":"max-snippet:-1","max-image-preview":"max-image-preview:large","max-video-preview":"max-video-preview:-1"},"canonical":"https:\/\/innoserv.com\/fr\/about\/","og_locale":"fr_CA","og_type":"article","og_title":"About - InnoServ Solutions, LLC.","og_description":"Looking Beyond Today For A Better Tomorrow Who We Are InnoServ is the culmination of years of experience and forward-thinking about how to support food service customers, in addition to how we can make the world a better place, providing comfort and safe environments for people. We support customers in 38 states, including: Alabama, Arkansas, [&hellip;]","og_url":"https:\/\/innoserv.com\/fr\/about\/","og_site_name":"InnoServ Solutions, LLC.","article_publisher":"https:\/\/www.facebook.com\/innoservsolutions","article_modified_time":"2025-03-04T18:32:56+00:00","og_image":[{"url":"https:\/\/innoserv.com\/wp-content\/uploads\/2025\/02\/ServiceVan-819x1024.webp","type":"","width":"","height":""}],"twitter_card":"summary_large_image","twitter_misc":{"Est. reading time":"1 minute"},"schema":{"@context":"https:\/\/schema.org","@graph":[{"@type":"WebPage","@id":"https:\/\/innoserv.com\/es\/about\/","url":"https:\/\/innoserv.com\/es\/about\/","name":"\u00c0 propos - InnoServ Solutions, LLC.","isPartOf":{"@id":"https:\/\/innoserv.com\/#website"},"primaryImageOfPage":{"@id":"https:\/\/innoserv.com\/es\/about\/#primaryimage"},"image":{"@id":"https:\/\/innoserv.com\/es\/about\/#primaryimage"},"thumbnailUrl":"https:\/\/innoserv.com\/wp-content\/uploads\/2025\/02\/ServiceVan-819x1024.webp","datePublished":"2025-01-23T15:30:31+00:00","dateModified":"2025-03-04T18:32:56+00:00","breadcrumb":{"@id":"https:\/\/innoserv.com\/es\/about\/#breadcrumb"},"inLanguage":"fr-CA","potentialAction":[{"@type":"ReadAction","target":["https:\/\/innoserv.com\/es\/about\/"]}]},{"@type":"ImageObject","inLanguage":"fr-CA","@id":"https:\/\/innoserv.com\/es\/about\/#primaryimage","url":"https:\/\/innoserv.com\/wp-content\/uploads\/2025\/02\/ServiceVan-819x1024.webp","contentUrl":"https:\/\/innoserv.com\/wp-content\/uploads\/2025\/02\/ServiceVan-819x1024.webp"},{"@type":"BreadcrumbList","@id":"https:\/\/innoserv.com\/es\/about\/#breadcrumb","itemListElement":[{"@type":"ListItem","position":1,"name":"Home","item":"https:\/\/innoserv.com\/"},{"@type":"ListItem","position":2,"name":"About"}]},{"@type":"WebSite","@id":"https:\/\/innoserv.com\/#website","url":"https:\/\/innoserv.com\/","name":"InnoServ, LLC.","description":"","publisher":{"@id":"https:\/\/innoserv.com\/#organization"},"potentialAction":[{"@type":"SearchAction","target":{"@type":"EntryPoint","urlTemplate":"https:\/\/innoserv.com\/?s={search_term_string}"},"query-input":{"@type":"PropertyValueSpecification","valueRequired":true,"valueName":"search_term_string"}}],"inLanguage":"fr-CA"},{"@type":"Organization","@id":"https:\/\/innoserv.com\/#organization","name":"InnoServ, LLC.","url":"https:\/\/innoserv.com\/","logo":{"@type":"ImageObject","inLanguage":"fr-CA","@id":"https:\/\/innoserv.com\/#\/schema\/logo\/image\/","url":"https:\/\/innoserv.com\/wp-content\/uploads\/2025\/01\/BGInnoServLogowithTagline.webp","contentUrl":"https:\/\/innoserv.com\/wp-content\/uploads\/2025\/01\/BGInnoServLogowithTagline.webp","width":1500,"height":397,"caption":"InnoServ, LLC."},"image":{"@id":"https:\/\/innoserv.com\/#\/schema\/logo\/image\/"},"sameAs":["https:\/\/www.facebook.com\/innoservsolutions","https:\/\/www.linkedin.com\/company\/innoserv-solutions\/posts\/?feedView=all"]}]}},"_links":{"self":[{"href":"https:\/\/innoserv.com\/fr\/wp-json\/wp\/v2\/pages\/55","targetHints":{"allow":["GET"]}}],"collection":[{"href":"https:\/\/innoserv.com\/fr\/wp-json\/wp\/v2\/pages"}],"about":[{"href":"https:\/\/innoserv.com\/fr\/wp-json\/wp\/v2\/types\/page"}],"author":[{"embeddable":true,"href":"https:\/\/innoserv.com\/fr\/wp-json\/wp\/v2\/users\/1"}],"replies":[{"embeddable":true,"href":"https:\/\/innoserv.com\/fr\/wp-json\/wp\/v2\/comments?post=55"}],"version-history":[{"count":59,"href":"https:\/\/innoserv.com\/fr\/wp-json\/wp\/v2\/pages\/55\/revisions"}],"predecessor-version":[{"id":548,"href":"https:\/\/innoserv.com\/fr\/wp-json\/wp\/v2\/pages\/55\/revisions\/548"}],"wp:attachment":[{"href":"https:\/\/innoserv.com\/fr\/wp-json\/wp\/v2\/media?parent=55"}],"curies":[{"name":"wp","href":"https:\/\/api.w.org\/{rel}","templated":true}]}}