{"id":75,"date":"2025-01-23T15:32:12","date_gmt":"2025-01-23T15:32:12","guid":{"rendered":"https:\/\/dev-innoserv.pantheonsite.io\/?page_id=75"},"modified":"2026-03-11T13:39:50","modified_gmt":"2026-03-11T13:39:50","slug":"careers","status":"publish","type":"page","link":"https:\/\/innoserv.com\/fr\/careers\/","title":{"rendered":"Carri\u00e8res"},"content":{"rendered":"<div data-elementor-type=\"wp-page\" data-elementor-id=\"75\" class=\"elementor elementor-75\" data-elementor-post-type=\"page\">\n\t\t\t\t<div data-particle_enable=\"false\" data-particle-mobile-disabled=\"false\" class=\"elementor-element elementor-element-32d3951 e-flex e-con-boxed e-con e-parent\" data-id=\"32d3951\" data-element_type=\"container\" data-e-type=\"container\">\n\t\t\t\t\t<div class=\"e-con-inner\">\n\t\t\t\t<div class=\"elementor-element elementor-element-8cf6683 elementor-widget elementor-widget-heading\" data-id=\"8cf6683\" data-element_type=\"widget\" data-e-type=\"widget\" data-widget_type=\"heading.default\">\n\t\t\t\t<div class=\"elementor-widget-container\">\n\t\t\t\t\t<h1 class=\"elementor-heading-title elementor-size-default\">Rejoindre notre \u00e9quipe<\/h1>\t\t\t\t<\/div>\n\t\t\t\t<\/div>\n\t\t\t\t<div class=\"elementor-element elementor-element-d9b4f19 elementor-widget elementor-widget-image\" data-id=\"d9b4f19\" data-element_type=\"widget\" data-e-type=\"widget\" data-widget_type=\"image.default\">\n\t\t\t\t<div class=\"elementor-widget-container\">\n\t\t\t\t\t\t\t\t\t\t\t\t\t\t\t<img fetchpriority=\"high\" decoding=\"async\" width=\"800\" height=\"534\" src=\"https:\/\/innoserv.com\/wp-content\/uploads\/2025\/02\/HelpWanted-1024x683.jpg\" class=\"attachment-large size-large wp-image-452\" alt=\"\" srcset=\"https:\/\/innoserv.com\/wp-content\/uploads\/2025\/02\/HelpWanted-1024x683.jpg 1024w, https:\/\/innoserv.com\/wp-content\/uploads\/2025\/02\/HelpWanted-300x200.jpg 300w, https:\/\/innoserv.com\/wp-content\/uploads\/2025\/02\/HelpWanted-768x512.jpg 768w, https:\/\/innoserv.com\/wp-content\/uploads\/2025\/02\/HelpWanted-1536x1024.jpg 1536w, https:\/\/innoserv.com\/wp-content\/uploads\/2025\/02\/HelpWanted-2048x1366.jpg 2048w, https:\/\/innoserv.com\/wp-content\/uploads\/2025\/02\/HelpWanted.webp 1920w\" sizes=\"(max-width: 800px) 100vw, 800px\" \/>\t\t\t\t\t\t\t\t\t\t\t\t\t\t\t<\/div>\n\t\t\t\t<\/div>\n\t\t\t\t<div class=\"elementor-element elementor-element-ed20a08 elementor-widget elementor-widget-text-editor\" data-id=\"ed20a08\" data-element_type=\"widget\" data-e-type=\"widget\" data-widget_type=\"text-editor.default\">\n\t\t\t\t<div class=\"elementor-widget-container\">\n\t\t\t\t\t\t\t\t\t<p class=\"preFade fadeIn\">Rejoignez notre \u00e9quipe de sp\u00e9cialistes et d\u00e9couvrez une carri\u00e8re qui vous offrira une formation en cours d'emploi, des avantages sociaux complets et une atmosph\u00e8re propice au travail d'\u00e9quipe. Lisez la suite pour d\u00e9couvrir ce qu'est ce poste !<\/p><p class=\"preFade fadeIn\">Cliquez sur le bouton pour conna\u00eetre les postes actuellement ouverts !<\/p>\t\t\t\t\t\t\t\t<\/div>\n\t\t\t\t<\/div>\n\t\t\t\t<div class=\"elementor-element elementor-element-8ac231b elementor-align-center elementor-widget elementor-widget-button\" data-id=\"8ac231b\" data-element_type=\"widget\" data-e-type=\"widget\" data-widget_type=\"button.default\">\n\t\t\t\t<div class=\"elementor-widget-container\">\n\t\t\t\t\t\t\t\t\t<div class=\"elementor-button-wrapper\">\n\t\t\t\t\t<a class=\"elementor-button elementor-button-link elementor-size-sm\" href=\"https:\/\/gfs.wd5.myworkdayjobs.com\/en-US\/usjobs-gen-gfs?jobFamilyGroup=71b20a72cfe3010c4d5063316001012a\" target=\"_blank\">\n\t\t\t\t\t\t<span class=\"elementor-button-content-wrapper\">\n\t\t\t\t\t\t\t\t\t<span class=\"elementor-button-text\">Postes \u00e0 pourvoir<\/span>\n\t\t\t\t\t<\/span>\n\t\t\t\t\t<\/a>\n\t\t\t\t<\/div>\n\t\t\t\t\t\t\t\t<\/div>\n\t\t\t\t<\/div>\n\t\t\t\t\t<\/div>\n\t\t\t\t<\/div>\n\t\t<div data-particle_enable=\"false\" data-particle-mobile-disabled=\"false\" class=\"elementor-element elementor-element-2a66cbe e-flex e-con-boxed e-con e-parent\" data-id=\"2a66cbe\" data-element_type=\"container\" data-e-type=\"container\">\n\t\t\t\t\t<div class=\"e-con-inner\">\n\t\t\t\t<div class=\"elementor-element elementor-element-a96bf12 elementor-widget elementor-widget-heading\" data-id=\"a96bf12\" data-element_type=\"widget\" data-e-type=\"widget\" data-widget_type=\"heading.default\">\n\t\t\t\t<div class=\"elementor-widget-container\">\n\t\t\t\t\t<h3 class=\"elementor-heading-title elementor-size-default\">Poste de sp\u00e9cialiste des services<\/h3>\t\t\t\t<\/div>\n\t\t\t\t<\/div>\n\t\t\t\t<div class=\"elementor-element elementor-element-9f41358 elementor-widget elementor-widget-text-editor\" data-id=\"9f41358\" data-element_type=\"widget\" data-e-type=\"widget\" data-widget_type=\"text-editor.default\">\n\t\t\t\t<div class=\"elementor-widget-container\">\n\t\t\t\t\t\t\t\t\t<p><strong>Professionnel du service ext\u00e9rieur, charg\u00e9 d'assurer la maintenance pr\u00e9ventive, les r\u00e9parations d'urgence et les relations avec les clients.<\/strong><\/p><p><strong>Quels sont les avantages pour vous ?<\/strong><\/p><ul><li>R\u00e9mun\u00e9ration hebdomadaire<\/li><li>Structure des primes<\/li><li>R\u00e9gime d'assurance m\u00e9dicale, dentaire et de la vue<\/li><li>Match 401k<\/li><li>Participation aux b\u00e9n\u00e9fices !<\/li><li>Fourgonnette de l'entreprise (comprend toutes les d\u00e9penses associ\u00e9es et est disponible pour un usage personnel)<\/li><li>Formation en cours d'emploi<\/li><li>Carte de cr\u00e9dit de l'entreprise<\/li><li>Outils fournis<\/li><li>Remboursement du t\u00e9l\u00e9phone portable<\/li><li>Indemnit\u00e9 d'uniforme<\/li><\/ul>\t\t\t\t\t\t\t\t<\/div>\n\t\t\t\t<\/div>\n\t\t\t\t<div class=\"elementor-element elementor-element-fbe1be5 elementor-widget elementor-widget-text-editor\" data-id=\"fbe1be5\" data-element_type=\"widget\" data-e-type=\"widget\" data-widget_type=\"text-editor.default\">\n\t\t\t\t<div class=\"elementor-widget-container\">\n\t\t\t\t\t\t\t\t\t<p><strong>Horaire de travail :<\/strong><\/p><ul><li>Du lundi au vendredi, de 7 heures \u00e0 18 heures, mais ce poste exige une certaine flexibilit\u00e9 afin de fournir un service \u00e0 la client\u00e8le exceptionnel.<ul><li>Possibilit\u00e9 d'effectuer des heures suppl\u00e9mentaires jusqu'\u00e0 10 heures par semaine.<\/li><\/ul><\/li><\/ul>\t\t\t\t\t\t\t\t<\/div>\n\t\t\t\t<\/div>\n\t\t\t\t<div class=\"elementor-element elementor-element-f50e2b8 elementor-widget elementor-widget-text-editor\" data-id=\"f50e2b8\" data-element_type=\"widget\" data-e-type=\"widget\" data-widget_type=\"text-editor.default\">\n\t\t\t\t<div class=\"elementor-widget-container\">\n\t\t\t\t\t\t\t\t\t<p><strong>Que ferez-vous ?<\/strong><\/p><p>En tant que sp\u00e9cialiste du service, vous serez l'expert de confiance qui assurera l'installation, la maintenance pr\u00e9ventive et la mesure des performances des machines \u00e0 caf\u00e9, des machines \u00e0 jus de fruits, des lave-vaisselle et des distributeurs de produits chimiques pour une vari\u00e9t\u00e9 de clients, notamment des comptes nationaux, des \u00e9tablissements de sant\u00e9, des coll\u00e8ges et des universit\u00e9s, des \u00e9tablissements h\u00f4teliers et de grands op\u00e9rateurs ind\u00e9pendants de services alimentaires.<\/p>\t\t\t\t\t\t\t\t<\/div>\n\t\t\t\t<\/div>\n\t\t\t\t<div class=\"elementor-element elementor-element-e7c2894 elementor-widget elementor-widget-text-editor\" data-id=\"e7c2894\" data-element_type=\"widget\" data-e-type=\"widget\" data-widget_type=\"text-editor.default\">\n\t\t\t\t<div class=\"elementor-widget-container\">\n\t\t\t\t\t\t\t\t\t<p><strong>Exigences du poste :<\/strong><\/p><ul><li><strong>Exp\u00e9rience :<\/strong> 2 ans d'exp\u00e9rience dans le domaine du service \u00e0 la client\u00e8le ou de la r\u00e9paration d'\u00e9quipements OU une combinaison \u00e9quivalente d'\u00e9ducation, de formation et d'exp\u00e9rience.<\/li><li><strong>Aptitude m\u00e9canique<\/strong> - les codes de l'\u00e9lectricit\u00e9, de la plomberie, de la sant\u00e9 et de l'hygi\u00e8ne. Capacit\u00e9 \u00e0 interpr\u00e9ter correctement les manuels d'entretien, les sch\u00e9mas et les diagrammes de c\u00e2blage.<\/li><li>Capacit\u00e9 \u00e0 assumer les aspects physiques du travail, y compris le levage de machines lourdes.<\/li><li><strong>Permis de conduire valide<\/strong> (obligatoire).<\/li><li><strong>Casier judiciaire vierge<\/strong> (nous effectuerons un contr\u00f4le de l'\u00e9tat civil).<\/li><li>Doit \u00eatre <strong>18 ans ou plus<\/strong>.<\/li><li>R\u00e9ussir le d\u00e9pistage des drogues, le rapport sur les v\u00e9hicules \u00e0 moteur (MVR) et la v\u00e9rification des ant\u00e9c\u00e9dents (v\u00e9rification des ant\u00e9c\u00e9dents criminels - nous ne v\u00e9rifions pas votre cote de cr\u00e9dit).<\/li><\/ul>\t\t\t\t\t\t\t\t<\/div>\n\t\t\t\t<\/div>\n\t\t\t\t\t<\/div>\n\t\t\t\t<\/div>\n\t\t<div data-particle_enable=\"false\" data-particle-mobile-disabled=\"false\" class=\"elementor-element elementor-element-8ac964e e-flex e-con-boxed e-con e-parent\" data-id=\"8ac964e\" data-element_type=\"container\" data-e-type=\"container\">\n\t\t\t\t\t<div class=\"e-con-inner\">\n\t\t\t\t<div class=\"elementor-element elementor-element-0caa0a8 elementor-widget elementor-widget-video\" data-id=\"0caa0a8\" data-element_type=\"widget\" data-e-type=\"widget\" data-settings=\"{&quot;youtube_url&quot;:&quot;https:\\\/\\\/youtu.be\\\/EBR6WzSpeDc&quot;,&quot;yt_privacy&quot;:&quot;yes&quot;,&quot;video_type&quot;:&quot;youtube&quot;,&quot;controls&quot;:&quot;yes&quot;}\" data-widget_type=\"video.default\">\n\t\t\t\t<div class=\"elementor-widget-container\">\n\t\t\t\t\t\t\t<div class=\"elementor-wrapper elementor-open-inline\">\n\t\t\t<div class=\"elementor-video\"><\/div>\t\t<\/div>\n\t\t\t\t\t\t<\/div>\n\t\t\t\t<\/div>\n\t\t\t\t\t<\/div>\n\t\t\t\t<\/div>\n\t\t\t\t<\/div>","protected":false},"excerpt":{"rendered":"<p>Join Our Team Join our team of specialists and find yourself in a career that provides on the job training, comprehensive benefits, and a team oriented atmosphere. Read on to see what this position is all about! Click the button to see what positions are currently open! Open Positions Service Specialist Position Field Service professional, [&hellip;]<\/p>\n","protected":false},"author":1,"featured_media":0,"parent":0,"menu_order":0,"comment_status":"closed","ping_status":"closed","template":"","meta":{"footnotes":""},"class_list":["post-75","page","type-page","status-publish","hentry"],"yoast_head":"<!-- This site is optimized with the Yoast SEO plugin v27.1.1 - https:\/\/yoast.com\/product\/yoast-seo-wordpress\/ -->\n<title>Careers - InnoServ Solutions, LLC.<\/title>\n<meta name=\"robots\" content=\"index, follow, max-snippet:-1, max-image-preview:large, max-video-preview:-1\" \/>\n<link rel=\"canonical\" href=\"https:\/\/innoserv.com\/fr\/careers\/\" \/>\n<meta property=\"og:locale\" content=\"fr_CA\" \/>\n<meta property=\"og:type\" content=\"article\" \/>\n<meta property=\"og:title\" content=\"Careers - InnoServ Solutions, LLC.\" \/>\n<meta property=\"og:description\" content=\"Join Our Team Join our team of specialists and find yourself in a career that provides on the job training, comprehensive benefits, and a team oriented atmosphere. Read on to see what this position is all about! Click the button to see what positions are currently open! Open Positions Service Specialist Position Field Service professional, [&hellip;]\" \/>\n<meta property=\"og:url\" content=\"https:\/\/innoserv.com\/fr\/careers\/\" \/>\n<meta property=\"og:site_name\" content=\"InnoServ Solutions, LLC.\" \/>\n<meta property=\"article:publisher\" content=\"https:\/\/www.facebook.com\/innoservsolutions\" \/>\n<meta property=\"article:modified_time\" content=\"2026-03-11T13:39:50+00:00\" \/>\n<meta property=\"og:image\" content=\"https:\/\/innoserv.com\/wp-content\/uploads\/2025\/02\/HelpWanted-1024x683.jpg\" \/>\n<meta name=\"twitter:card\" content=\"summary_large_image\" \/>\n<meta name=\"twitter:label1\" content=\"Est. reading time\" \/>\n\t<meta name=\"twitter:data1\" content=\"2 minutes\" \/>\n<script type=\"application\/ld+json\" class=\"yoast-schema-graph\">{\"@context\":\"https:\/\/schema.org\",\"@graph\":[{\"@type\":\"WebPage\",\"@id\":\"https:\/\/innoserv.com\/fr\/careers\/\",\"url\":\"https:\/\/innoserv.com\/fr\/careers\/\",\"name\":\"Careers - InnoServ Solutions, LLC.\",\"isPartOf\":{\"@id\":\"https:\/\/innoserv.com\/#website\"},\"primaryImageOfPage\":{\"@id\":\"https:\/\/innoserv.com\/fr\/careers\/#primaryimage\"},\"image\":{\"@id\":\"https:\/\/innoserv.com\/fr\/careers\/#primaryimage\"},\"thumbnailUrl\":\"https:\/\/innoserv.com\/wp-content\/uploads\/2025\/02\/HelpWanted-1024x683.jpg\",\"datePublished\":\"2025-01-23T15:32:12+00:00\",\"dateModified\":\"2026-03-11T13:39:50+00:00\",\"breadcrumb\":{\"@id\":\"https:\/\/innoserv.com\/fr\/careers\/#breadcrumb\"},\"inLanguage\":\"fr-CA\",\"potentialAction\":[{\"@type\":\"ReadAction\",\"target\":[\"https:\/\/innoserv.com\/fr\/careers\/\"]}]},{\"@type\":\"ImageObject\",\"inLanguage\":\"fr-CA\",\"@id\":\"https:\/\/innoserv.com\/fr\/careers\/#primaryimage\",\"url\":\"https:\/\/innoserv.com\/wp-content\/uploads\/2025\/02\/HelpWanted-1024x683.jpg\",\"contentUrl\":\"https:\/\/innoserv.com\/wp-content\/uploads\/2025\/02\/HelpWanted-1024x683.jpg\"},{\"@type\":\"BreadcrumbList\",\"@id\":\"https:\/\/innoserv.com\/fr\/careers\/#breadcrumb\",\"itemListElement\":[{\"@type\":\"ListItem\",\"position\":1,\"name\":\"Home\",\"item\":\"https:\/\/innoserv.com\/\"},{\"@type\":\"ListItem\",\"position\":2,\"name\":\"Careers\"}]},{\"@type\":\"WebSite\",\"@id\":\"https:\/\/innoserv.com\/#website\",\"url\":\"https:\/\/innoserv.com\/\",\"name\":\"InnoServ, LLC.\",\"description\":\"\",\"publisher\":{\"@id\":\"https:\/\/innoserv.com\/#organization\"},\"potentialAction\":[{\"@type\":\"SearchAction\",\"target\":{\"@type\":\"EntryPoint\",\"urlTemplate\":\"https:\/\/innoserv.com\/?s={search_term_string}\"},\"query-input\":{\"@type\":\"PropertyValueSpecification\",\"valueRequired\":true,\"valueName\":\"search_term_string\"}}],\"inLanguage\":\"fr-CA\"},{\"@type\":\"Organization\",\"@id\":\"https:\/\/innoserv.com\/#organization\",\"name\":\"InnoServ, LLC.\",\"url\":\"https:\/\/innoserv.com\/\",\"logo\":{\"@type\":\"ImageObject\",\"inLanguage\":\"fr-CA\",\"@id\":\"https:\/\/innoserv.com\/#\/schema\/logo\/image\/\",\"url\":\"https:\/\/innoserv.com\/wp-content\/uploads\/2025\/01\/BGInnoServLogowithTagline.webp\",\"contentUrl\":\"https:\/\/innoserv.com\/wp-content\/uploads\/2025\/01\/BGInnoServLogowithTagline.webp\",\"width\":1500,\"height\":397,\"caption\":\"InnoServ, LLC.\"},\"image\":{\"@id\":\"https:\/\/innoserv.com\/#\/schema\/logo\/image\/\"},\"sameAs\":[\"https:\/\/www.facebook.com\/innoservsolutions\",\"https:\/\/www.linkedin.com\/company\/innoserv-solutions\/posts\/?feedView=all\"]}]}<\/script>\n<!-- \/ Yoast SEO plugin. -->","yoast_head_json":{"title":"Careers - InnoServ Solutions, LLC.","robots":{"index":"index","follow":"follow","max-snippet":"max-snippet:-1","max-image-preview":"max-image-preview:large","max-video-preview":"max-video-preview:-1"},"canonical":"https:\/\/innoserv.com\/fr\/careers\/","og_locale":"fr_CA","og_type":"article","og_title":"Careers - InnoServ Solutions, LLC.","og_description":"Join Our Team Join our team of specialists and find yourself in a career that provides on the job training, comprehensive benefits, and a team oriented atmosphere. Read on to see what this position is all about! Click the button to see what positions are currently open! Open Positions Service Specialist Position Field Service professional, [&hellip;]","og_url":"https:\/\/innoserv.com\/fr\/careers\/","og_site_name":"InnoServ Solutions, LLC.","article_publisher":"https:\/\/www.facebook.com\/innoservsolutions","article_modified_time":"2026-03-11T13:39:50+00:00","og_image":[{"url":"https:\/\/innoserv.com\/wp-content\/uploads\/2025\/02\/HelpWanted-1024x683.jpg","type":"","width":"","height":""}],"twitter_card":"summary_large_image","twitter_misc":{"Est. reading time":"2 minutes"},"schema":{"@context":"https:\/\/schema.org","@graph":[{"@type":"WebPage","@id":"https:\/\/innoserv.com\/fr\/careers\/","url":"https:\/\/innoserv.com\/fr\/careers\/","name":"Careers - InnoServ Solutions, LLC.","isPartOf":{"@id":"https:\/\/innoserv.com\/#website"},"primaryImageOfPage":{"@id":"https:\/\/innoserv.com\/fr\/careers\/#primaryimage"},"image":{"@id":"https:\/\/innoserv.com\/fr\/careers\/#primaryimage"},"thumbnailUrl":"https:\/\/innoserv.com\/wp-content\/uploads\/2025\/02\/HelpWanted-1024x683.jpg","datePublished":"2025-01-23T15:32:12+00:00","dateModified":"2026-03-11T13:39:50+00:00","breadcrumb":{"@id":"https:\/\/innoserv.com\/fr\/careers\/#breadcrumb"},"inLanguage":"fr-CA","potentialAction":[{"@type":"ReadAction","target":["https:\/\/innoserv.com\/fr\/careers\/"]}]},{"@type":"ImageObject","inLanguage":"fr-CA","@id":"https:\/\/innoserv.com\/fr\/careers\/#primaryimage","url":"https:\/\/innoserv.com\/wp-content\/uploads\/2025\/02\/HelpWanted-1024x683.jpg","contentUrl":"https:\/\/innoserv.com\/wp-content\/uploads\/2025\/02\/HelpWanted-1024x683.jpg"},{"@type":"BreadcrumbList","@id":"https:\/\/innoserv.com\/fr\/careers\/#breadcrumb","itemListElement":[{"@type":"ListItem","position":1,"name":"Home","item":"https:\/\/innoserv.com\/"},{"@type":"ListItem","position":2,"name":"Careers"}]},{"@type":"WebSite","@id":"https:\/\/innoserv.com\/#website","url":"https:\/\/innoserv.com\/","name":"InnoServ, LLC.","description":"","publisher":{"@id":"https:\/\/innoserv.com\/#organization"},"potentialAction":[{"@type":"SearchAction","target":{"@type":"EntryPoint","urlTemplate":"https:\/\/innoserv.com\/?s={search_term_string}"},"query-input":{"@type":"PropertyValueSpecification","valueRequired":true,"valueName":"search_term_string"}}],"inLanguage":"fr-CA"},{"@type":"Organization","@id":"https:\/\/innoserv.com\/#organization","name":"InnoServ, LLC.","url":"https:\/\/innoserv.com\/","logo":{"@type":"ImageObject","inLanguage":"fr-CA","@id":"https:\/\/innoserv.com\/#\/schema\/logo\/image\/","url":"https:\/\/innoserv.com\/wp-content\/uploads\/2025\/01\/BGInnoServLogowithTagline.webp","contentUrl":"https:\/\/innoserv.com\/wp-content\/uploads\/2025\/01\/BGInnoServLogowithTagline.webp","width":1500,"height":397,"caption":"InnoServ, LLC."},"image":{"@id":"https:\/\/innoserv.com\/#\/schema\/logo\/image\/"},"sameAs":["https:\/\/www.facebook.com\/innoservsolutions","https:\/\/www.linkedin.com\/company\/innoserv-solutions\/posts\/?feedView=all"]}]}},"_links":{"self":[{"href":"https:\/\/innoserv.com\/fr\/wp-json\/wp\/v2\/pages\/75","targetHints":{"allow":["GET"]}}],"collection":[{"href":"https:\/\/innoserv.com\/fr\/wp-json\/wp\/v2\/pages"}],"about":[{"href":"https:\/\/innoserv.com\/fr\/wp-json\/wp\/v2\/types\/page"}],"author":[{"embeddable":true,"href":"https:\/\/innoserv.com\/fr\/wp-json\/wp\/v2\/users\/1"}],"replies":[{"embeddable":true,"href":"https:\/\/innoserv.com\/fr\/wp-json\/wp\/v2\/comments?post=75"}],"version-history":[{"count":25,"href":"https:\/\/innoserv.com\/fr\/wp-json\/wp\/v2\/pages\/75\/revisions"}],"predecessor-version":[{"id":1433,"href":"https:\/\/innoserv.com\/fr\/wp-json\/wp\/v2\/pages\/75\/revisions\/1433"}],"wp:attachment":[{"href":"https:\/\/innoserv.com\/fr\/wp-json\/wp\/v2\/media?parent=75"}],"curies":[{"name":"wp","href":"https:\/\/api.w.org\/{rel}","templated":true}]}}