{"id":80,"date":"2025-01-23T15:32:30","date_gmt":"2025-01-23T15:32:30","guid":{"rendered":"https:\/\/dev-innoserv.pantheonsite.io\/?page_id=80"},"modified":"2025-03-19T14:27:37","modified_gmt":"2025-03-19T14:27:37","slug":"contact","status":"publish","type":"page","link":"https:\/\/innoserv.com\/fr\/contact\/","title":{"rendered":"Contact"},"content":{"rendered":"<div data-elementor-type=\"wp-page\" data-elementor-id=\"80\" class=\"elementor elementor-80\" data-elementor-post-type=\"page\">\n\t\t\t\t<div data-particle_enable=\"false\" data-particle-mobile-disabled=\"false\" class=\"elementor-element elementor-element-631c6f0 e-flex e-con-boxed e-con e-parent\" data-id=\"631c6f0\" data-element_type=\"container\" data-e-type=\"container\" data-settings=\"{&quot;background_background&quot;:&quot;classic&quot;}\">\n\t\t\t\t\t<div class=\"e-con-inner\">\n\t\t\t\t<div class=\"elementor-element elementor-element-617dd25 elementor-widget elementor-widget-heading\" data-id=\"617dd25\" data-element_type=\"widget\" data-e-type=\"widget\" data-widget_type=\"heading.default\">\n\t\t\t\t<div class=\"elementor-widget-container\">\n\t\t\t\t\t<h1 class=\"elementor-heading-title elementor-size-default\">Nous contacter<\/h1>\t\t\t\t<\/div>\n\t\t\t\t<\/div>\n\t\t<div data-particle_enable=\"false\" data-particle-mobile-disabled=\"false\" class=\"elementor-element elementor-element-ad68b77 e-con-full e-flex e-con e-child\" data-id=\"ad68b77\" data-element_type=\"container\" data-e-type=\"container\">\n\t\t\t\t<div class=\"elementor-element elementor-element-5fe2cce elementor-align-justify elementor-widget__width-initial elementor-widget elementor-widget-button\" data-id=\"5fe2cce\" data-element_type=\"widget\" data-e-type=\"widget\" data-widget_type=\"button.default\">\n\t\t\t\t<div class=\"elementor-widget-container\">\n\t\t\t\t\t\t\t\t\t<div class=\"elementor-button-wrapper\">\n\t\t\t\t\t<a class=\"elementor-button elementor-button-link elementor-size-sm\" href=\"#elementor-action%3Aaction%3Dpopup%3Aopen%26settings%3DeyJpZCI6IjE3OCIsInRvZ2dsZSI6ZmFsc2V9\">\n\t\t\t\t\t\t<span class=\"elementor-button-content-wrapper\">\n\t\t\t\t\t\t\t\t\t<span class=\"elementor-button-text\">Clients actuels de GFS<br \/>Cliquez ici<\/span>\n\t\t\t\t\t<\/span>\n\t\t\t\t\t<\/a>\n\t\t\t\t<\/div>\n\t\t\t\t\t\t\t\t<\/div>\n\t\t\t\t<\/div>\n\t\t\t\t<div class=\"elementor-element elementor-element-2851181 elementor-align-justify elementor-widget__width-initial elementor-widget elementor-widget-button\" data-id=\"2851181\" data-element_type=\"widget\" data-e-type=\"widget\" data-widget_type=\"button.default\">\n\t\t\t\t<div class=\"elementor-widget-container\">\n\t\t\t\t\t\t\t\t\t<div class=\"elementor-button-wrapper\">\n\t\t\t\t\t<a class=\"elementor-button elementor-button-link elementor-size-sm\" href=\"#elementor-action%3Aaction%3Dpopup%3Aopen%26settings%3DeyJpZCI6IjE4MSIsInRvZ2dsZSI6ZmFsc2V9\">\n\t\t\t\t\t\t<span class=\"elementor-button-content-wrapper\">\n\t\t\t\t\t\t\t\t\t<span class=\"elementor-button-text\">Questions g\u00e9n\u00e9rales et<br \/>Plus d'informations<\/span>\n\t\t\t\t\t<\/span>\n\t\t\t\t\t<\/a>\n\t\t\t\t<\/div>\n\t\t\t\t\t\t\t\t<\/div>\n\t\t\t\t<\/div>\n\t\t\t\t<\/div>\n\t\t\t\t\t<\/div>\n\t\t\t\t<\/div>\n\t\t<div data-particle_enable=\"false\" data-particle-mobile-disabled=\"false\" class=\"elementor-element elementor-element-d84249c e-flex e-con-boxed e-con e-parent\" data-id=\"d84249c\" data-element_type=\"container\" data-e-type=\"container\">\n\t\t\t\t\t<div class=\"e-con-inner\">\n\t\t\t\t<div class=\"elementor-element elementor-element-522fe43 elementor-widget elementor-widget-text-editor\" data-id=\"522fe43\" data-element_type=\"widget\" data-e-type=\"widget\" data-widget_type=\"text-editor.default\">\n\t\t\t\t<div class=\"elementor-widget-container\">\n\t\t\t\t\t\t\t\t\t<p>Si vous avez un appareil ou un distributeur n\u00e9cessitant une intervention, veuillez appeler le num\u00e9ro de service pour obtenir une r\u00e9ponse imm\u00e9diate.<\/p>\t\t\t\t\t\t\t\t<\/div>\n\t\t\t\t<\/div>\n\t\t\t\t<div class=\"elementor-element elementor-element-bffc797 elementor-widget elementor-widget-text-editor\" data-id=\"bffc797\" data-element_type=\"widget\" data-e-type=\"widget\" data-widget_type=\"text-editor.default\">\n\t\t\t\t<div class=\"elementor-widget-container\">\n\t\t\t\t\t\t\t\t\t<p><strong>Service InnoServ : <span style=\"white-space: nowrap;\">(800)\u00a0830-9770<\/span><\/strong><\/p>\t\t\t\t\t\t\t\t<\/div>\n\t\t\t\t<\/div>\n\t\t\t\t<div class=\"elementor-element elementor-element-e8e9bcc elementor-widget-divider--view-line elementor-widget elementor-widget-divider\" data-id=\"e8e9bcc\" data-element_type=\"widget\" data-e-type=\"widget\" data-widget_type=\"divider.default\">\n\t\t\t\t<div class=\"elementor-widget-container\">\n\t\t\t\t\t\t\t<div class=\"elementor-divider\">\n\t\t\t<span class=\"elementor-divider-separator\">\n\t\t\t\t\t\t<\/span>\n\t\t<\/div>\n\t\t\t\t\t\t<\/div>\n\t\t\t\t<\/div>\n\t\t\t\t\t<\/div>\n\t\t\t\t<\/div>\n\t\t\t\t<\/div>","protected":false},"excerpt":{"rendered":"<p>Nous contacter Clients actuels de GFSCliquez ici Questions g\u00e9n\u00e9rales et autres informations Si vous avez une machine ou un distributeur n\u00e9cessitant une intervention, pour une r\u00e9ponse imm\u00e9diate, veuillez appeler le num\u00e9ro de service. Service InnoServ : (800) 830-9770<\/p>","protected":false},"author":1,"featured_media":0,"parent":0,"menu_order":0,"comment_status":"closed","ping_status":"closed","template":"","meta":{"footnotes":""},"class_list":["post-80","page","type-page","status-publish","hentry"],"yoast_head":"<!-- This site is optimized with the Yoast SEO plugin v27.1.1 - https:\/\/yoast.com\/product\/yoast-seo-wordpress\/ -->\n<title>Contact - InnoServ Solutions, LLC.<\/title>\n<meta name=\"robots\" content=\"index, follow, max-snippet:-1, max-image-preview:large, max-video-preview:-1\" \/>\n<link rel=\"canonical\" href=\"https:\/\/innoserv.com\/fr\/contact\/\" \/>\n<meta property=\"og:locale\" content=\"fr_CA\" \/>\n<meta property=\"og:type\" content=\"article\" \/>\n<meta property=\"og:title\" content=\"Contact - InnoServ Solutions, LLC.\" \/>\n<meta property=\"og:description\" content=\"Contact Us Current GFS CustomersClick Here General Inquiries andMore Information If you have a machine or dispenser requiring service, for the most immediate response please call the service number. InnoServ\u00a0Service: (800)\u00a0830-9770\" \/>\n<meta property=\"og:url\" content=\"https:\/\/innoserv.com\/fr\/contact\/\" \/>\n<meta property=\"og:site_name\" content=\"InnoServ Solutions, LLC.\" \/>\n<meta property=\"article:publisher\" content=\"https:\/\/www.facebook.com\/innoservsolutions\" \/>\n<meta property=\"article:modified_time\" content=\"2025-03-19T14:27:37+00:00\" \/>\n<meta name=\"twitter:card\" content=\"summary_large_image\" \/>\n<script type=\"application\/ld+json\" class=\"yoast-schema-graph\">{\"@context\":\"https:\/\/schema.org\",\"@graph\":[{\"@type\":\"WebPage\",\"@id\":\"https:\/\/innoserv.com\/fr\/contact\/\",\"url\":\"https:\/\/innoserv.com\/fr\/contact\/\",\"name\":\"Contact - InnoServ Solutions, LLC.\",\"isPartOf\":{\"@id\":\"https:\/\/innoserv.com\/#website\"},\"datePublished\":\"2025-01-23T15:32:30+00:00\",\"dateModified\":\"2025-03-19T14:27:37+00:00\",\"breadcrumb\":{\"@id\":\"https:\/\/innoserv.com\/fr\/contact\/#breadcrumb\"},\"inLanguage\":\"fr-CA\",\"potentialAction\":[{\"@type\":\"ReadAction\",\"target\":[\"https:\/\/innoserv.com\/fr\/contact\/\"]}]},{\"@type\":\"BreadcrumbList\",\"@id\":\"https:\/\/innoserv.com\/fr\/contact\/#breadcrumb\",\"itemListElement\":[{\"@type\":\"ListItem\",\"position\":1,\"name\":\"Home\",\"item\":\"https:\/\/innoserv.com\/\"},{\"@type\":\"ListItem\",\"position\":2,\"name\":\"Contact\"}]},{\"@type\":\"WebSite\",\"@id\":\"https:\/\/innoserv.com\/#website\",\"url\":\"https:\/\/innoserv.com\/\",\"name\":\"InnoServ, LLC.\",\"description\":\"\",\"publisher\":{\"@id\":\"https:\/\/innoserv.com\/#organization\"},\"potentialAction\":[{\"@type\":\"SearchAction\",\"target\":{\"@type\":\"EntryPoint\",\"urlTemplate\":\"https:\/\/innoserv.com\/?s={search_term_string}\"},\"query-input\":{\"@type\":\"PropertyValueSpecification\",\"valueRequired\":true,\"valueName\":\"search_term_string\"}}],\"inLanguage\":\"fr-CA\"},{\"@type\":\"Organization\",\"@id\":\"https:\/\/innoserv.com\/#organization\",\"name\":\"InnoServ, LLC.\",\"url\":\"https:\/\/innoserv.com\/\",\"logo\":{\"@type\":\"ImageObject\",\"inLanguage\":\"fr-CA\",\"@id\":\"https:\/\/innoserv.com\/#\/schema\/logo\/image\/\",\"url\":\"https:\/\/innoserv.com\/wp-content\/uploads\/2025\/01\/BGInnoServLogowithTagline.webp\",\"contentUrl\":\"https:\/\/innoserv.com\/wp-content\/uploads\/2025\/01\/BGInnoServLogowithTagline.webp\",\"width\":1500,\"height\":397,\"caption\":\"InnoServ, LLC.\"},\"image\":{\"@id\":\"https:\/\/innoserv.com\/#\/schema\/logo\/image\/\"},\"sameAs\":[\"https:\/\/www.facebook.com\/innoservsolutions\",\"https:\/\/www.linkedin.com\/company\/innoserv-solutions\/posts\/?feedView=all\"]}]}<\/script>\n<!-- \/ Yoast SEO plugin. -->","yoast_head_json":{"title":"Contact - InnoServ Solutions, LLC.","robots":{"index":"index","follow":"follow","max-snippet":"max-snippet:-1","max-image-preview":"max-image-preview:large","max-video-preview":"max-video-preview:-1"},"canonical":"https:\/\/innoserv.com\/fr\/contact\/","og_locale":"fr_CA","og_type":"article","og_title":"Contact - InnoServ Solutions, LLC.","og_description":"Contact Us Current GFS CustomersClick Here General Inquiries andMore Information If you have a machine or dispenser requiring service, for the most immediate response please call the service number. InnoServ\u00a0Service: (800)\u00a0830-9770","og_url":"https:\/\/innoserv.com\/fr\/contact\/","og_site_name":"InnoServ Solutions, LLC.","article_publisher":"https:\/\/www.facebook.com\/innoservsolutions","article_modified_time":"2025-03-19T14:27:37+00:00","twitter_card":"summary_large_image","schema":{"@context":"https:\/\/schema.org","@graph":[{"@type":"WebPage","@id":"https:\/\/innoserv.com\/fr\/contact\/","url":"https:\/\/innoserv.com\/fr\/contact\/","name":"Contact - InnoServ Solutions, LLC.","isPartOf":{"@id":"https:\/\/innoserv.com\/#website"},"datePublished":"2025-01-23T15:32:30+00:00","dateModified":"2025-03-19T14:27:37+00:00","breadcrumb":{"@id":"https:\/\/innoserv.com\/fr\/contact\/#breadcrumb"},"inLanguage":"fr-CA","potentialAction":[{"@type":"ReadAction","target":["https:\/\/innoserv.com\/fr\/contact\/"]}]},{"@type":"BreadcrumbList","@id":"https:\/\/innoserv.com\/fr\/contact\/#breadcrumb","itemListElement":[{"@type":"ListItem","position":1,"name":"Home","item":"https:\/\/innoserv.com\/"},{"@type":"ListItem","position":2,"name":"Contact"}]},{"@type":"WebSite","@id":"https:\/\/innoserv.com\/#website","url":"https:\/\/innoserv.com\/","name":"InnoServ, LLC.","description":"","publisher":{"@id":"https:\/\/innoserv.com\/#organization"},"potentialAction":[{"@type":"SearchAction","target":{"@type":"EntryPoint","urlTemplate":"https:\/\/innoserv.com\/?s={search_term_string}"},"query-input":{"@type":"PropertyValueSpecification","valueRequired":true,"valueName":"search_term_string"}}],"inLanguage":"fr-CA"},{"@type":"Organization","@id":"https:\/\/innoserv.com\/#organization","name":"InnoServ, LLC.","url":"https:\/\/innoserv.com\/","logo":{"@type":"ImageObject","inLanguage":"fr-CA","@id":"https:\/\/innoserv.com\/#\/schema\/logo\/image\/","url":"https:\/\/innoserv.com\/wp-content\/uploads\/2025\/01\/BGInnoServLogowithTagline.webp","contentUrl":"https:\/\/innoserv.com\/wp-content\/uploads\/2025\/01\/BGInnoServLogowithTagline.webp","width":1500,"height":397,"caption":"InnoServ, LLC."},"image":{"@id":"https:\/\/innoserv.com\/#\/schema\/logo\/image\/"},"sameAs":["https:\/\/www.facebook.com\/innoservsolutions","https:\/\/www.linkedin.com\/company\/innoserv-solutions\/posts\/?feedView=all"]}]}},"_links":{"self":[{"href":"https:\/\/innoserv.com\/fr\/wp-json\/wp\/v2\/pages\/80","targetHints":{"allow":["GET"]}}],"collection":[{"href":"https:\/\/innoserv.com\/fr\/wp-json\/wp\/v2\/pages"}],"about":[{"href":"https:\/\/innoserv.com\/fr\/wp-json\/wp\/v2\/types\/page"}],"author":[{"embeddable":true,"href":"https:\/\/innoserv.com\/fr\/wp-json\/wp\/v2\/users\/1"}],"replies":[{"embeddable":true,"href":"https:\/\/innoserv.com\/fr\/wp-json\/wp\/v2\/comments?post=80"}],"version-history":[{"count":28,"href":"https:\/\/innoserv.com\/fr\/wp-json\/wp\/v2\/pages\/80\/revisions"}],"predecessor-version":[{"id":1343,"href":"https:\/\/innoserv.com\/fr\/wp-json\/wp\/v2\/pages\/80\/revisions\/1343"}],"wp:attachment":[{"href":"https:\/\/innoserv.com\/fr\/wp-json\/wp\/v2\/media?parent=80"}],"curies":[{"name":"wp","href":"https:\/\/api.w.org\/{rel}","templated":true}]}}