{"id":895,"date":"2025-03-11T15:38:17","date_gmt":"2025-03-11T15:38:17","guid":{"rendered":"https:\/\/dev-innoserv.pantheonsite.io\/?page_id=895"},"modified":"2025-03-11T17:35:42","modified_gmt":"2025-03-11T17:35:42","slug":"harvest-valley","status":"publish","type":"page","link":"https:\/\/innoserv.com\/fr\/harvest-valley\/","title":{"rendered":"Vall\u00e9e de la moisson"},"content":{"rendered":"<div data-elementor-type=\"wp-page\" data-elementor-id=\"895\" class=\"elementor elementor-895\" data-elementor-post-type=\"page\">\n\t\t\t\t<div data-particle_enable=\"false\" data-particle-mobile-disabled=\"false\" class=\"elementor-element elementor-element-2e47bf8 e-con-full e-flex e-con e-parent\" data-id=\"2e47bf8\" data-element_type=\"container\" data-e-type=\"container\" data-settings=\"{&quot;background_background&quot;:&quot;classic&quot;}\">\n\t\t<div data-particle_enable=\"false\" data-particle-mobile-disabled=\"false\" class=\"elementor-element elementor-element-453a3db e-flex e-con-boxed e-con e-child\" data-id=\"453a3db\" data-element_type=\"container\" data-e-type=\"container\" data-settings=\"{&quot;background_background&quot;:&quot;classic&quot;}\">\n\t\t\t\t\t<div class=\"e-con-inner\">\n\t\t\t\t<div class=\"elementor-element elementor-element-cd2a634 elementor-widget elementor-widget-text-editor\" data-id=\"cd2a634\" data-element_type=\"widget\" data-e-type=\"widget\" data-widget_type=\"text-editor.default\">\n\t\t\t\t<div class=\"elementor-widget-container\">\n\t\t\t\t\t\t\t\t\t<p>Les jus et les m\u00e9langes de jus Harvest Valley offrent une vari\u00e9t\u00e9 de boissons color\u00e9es, saines et riches en vitamines dans un format pr\u00eat \u00e0 \u00eatre distribu\u00e9. Ils apportent le facteur \"wow\" et la nutrition que les clients recherchent, avec la qualit\u00e9, l'uniformit\u00e9 et l'efficacit\u00e9 dont votre entreprise d\u00e9pend.<\/p>\t\t\t\t\t\t\t\t<\/div>\n\t\t\t\t<\/div>\n\t\t\t\t\t<\/div>\n\t\t\t\t<\/div>\n\t\t\t\t<\/div>\n\t\t<div data-particle_enable=\"false\" data-particle-mobile-disabled=\"false\" class=\"elementor-element elementor-element-4d77b4c e-flex e-con-boxed e-con e-parent\" data-id=\"4d77b4c\" data-element_type=\"container\" data-e-type=\"container\">\n\t\t\t\t\t<div class=\"e-con-inner\">\n\t\t<div data-particle_enable=\"false\" data-particle-mobile-disabled=\"false\" class=\"elementor-element elementor-element-e2b5531 e-con-full e-flex e-con e-child\" data-id=\"e2b5531\" data-element_type=\"container\" data-e-type=\"container\">\n\t\t\t\t<div class=\"elementor-element elementor-element-ca6dcbd elementor-widget elementor-widget-heading\" data-id=\"ca6dcbd\" data-element_type=\"widget\" data-e-type=\"widget\" data-widget_type=\"heading.default\">\n\t\t\t\t<div class=\"elementor-widget-container\">\n\t\t\t\t\t<h2 class=\"elementor-heading-title elementor-size-default\">Faites-le ressortir<\/h2>\t\t\t\t<\/div>\n\t\t\t\t<\/div>\n\t\t\t\t<div class=\"elementor-element elementor-element-b7733fe elementor-widget elementor-widget-text-editor\" data-id=\"b7733fe\" data-element_type=\"widget\" data-e-type=\"widget\" data-widget_type=\"text-editor.default\">\n\t\t\t\t<div class=\"elementor-widget-container\">\n\t\t\t\t\t\t\t\t\t<p>Harvest Valley est une marque exclusive de Gordon Food Service\u00ae, soutenue par une \u00e9quipe de service qui s'engage \u00e0 aider votre programme de boissons. Nous savons qu'un programme de boissons r\u00e9ussi associe de bons produits, un \u00e9quipement de qualit\u00e9 sup\u00e9rieure et des personnes d\u00e9vou\u00e9es \u00e0 un excellent service. Vous pouvez compter sur notre \u00e9quipe pour vous offrir chacun de ces \u00e9l\u00e9ments.<\/p><p>Notre \u00e9quipe comprend<\/p><ul><li>Customer Development Specialists, votre interlocuteur privil\u00e9gi\u00e9 pour tous les produits et services de Gordon Food Service.<\/li><li>Des sp\u00e9cialistes des produits, qui peuvent vous aider dans tous les aspects de votre programme de boissons.<\/li><li>Notre centre de service enti\u00e8rement \u00e9quip\u00e9, d'une superficie de 12 000 pieds carr\u00e9s, est dot\u00e9 de techniciens experts et d'un personnel d'assistance qui fournissent des services de r\u00e9paration et de remise \u00e0 neuf pour tous les \u00e9quipements.<\/li><\/ul>\t\t\t\t\t\t\t\t<\/div>\n\t\t\t\t<\/div>\n\t\t\t\t<\/div>\n\t\t<div data-particle_enable=\"false\" data-particle-mobile-disabled=\"false\" class=\"elementor-element elementor-element-299452c e-con-full e-flex e-con e-child\" data-id=\"299452c\" data-element_type=\"container\" data-e-type=\"container\">\n\t\t\t\t<div class=\"elementor-element elementor-element-5691ec6 elementor-widget elementor-widget-video\" data-id=\"5691ec6\" data-element_type=\"widget\" data-e-type=\"widget\" data-settings=\"{&quot;youtube_url&quot;:&quot;https:\\\/\\\/youtu.be\\\/MOAprCYrSZI&quot;,&quot;video_type&quot;:&quot;youtube&quot;,&quot;controls&quot;:&quot;yes&quot;}\" data-widget_type=\"video.default\">\n\t\t\t\t<div class=\"elementor-widget-container\">\n\t\t\t\t\t\t\t<div class=\"elementor-wrapper elementor-open-inline\">\n\t\t\t<div class=\"elementor-video\"><\/div>\t\t<\/div>\n\t\t\t\t\t\t<\/div>\n\t\t\t\t<\/div>\n\t\t\t\t<\/div>\n\t\t\t\t\t<\/div>\n\t\t\t\t<\/div>\n\t\t<div data-particle_enable=\"false\" data-particle-mobile-disabled=\"false\" class=\"elementor-element elementor-element-aaeab6d e-flex e-con-boxed e-con e-parent\" data-id=\"aaeab6d\" data-element_type=\"container\" data-e-type=\"container\">\n\t\t\t\t\t<div class=\"e-con-inner\">\n\t\t\t\t<div class=\"elementor-element elementor-element-acdbf89 elementor-widget elementor-widget-image\" data-id=\"acdbf89\" data-element_type=\"widget\" data-e-type=\"widget\" data-widget_type=\"image.default\">\n\t\t\t\t<div class=\"elementor-widget-container\">\n\t\t\t\t\t\t\t\t\t\t\t\t\t\t\t<img fetchpriority=\"high\" decoding=\"async\" width=\"791\" height=\"1024\" src=\"https:\/\/innoserv.com\/wp-content\/uploads\/2025\/03\/HarvestValleyBrochure2121_Page_2-791x1024.jpg\" class=\"attachment-large size-large wp-image-1033\" alt=\"\" srcset=\"https:\/\/innoserv.com\/wp-content\/uploads\/2025\/03\/HarvestValleyBrochure2121_Page_2-791x1024.jpg 791w, https:\/\/innoserv.com\/wp-content\/uploads\/2025\/03\/HarvestValleyBrochure2121_Page_2-232x300.webp 232w, https:\/\/innoserv.com\/wp-content\/uploads\/2025\/03\/HarvestValleyBrochure2121_Page_2-768x994.jpg 768w, https:\/\/innoserv.com\/wp-content\/uploads\/2025\/03\/HarvestValleyBrochure2121_Page_2-1187x1536.jpg 1187w, https:\/\/innoserv.com\/wp-content\/uploads\/2025\/03\/HarvestValleyBrochure2121_Page_2-1583x2048.jpg 1583w, https:\/\/innoserv.com\/wp-content\/uploads\/2025\/03\/HarvestValleyBrochure2121_Page_2.webp 1484w\" sizes=\"(max-width: 791px) 100vw, 791px\" \/>\t\t\t\t\t\t\t\t\t\t\t\t\t\t\t<\/div>\n\t\t\t\t<\/div>\n\t\t\t\t\t<\/div>\n\t\t\t\t<\/div>\n\t\t<div data-particle_enable=\"false\" data-particle-mobile-disabled=\"false\" class=\"elementor-element elementor-element-ac95d6b e-flex e-con-boxed e-con e-parent\" data-id=\"ac95d6b\" data-element_type=\"container\" data-e-type=\"container\" data-settings=\"{&quot;background_background&quot;:&quot;classic&quot;}\">\n\t\t\t\t\t<div class=\"e-con-inner\">\n\t\t\t\t<div class=\"elementor-element elementor-element-d157ff9 elementor-widget elementor-widget-heading\" data-id=\"d157ff9\" data-element_type=\"widget\" data-e-type=\"widget\" data-widget_type=\"heading.default\">\n\t\t\t\t<div class=\"elementor-widget-container\">\n\t\t\t\t\t<h2 class=\"elementor-heading-title elementor-size-default\">Contactez-nous pour en savoir plus !<\/h2>\t\t\t\t<\/div>\n\t\t\t\t<\/div>\n\t\t\t\t<div class=\"elementor-element elementor-element-1e1be0c elementor-align-center elementor-widget elementor-widget-button\" data-id=\"1e1be0c\" data-element_type=\"widget\" data-e-type=\"widget\" data-widget_type=\"button.default\">\n\t\t\t\t<div class=\"elementor-widget-container\">\n\t\t\t\t\t\t\t\t\t<div class=\"elementor-button-wrapper\">\n\t\t\t\t\t<a class=\"elementor-button elementor-button-link elementor-size-sm\" href=\"\/fr\/contact\/\">\n\t\t\t\t\t\t<span class=\"elementor-button-content-wrapper\">\n\t\t\t\t\t\t\t\t\t<span class=\"elementor-button-text\">En savoir plus<\/span>\n\t\t\t\t\t<\/span>\n\t\t\t\t\t<\/a>\n\t\t\t\t<\/div>\n\t\t\t\t\t\t\t\t<\/div>\n\t\t\t\t<\/div>\n\t\t\t\t\t<\/div>\n\t\t\t\t<\/div>\n\t\t\t\t<\/div>","protected":false},"excerpt":{"rendered":"<p>Harvest Valley juices and juice blends provide a variety of colourful, healthy, vitamin-rich drinks in a dispenser-ready format. This provides the \u201cwow\u201d factor and nutrition customers look for with the quality, consistency and efficiency your operation depends on. Make it stand out Harvest Valley is an exclusive brand of Gordon Food Service\u00ae, backed by a [&hellip;]<\/p>\n","protected":false},"author":1,"featured_media":0,"parent":0,"menu_order":0,"comment_status":"closed","ping_status":"closed","template":"","meta":{"footnotes":""},"class_list":["post-895","page","type-page","status-publish","hentry"],"yoast_head":"<!-- This site is optimized with the Yoast SEO plugin v27.1.1 - https:\/\/yoast.com\/product\/yoast-seo-wordpress\/ -->\n<title>Harvest Valley - InnoServ Solutions, LLC.<\/title>\n<meta name=\"robots\" content=\"index, follow, max-snippet:-1, max-image-preview:large, max-video-preview:-1\" \/>\n<link rel=\"canonical\" href=\"https:\/\/innoserv.com\/fr\/harvest-valley\/\" \/>\n<meta property=\"og:locale\" content=\"fr_CA\" \/>\n<meta property=\"og:type\" content=\"article\" \/>\n<meta property=\"og:title\" content=\"Harvest Valley - InnoServ Solutions, LLC.\" \/>\n<meta property=\"og:description\" content=\"Harvest Valley juices and juice blends provide a variety of colourful, healthy, vitamin-rich drinks in a dispenser-ready format. This provides the \u201cwow\u201d factor and nutrition customers look for with the quality, consistency and efficiency your operation depends on. Make it stand out Harvest Valley is an exclusive brand of Gordon Food Service\u00ae, backed by a [&hellip;]\" \/>\n<meta property=\"og:url\" content=\"https:\/\/innoserv.com\/fr\/harvest-valley\/\" \/>\n<meta property=\"og:site_name\" content=\"InnoServ Solutions, LLC.\" \/>\n<meta property=\"article:publisher\" content=\"https:\/\/www.facebook.com\/innoservsolutions\" \/>\n<meta property=\"article:modified_time\" content=\"2025-03-11T17:35:42+00:00\" \/>\n<meta property=\"og:image\" content=\"https:\/\/innoserv.com\/wp-content\/uploads\/2025\/03\/HarvestValleyBrochure2121_Page_2-791x1024.jpg\" \/>\n<meta name=\"twitter:card\" content=\"summary_large_image\" \/>\n<meta name=\"twitter:label1\" content=\"Est. reading time\" \/>\n\t<meta name=\"twitter:data1\" content=\"1 minute\" \/>\n<script type=\"application\/ld+json\" class=\"yoast-schema-graph\">{\"@context\":\"https:\/\/schema.org\",\"@graph\":[{\"@type\":\"WebPage\",\"@id\":\"https:\/\/innoserv.com\/harvest-valley\/\",\"url\":\"https:\/\/innoserv.com\/harvest-valley\/\",\"name\":\"Harvest Valley - InnoServ Solutions, LLC.\",\"isPartOf\":{\"@id\":\"https:\/\/innoserv.com\/#website\"},\"primaryImageOfPage\":{\"@id\":\"https:\/\/innoserv.com\/harvest-valley\/#primaryimage\"},\"image\":{\"@id\":\"https:\/\/innoserv.com\/harvest-valley\/#primaryimage\"},\"thumbnailUrl\":\"https:\/\/innoserv.com\/wp-content\/uploads\/2025\/03\/HarvestValleyBrochure2121_Page_2-791x1024.jpg\",\"datePublished\":\"2025-03-11T15:38:17+00:00\",\"dateModified\":\"2025-03-11T17:35:42+00:00\",\"breadcrumb\":{\"@id\":\"https:\/\/innoserv.com\/harvest-valley\/#breadcrumb\"},\"inLanguage\":\"fr-CA\",\"potentialAction\":[{\"@type\":\"ReadAction\",\"target\":[\"https:\/\/innoserv.com\/harvest-valley\/\"]}]},{\"@type\":\"ImageObject\",\"inLanguage\":\"fr-CA\",\"@id\":\"https:\/\/innoserv.com\/harvest-valley\/#primaryimage\",\"url\":\"https:\/\/innoserv.com\/wp-content\/uploads\/2025\/03\/HarvestValleyBrochure2121_Page_2-791x1024.jpg\",\"contentUrl\":\"https:\/\/innoserv.com\/wp-content\/uploads\/2025\/03\/HarvestValleyBrochure2121_Page_2-791x1024.jpg\"},{\"@type\":\"BreadcrumbList\",\"@id\":\"https:\/\/innoserv.com\/harvest-valley\/#breadcrumb\",\"itemListElement\":[{\"@type\":\"ListItem\",\"position\":1,\"name\":\"Home\",\"item\":\"https:\/\/innoserv.com\/\"},{\"@type\":\"ListItem\",\"position\":2,\"name\":\"Harvest Valley\"}]},{\"@type\":\"WebSite\",\"@id\":\"https:\/\/innoserv.com\/#website\",\"url\":\"https:\/\/innoserv.com\/\",\"name\":\"InnoServ, LLC.\",\"description\":\"\",\"publisher\":{\"@id\":\"https:\/\/innoserv.com\/#organization\"},\"potentialAction\":[{\"@type\":\"SearchAction\",\"target\":{\"@type\":\"EntryPoint\",\"urlTemplate\":\"https:\/\/innoserv.com\/?s={search_term_string}\"},\"query-input\":{\"@type\":\"PropertyValueSpecification\",\"valueRequired\":true,\"valueName\":\"search_term_string\"}}],\"inLanguage\":\"fr-CA\"},{\"@type\":\"Organization\",\"@id\":\"https:\/\/innoserv.com\/#organization\",\"name\":\"InnoServ, LLC.\",\"url\":\"https:\/\/innoserv.com\/\",\"logo\":{\"@type\":\"ImageObject\",\"inLanguage\":\"fr-CA\",\"@id\":\"https:\/\/innoserv.com\/#\/schema\/logo\/image\/\",\"url\":\"https:\/\/innoserv.com\/wp-content\/uploads\/2025\/01\/BGInnoServLogowithTagline.webp\",\"contentUrl\":\"https:\/\/innoserv.com\/wp-content\/uploads\/2025\/01\/BGInnoServLogowithTagline.webp\",\"width\":1500,\"height\":397,\"caption\":\"InnoServ, LLC.\"},\"image\":{\"@id\":\"https:\/\/innoserv.com\/#\/schema\/logo\/image\/\"},\"sameAs\":[\"https:\/\/www.facebook.com\/innoservsolutions\",\"https:\/\/www.linkedin.com\/company\/innoserv-solutions\/posts\/?feedView=all\"]}]}<\/script>\n<!-- \/ Yoast SEO plugin. -->","yoast_head_json":{"title":"Harvest Valley - InnoServ Solutions, LLC.","robots":{"index":"index","follow":"follow","max-snippet":"max-snippet:-1","max-image-preview":"max-image-preview:large","max-video-preview":"max-video-preview:-1"},"canonical":"https:\/\/innoserv.com\/fr\/harvest-valley\/","og_locale":"fr_CA","og_type":"article","og_title":"Harvest Valley - InnoServ Solutions, LLC.","og_description":"Harvest Valley juices and juice blends provide a variety of colourful, healthy, vitamin-rich drinks in a dispenser-ready format. This provides the \u201cwow\u201d factor and nutrition customers look for with the quality, consistency and efficiency your operation depends on. Make it stand out Harvest Valley is an exclusive brand of Gordon Food Service\u00ae, backed by a [&hellip;]","og_url":"https:\/\/innoserv.com\/fr\/harvest-valley\/","og_site_name":"InnoServ Solutions, LLC.","article_publisher":"https:\/\/www.facebook.com\/innoservsolutions","article_modified_time":"2025-03-11T17:35:42+00:00","og_image":[{"url":"https:\/\/innoserv.com\/wp-content\/uploads\/2025\/03\/HarvestValleyBrochure2121_Page_2-791x1024.jpg","type":"","width":"","height":""}],"twitter_card":"summary_large_image","twitter_misc":{"Est. reading time":"1 minute"},"schema":{"@context":"https:\/\/schema.org","@graph":[{"@type":"WebPage","@id":"https:\/\/innoserv.com\/harvest-valley\/","url":"https:\/\/innoserv.com\/harvest-valley\/","name":"Harvest Valley - InnoServ Solutions, LLC.","isPartOf":{"@id":"https:\/\/innoserv.com\/#website"},"primaryImageOfPage":{"@id":"https:\/\/innoserv.com\/harvest-valley\/#primaryimage"},"image":{"@id":"https:\/\/innoserv.com\/harvest-valley\/#primaryimage"},"thumbnailUrl":"https:\/\/innoserv.com\/wp-content\/uploads\/2025\/03\/HarvestValleyBrochure2121_Page_2-791x1024.jpg","datePublished":"2025-03-11T15:38:17+00:00","dateModified":"2025-03-11T17:35:42+00:00","breadcrumb":{"@id":"https:\/\/innoserv.com\/harvest-valley\/#breadcrumb"},"inLanguage":"fr-CA","potentialAction":[{"@type":"ReadAction","target":["https:\/\/innoserv.com\/harvest-valley\/"]}]},{"@type":"ImageObject","inLanguage":"fr-CA","@id":"https:\/\/innoserv.com\/harvest-valley\/#primaryimage","url":"https:\/\/innoserv.com\/wp-content\/uploads\/2025\/03\/HarvestValleyBrochure2121_Page_2-791x1024.jpg","contentUrl":"https:\/\/innoserv.com\/wp-content\/uploads\/2025\/03\/HarvestValleyBrochure2121_Page_2-791x1024.jpg"},{"@type":"BreadcrumbList","@id":"https:\/\/innoserv.com\/harvest-valley\/#breadcrumb","itemListElement":[{"@type":"ListItem","position":1,"name":"Home","item":"https:\/\/innoserv.com\/"},{"@type":"ListItem","position":2,"name":"Harvest Valley"}]},{"@type":"WebSite","@id":"https:\/\/innoserv.com\/#website","url":"https:\/\/innoserv.com\/","name":"InnoServ, LLC.","description":"","publisher":{"@id":"https:\/\/innoserv.com\/#organization"},"potentialAction":[{"@type":"SearchAction","target":{"@type":"EntryPoint","urlTemplate":"https:\/\/innoserv.com\/?s={search_term_string}"},"query-input":{"@type":"PropertyValueSpecification","valueRequired":true,"valueName":"search_term_string"}}],"inLanguage":"fr-CA"},{"@type":"Organization","@id":"https:\/\/innoserv.com\/#organization","name":"InnoServ, LLC.","url":"https:\/\/innoserv.com\/","logo":{"@type":"ImageObject","inLanguage":"fr-CA","@id":"https:\/\/innoserv.com\/#\/schema\/logo\/image\/","url":"https:\/\/innoserv.com\/wp-content\/uploads\/2025\/01\/BGInnoServLogowithTagline.webp","contentUrl":"https:\/\/innoserv.com\/wp-content\/uploads\/2025\/01\/BGInnoServLogowithTagline.webp","width":1500,"height":397,"caption":"InnoServ, LLC."},"image":{"@id":"https:\/\/innoserv.com\/#\/schema\/logo\/image\/"},"sameAs":["https:\/\/www.facebook.com\/innoservsolutions","https:\/\/www.linkedin.com\/company\/innoserv-solutions\/posts\/?feedView=all"]}]}},"_links":{"self":[{"href":"https:\/\/innoserv.com\/fr\/wp-json\/wp\/v2\/pages\/895","targetHints":{"allow":["GET"]}}],"collection":[{"href":"https:\/\/innoserv.com\/fr\/wp-json\/wp\/v2\/pages"}],"about":[{"href":"https:\/\/innoserv.com\/fr\/wp-json\/wp\/v2\/types\/page"}],"author":[{"embeddable":true,"href":"https:\/\/innoserv.com\/fr\/wp-json\/wp\/v2\/users\/1"}],"replies":[{"embeddable":true,"href":"https:\/\/innoserv.com\/fr\/wp-json\/wp\/v2\/comments?post=895"}],"version-history":[{"count":36,"href":"https:\/\/innoserv.com\/fr\/wp-json\/wp\/v2\/pages\/895\/revisions"}],"predecessor-version":[{"id":1038,"href":"https:\/\/innoserv.com\/fr\/wp-json\/wp\/v2\/pages\/895\/revisions\/1038"}],"wp:attachment":[{"href":"https:\/\/innoserv.com\/fr\/wp-json\/wp\/v2\/media?parent=895"}],"curies":[{"name":"wp","href":"https:\/\/api.w.org\/{rel}","templated":true}]}}