{"id":897,"date":"2025-03-11T15:38:32","date_gmt":"2025-03-11T15:38:32","guid":{"rendered":"https:\/\/dev-innoserv.pantheonsite.io\/?page_id=897"},"modified":"2025-03-11T16:29:56","modified_gmt":"2025-03-11T16:29:56","slug":"array","status":"publish","type":"page","link":"https:\/\/innoserv.com\/fr\/array\/","title":{"rendered":"Tableau"},"content":{"rendered":"<div data-elementor-type=\"wp-page\" data-elementor-id=\"897\" class=\"elementor elementor-897\" data-elementor-post-type=\"page\">\n\t\t\t\t<div data-particle_enable=\"false\" data-particle-mobile-disabled=\"false\" class=\"elementor-element elementor-element-174cc9a e-flex e-con-boxed e-con e-parent\" data-id=\"174cc9a\" data-element_type=\"container\" data-e-type=\"container\" data-settings=\"{&quot;background_background&quot;:&quot;classic&quot;}\">\n\t\t\t\t\t<div class=\"e-con-inner\">\n\t\t\t\t\t<\/div>\n\t\t\t\t<\/div>\n\t\t<div data-particle_enable=\"false\" data-particle-mobile-disabled=\"false\" class=\"elementor-element elementor-element-9c0fd45 e-flex e-con-boxed e-con e-parent\" data-id=\"9c0fd45\" data-element_type=\"container\" data-e-type=\"container\" data-settings=\"{&quot;background_background&quot;:&quot;classic&quot;}\">\n\t\t\t\t\t<div class=\"e-con-inner\">\n\t\t\t\t<div class=\"elementor-element elementor-element-880d8fb elementor-widget elementor-widget-heading\" data-id=\"880d8fb\" data-element_type=\"widget\" data-e-type=\"widget\" data-widget_type=\"heading.default\">\n\t\t\t\t<div class=\"elementor-widget-container\">\n\t\t\t\t\t<h3 class=\"elementor-heading-title elementor-size-default\">Avec une large s\u00e9lection de produits de haute qualit\u00e9, nous sommes pr\u00eats \u00e0 vous servir !\n<\/h3>\t\t\t\t<\/div>\n\t\t\t\t<\/div>\n\t\t\t\t<div class=\"elementor-element elementor-element-07e18ff elementor-align-center elementor-widget elementor-widget-button\" data-id=\"07e18ff\" data-element_type=\"widget\" data-e-type=\"widget\" data-widget_type=\"button.default\">\n\t\t\t\t<div class=\"elementor-widget-container\">\n\t\t\t\t\t\t\t\t\t<div class=\"elementor-button-wrapper\">\n\t\t\t\t\t<a class=\"elementor-button elementor-button-link elementor-size-sm\" href=\"\/fr\/contact\/\">\n\t\t\t\t\t\t<span class=\"elementor-button-content-wrapper\">\n\t\t\t\t\t\t\t\t\t<span class=\"elementor-button-text\">Nous contacter<\/span>\n\t\t\t\t\t<\/span>\n\t\t\t\t\t<\/a>\n\t\t\t\t<\/div>\n\t\t\t\t\t\t\t\t<\/div>\n\t\t\t\t<\/div>\n\t\t\t\t\t<\/div>\n\t\t\t\t<\/div>\n\t\t<div data-particle_enable=\"false\" data-particle-mobile-disabled=\"false\" class=\"elementor-element elementor-element-f59d9d2 e-flex e-con-boxed e-con e-parent\" data-id=\"f59d9d2\" data-element_type=\"container\" data-e-type=\"container\">\n\t\t\t\t\t<div class=\"e-con-inner\">\n\t\t<div data-particle_enable=\"false\" data-particle-mobile-disabled=\"false\" class=\"elementor-element elementor-element-d834404 e-con-full e-flex e-con e-child\" data-id=\"d834404\" data-element_type=\"container\" data-e-type=\"container\">\n\t\t\t\t<div class=\"elementor-element elementor-element-228d0ea elementor-widget elementor-widget-heading\" data-id=\"228d0ea\" data-element_type=\"widget\" data-e-type=\"widget\" data-widget_type=\"heading.default\">\n\t\t\t\t<div class=\"elementor-widget-container\">\n\t\t\t\t\t<h4 class=\"elementor-heading-title elementor-size-default\">Array comprend une gamme compl\u00e8te de produits offrant les normes les plus \u00e9lev\u00e9es en mati\u00e8re de nettoyage et d'assainissement dans toutes les applications :<\/h4>\t\t\t\t<\/div>\n\t\t\t\t<\/div>\n\t\t\t\t<div class=\"elementor-element elementor-element-c89927d elementor-widget elementor-widget-text-editor\" data-id=\"c89927d\" data-element_type=\"widget\" data-e-type=\"widget\" data-widget_type=\"text-editor.default\">\n\t\t\t\t<div class=\"elementor-widget-container\">\n\t\t\t\t\t\t\t\t\t<ul><li>Nettoyants, assainisseurs et d\u00e9sinfectants pour la cuisine, les toilettes et l'usage g\u00e9n\u00e9ral.<\/li><li>Syst\u00e8mes d'entretien m\u00e9nager<\/li><li>Syst\u00e8mes de distributeurs automatiques de plats<\/li><li>Entretien du linge<\/li><li>Entretien des sols<\/li><li>Savon pour les mains et distributeurs<\/li><li>Serviettes et mouchoirs<\/li><li>Feuillets pour bo\u00eetes de conserve<\/li><\/ul>\t\t\t\t\t\t\t\t<\/div>\n\t\t\t\t<\/div>\n\t\t\t\t<\/div>\n\t\t<div data-particle_enable=\"false\" data-particle-mobile-disabled=\"false\" class=\"elementor-element elementor-element-01376c0 e-con-full e-flex e-con e-child\" data-id=\"01376c0\" data-element_type=\"container\" data-e-type=\"container\">\n\t\t\t\t<div class=\"elementor-element elementor-element-8f87353 elementor-widget elementor-widget-image\" data-id=\"8f87353\" data-element_type=\"widget\" data-e-type=\"widget\" data-widget_type=\"image.default\">\n\t\t\t\t<div class=\"elementor-widget-container\">\n\t\t\t\t\t\t\t\t\t\t\t\t\t\t\t<img fetchpriority=\"high\" decoding=\"async\" width=\"800\" height=\"366\" src=\"https:\/\/innoserv.com\/wp-content\/uploads\/2025\/03\/01-1-1024x468.webp\" class=\"attachment-large size-large wp-image-924\" alt=\"\" srcset=\"https:\/\/innoserv.com\/wp-content\/uploads\/2025\/03\/01-1-1024x468.webp 1024w, https:\/\/innoserv.com\/wp-content\/uploads\/2025\/03\/01-1-300x137.webp 300w, https:\/\/innoserv.com\/wp-content\/uploads\/2025\/03\/01-1-768x351.webp 768w, https:\/\/innoserv.com\/wp-content\/uploads\/2025\/03\/01-1.webp 1280w\" sizes=\"(max-width: 800px) 100vw, 800px\" \/>\t\t\t\t\t\t\t\t\t\t\t\t\t\t\t<\/div>\n\t\t\t\t<\/div>\n\t\t\t\t<\/div>\n\t\t\t\t<div class=\"elementor-element elementor-element-2d7d9e9 elementor-widget__width-inherit elementor-widget elementor-widget-text-editor\" data-id=\"2d7d9e9\" data-element_type=\"widget\" data-e-type=\"widget\" data-widget_type=\"text-editor.default\">\n\t\t\t\t<div class=\"elementor-widget-container\">\n\t\t\t\t\t\t\t\t\t<p>Le choix de produits moins dangereux pr\u00e9sentant des caract\u00e9ristiques environnementales positives - biod\u00e9gradabilit\u00e9, faible toxicit\u00e9, faible teneur en compos\u00e9s organiques volatils (COV), emballage r\u00e9duit et faible consommation d'\u00e9nergie sur l'ensemble du cycle de vie - peut minimiser les effets nocifs pour les utilisateurs de ces produits et les personnes que vous servez, am\u00e9liorer la qualit\u00e9 de l'air int\u00e9rieur et r\u00e9duire la pollution de l'eau et de l'air ambiant. Ces produits garantissent \u00e9galement l'efficacit\u00e9 du nettoyage en \u00e9liminant les contaminants biologiques et autres des surfaces.<\/p><p>L'utilisation de savons, de d\u00e9tergents et de produits de nettoyage \u00e9cologiques n'est pas seulement un choix plus sain pour les personnes que vous servez, c'est aussi un meilleur choix pour l'environnement. Les produits chimiques et les produits de nettoyage durables - en particulier les concentr\u00e9s avec des mesures de s\u00e9curit\u00e9 appropri\u00e9es pour la manipulation et des emballages r\u00e9utilisables, r\u00e9duits ou recyclables - r\u00e9duisent les d\u00e9chets d'emballage et l'\u00e9nergie n\u00e9cessaire au transport.<\/p>\t\t\t\t\t\t\t\t<\/div>\n\t\t\t\t<\/div>\n\t\t\t\t\t<\/div>\n\t\t\t\t<\/div>\n\t\t<div data-particle_enable=\"false\" data-particle-mobile-disabled=\"false\" class=\"elementor-element elementor-element-ebec0bd e-flex e-con-boxed e-con e-parent\" data-id=\"ebec0bd\" data-element_type=\"container\" data-e-type=\"container\">\n\t\t\t\t\t<div class=\"e-con-inner\">\n\t\t<div data-particle_enable=\"false\" data-particle-mobile-disabled=\"false\" class=\"elementor-element elementor-element-50d7d71 e-con-full e-flex e-con e-child\" data-id=\"50d7d71\" data-element_type=\"container\" data-e-type=\"container\">\n\t\t\t\t<div class=\"elementor-element elementor-element-1991b80 elementor-widget elementor-widget-image\" data-id=\"1991b80\" data-element_type=\"widget\" data-e-type=\"widget\" data-widget_type=\"image.default\">\n\t\t\t\t<div class=\"elementor-widget-container\">\n\t\t\t\t\t\t\t\t\t\t\t\t\t\t\t<img decoding=\"async\" width=\"800\" height=\"534\" src=\"https:\/\/innoserv.com\/wp-content\/uploads\/2025\/03\/WarewashBackofHouse1-1024x683.webp\" class=\"attachment-large size-large wp-image-925\" alt=\"\" srcset=\"https:\/\/innoserv.com\/wp-content\/uploads\/2025\/03\/WarewashBackofHouse1-1024x683.webp 1024w, https:\/\/innoserv.com\/wp-content\/uploads\/2025\/03\/WarewashBackofHouse1-300x200.webp 300w, https:\/\/innoserv.com\/wp-content\/uploads\/2025\/03\/WarewashBackofHouse1-768x512.webp 768w, https:\/\/innoserv.com\/wp-content\/uploads\/2025\/03\/WarewashBackofHouse1-1536x1024.jpg 1536w, https:\/\/innoserv.com\/wp-content\/uploads\/2025\/03\/WarewashBackofHouse1-2048x1366.jpg 2048w, https:\/\/innoserv.com\/wp-content\/uploads\/2025\/03\/WarewashBackofHouse1.webp 1920w\" sizes=\"(max-width: 800px) 100vw, 800px\" \/>\t\t\t\t\t\t\t\t\t\t\t\t\t\t\t<\/div>\n\t\t\t\t<\/div>\n\t\t\t\t<\/div>\n\t\t<div data-particle_enable=\"false\" data-particle-mobile-disabled=\"false\" class=\"elementor-element elementor-element-8c4a45a e-con-full e-flex e-con e-child\" data-id=\"8c4a45a\" data-element_type=\"container\" data-e-type=\"container\">\n\t\t\t\t<div class=\"elementor-element elementor-element-915821e elementor-widget elementor-widget-heading\" data-id=\"915821e\" data-element_type=\"widget\" data-e-type=\"widget\" data-widget_type=\"heading.default\">\n\t\t\t\t<div class=\"elementor-widget-container\">\n\t\t\t\t\t<h4 class=\"elementor-heading-title elementor-size-default\">La gamme de produits Array offre les avantages suivants pour pr\u00e9server la s\u00e9curit\u00e9 et la propret\u00e9 de votre environnement :<\/h4>\t\t\t\t<\/div>\n\t\t\t\t<\/div>\n\t\t\t\t<div class=\"elementor-element elementor-element-4961f4a elementor-widget elementor-widget-text-editor\" data-id=\"4961f4a\" data-element_type=\"widget\" data-e-type=\"widget\" data-widget_type=\"text-editor.default\">\n\t\t\t\t<div class=\"elementor-widget-container\">\n\t\t\t\t\t\t\t\t\t<ul><li><strong>Convivialit\u00e9.<\/strong> L'emballage multilingue et les ic\u00f4nes visuelles facilitent l'utilisation d'Array par les op\u00e9rateurs.<\/li><li><strong>Polyvalent.<\/strong> Une gamme compl\u00e8te de produits est disponible pour de nombreuses applications de nettoyage.<\/li><li><strong>Efficace.<\/strong> Les produits Array sont fabriqu\u00e9s \u00e0 partir d'ingr\u00e9dients et de processus cl\u00e9s qui permettent d'obtenir les meilleurs r\u00e9sultats de nettoyage.<\/li><li><strong>Un service in\u00e9gal\u00e9.<\/strong> Array est soutenu par les professionnels d\u00e9vou\u00e9s d'InnoServ qui fournissent une assistance consultative, une formation efficace et un service fiable.<\/li><\/ul>\t\t\t\t\t\t\t\t<\/div>\n\t\t\t\t<\/div>\n\t\t\t\t<\/div>\n\t\t\t\t\t<\/div>\n\t\t\t\t<\/div>\n\t\t<div data-particle_enable=\"false\" data-particle-mobile-disabled=\"false\" class=\"elementor-element elementor-element-a9d3da6 e-flex e-con-boxed e-con e-parent\" data-id=\"a9d3da6\" data-element_type=\"container\" data-e-type=\"container\" data-settings=\"{&quot;background_background&quot;:&quot;classic&quot;}\">\n\t\t\t\t\t<div class=\"e-con-inner\">\n\t\t\t\t<div class=\"elementor-element elementor-element-ba124c2 elementor-widget elementor-widget-heading\" data-id=\"ba124c2\" data-element_type=\"widget\" data-e-type=\"widget\" data-widget_type=\"heading.default\">\n\t\t\t\t<div class=\"elementor-widget-container\">\n\t\t\t\t\t<h2 class=\"elementor-heading-title elementor-size-default\">Contactez-nous pour en savoir plus sur les produits Array !<\/h2>\t\t\t\t<\/div>\n\t\t\t\t<\/div>\n\t\t\t\t<div class=\"elementor-element elementor-element-304b8c4 elementor-align-center elementor-widget elementor-widget-button\" data-id=\"304b8c4\" data-element_type=\"widget\" data-e-type=\"widget\" data-widget_type=\"button.default\">\n\t\t\t\t<div class=\"elementor-widget-container\">\n\t\t\t\t\t\t\t\t\t<div class=\"elementor-button-wrapper\">\n\t\t\t\t\t<a class=\"elementor-button elementor-button-link elementor-size-sm\" href=\"\/fr\/contact\/\">\n\t\t\t\t\t\t<span class=\"elementor-button-content-wrapper\">\n\t\t\t\t\t\t\t\t\t<span class=\"elementor-button-text\">Nous contacter<\/span>\n\t\t\t\t\t<\/span>\n\t\t\t\t\t<\/a>\n\t\t\t\t<\/div>\n\t\t\t\t\t\t\t\t<\/div>\n\t\t\t\t<\/div>\n\t\t\t\t\t<\/div>\n\t\t\t\t<\/div>\n\t\t\t\t<\/div>","protected":false},"excerpt":{"rendered":"<p>With a large selection of high-quality products, we are ready to serve you! Contact Us Array includes a full range of products delivering the highest standards of cleaning &amp; sanitation in every application, including: Cleaners, sanitizers, and disinfectants for kitchen, restroom, and general use. Housekeeping systems Dish Machine systems Laundry care Floor care Hand soap [&hellip;]<\/p>\n","protected":false},"author":1,"featured_media":0,"parent":0,"menu_order":0,"comment_status":"closed","ping_status":"closed","template":"","meta":{"footnotes":""},"class_list":["post-897","page","type-page","status-publish","hentry"],"yoast_head":"<!-- This site is optimized with the Yoast SEO plugin v27.1.1 - https:\/\/yoast.com\/product\/yoast-seo-wordpress\/ -->\n<title>Array - InnoServ Solutions, LLC.<\/title>\n<meta name=\"robots\" content=\"index, follow, max-snippet:-1, max-image-preview:large, max-video-preview:-1\" \/>\n<link rel=\"canonical\" href=\"https:\/\/innoserv.com\/fr\/array\/\" \/>\n<meta property=\"og:locale\" content=\"fr_CA\" \/>\n<meta property=\"og:type\" content=\"article\" \/>\n<meta property=\"og:title\" content=\"Array - InnoServ Solutions, LLC.\" \/>\n<meta property=\"og:description\" content=\"With a large selection of high-quality products, we are ready to serve you! Contact Us Array includes a full range of products delivering the highest standards of cleaning &amp; sanitation in every application, including: Cleaners, sanitizers, and disinfectants for kitchen, restroom, and general use. Housekeeping systems Dish Machine systems Laundry care Floor care Hand soap [&hellip;]\" \/>\n<meta property=\"og:url\" content=\"https:\/\/innoserv.com\/fr\/array\/\" \/>\n<meta property=\"og:site_name\" content=\"InnoServ Solutions, LLC.\" \/>\n<meta property=\"article:publisher\" content=\"https:\/\/www.facebook.com\/innoservsolutions\" \/>\n<meta property=\"article:modified_time\" content=\"2025-03-11T16:29:56+00:00\" \/>\n<meta property=\"og:image\" content=\"https:\/\/innoserv.com\/wp-content\/uploads\/2025\/03\/01-1-1024x468.webp\" \/>\n<meta name=\"twitter:card\" content=\"summary_large_image\" \/>\n<meta name=\"twitter:label1\" content=\"Est. reading time\" \/>\n\t<meta name=\"twitter:data1\" content=\"1 minute\" \/>\n<script type=\"application\/ld+json\" class=\"yoast-schema-graph\">{\"@context\":\"https:\/\/schema.org\",\"@graph\":[{\"@type\":\"WebPage\",\"@id\":\"https:\/\/innoserv.com\/array\/\",\"url\":\"https:\/\/innoserv.com\/array\/\",\"name\":\"Array - InnoServ Solutions, LLC.\",\"isPartOf\":{\"@id\":\"https:\/\/innoserv.com\/#website\"},\"primaryImageOfPage\":{\"@id\":\"https:\/\/innoserv.com\/array\/#primaryimage\"},\"image\":{\"@id\":\"https:\/\/innoserv.com\/array\/#primaryimage\"},\"thumbnailUrl\":\"https:\/\/innoserv.com\/wp-content\/uploads\/2025\/03\/01-1-1024x468.webp\",\"datePublished\":\"2025-03-11T15:38:32+00:00\",\"dateModified\":\"2025-03-11T16:29:56+00:00\",\"breadcrumb\":{\"@id\":\"https:\/\/innoserv.com\/array\/#breadcrumb\"},\"inLanguage\":\"fr-CA\",\"potentialAction\":[{\"@type\":\"ReadAction\",\"target\":[\"https:\/\/innoserv.com\/array\/\"]}]},{\"@type\":\"ImageObject\",\"inLanguage\":\"fr-CA\",\"@id\":\"https:\/\/innoserv.com\/array\/#primaryimage\",\"url\":\"https:\/\/innoserv.com\/wp-content\/uploads\/2025\/03\/01-1-1024x468.webp\",\"contentUrl\":\"https:\/\/innoserv.com\/wp-content\/uploads\/2025\/03\/01-1-1024x468.webp\"},{\"@type\":\"BreadcrumbList\",\"@id\":\"https:\/\/innoserv.com\/array\/#breadcrumb\",\"itemListElement\":[{\"@type\":\"ListItem\",\"position\":1,\"name\":\"Home\",\"item\":\"https:\/\/innoserv.com\/\"},{\"@type\":\"ListItem\",\"position\":2,\"name\":\"Array\"}]},{\"@type\":\"WebSite\",\"@id\":\"https:\/\/innoserv.com\/#website\",\"url\":\"https:\/\/innoserv.com\/\",\"name\":\"InnoServ, LLC.\",\"description\":\"\",\"publisher\":{\"@id\":\"https:\/\/innoserv.com\/#organization\"},\"potentialAction\":[{\"@type\":\"SearchAction\",\"target\":{\"@type\":\"EntryPoint\",\"urlTemplate\":\"https:\/\/innoserv.com\/?s={search_term_string}\"},\"query-input\":{\"@type\":\"PropertyValueSpecification\",\"valueRequired\":true,\"valueName\":\"search_term_string\"}}],\"inLanguage\":\"fr-CA\"},{\"@type\":\"Organization\",\"@id\":\"https:\/\/innoserv.com\/#organization\",\"name\":\"InnoServ, LLC.\",\"url\":\"https:\/\/innoserv.com\/\",\"logo\":{\"@type\":\"ImageObject\",\"inLanguage\":\"fr-CA\",\"@id\":\"https:\/\/innoserv.com\/#\/schema\/logo\/image\/\",\"url\":\"https:\/\/innoserv.com\/wp-content\/uploads\/2025\/01\/BGInnoServLogowithTagline.webp\",\"contentUrl\":\"https:\/\/innoserv.com\/wp-content\/uploads\/2025\/01\/BGInnoServLogowithTagline.webp\",\"width\":1500,\"height\":397,\"caption\":\"InnoServ, LLC.\"},\"image\":{\"@id\":\"https:\/\/innoserv.com\/#\/schema\/logo\/image\/\"},\"sameAs\":[\"https:\/\/www.facebook.com\/innoservsolutions\",\"https:\/\/www.linkedin.com\/company\/innoserv-solutions\/posts\/?feedView=all\"]}]}<\/script>\n<!-- \/ Yoast SEO plugin. -->","yoast_head_json":{"title":"Array - InnoServ Solutions, LLC.","robots":{"index":"index","follow":"follow","max-snippet":"max-snippet:-1","max-image-preview":"max-image-preview:large","max-video-preview":"max-video-preview:-1"},"canonical":"https:\/\/innoserv.com\/fr\/array\/","og_locale":"fr_CA","og_type":"article","og_title":"Array - InnoServ Solutions, LLC.","og_description":"With a large selection of high-quality products, we are ready to serve you! Contact Us Array includes a full range of products delivering the highest standards of cleaning &amp; sanitation in every application, including: Cleaners, sanitizers, and disinfectants for kitchen, restroom, and general use. Housekeeping systems Dish Machine systems Laundry care Floor care Hand soap [&hellip;]","og_url":"https:\/\/innoserv.com\/fr\/array\/","og_site_name":"InnoServ Solutions, LLC.","article_publisher":"https:\/\/www.facebook.com\/innoservsolutions","article_modified_time":"2025-03-11T16:29:56+00:00","og_image":[{"url":"https:\/\/innoserv.com\/wp-content\/uploads\/2025\/03\/01-1-1024x468.webp","type":"","width":"","height":""}],"twitter_card":"summary_large_image","twitter_misc":{"Est. reading time":"1 minute"},"schema":{"@context":"https:\/\/schema.org","@graph":[{"@type":"WebPage","@id":"https:\/\/innoserv.com\/array\/","url":"https:\/\/innoserv.com\/array\/","name":"Array - InnoServ Solutions, LLC.","isPartOf":{"@id":"https:\/\/innoserv.com\/#website"},"primaryImageOfPage":{"@id":"https:\/\/innoserv.com\/array\/#primaryimage"},"image":{"@id":"https:\/\/innoserv.com\/array\/#primaryimage"},"thumbnailUrl":"https:\/\/innoserv.com\/wp-content\/uploads\/2025\/03\/01-1-1024x468.webp","datePublished":"2025-03-11T15:38:32+00:00","dateModified":"2025-03-11T16:29:56+00:00","breadcrumb":{"@id":"https:\/\/innoserv.com\/array\/#breadcrumb"},"inLanguage":"fr-CA","potentialAction":[{"@type":"ReadAction","target":["https:\/\/innoserv.com\/array\/"]}]},{"@type":"ImageObject","inLanguage":"fr-CA","@id":"https:\/\/innoserv.com\/array\/#primaryimage","url":"https:\/\/innoserv.com\/wp-content\/uploads\/2025\/03\/01-1-1024x468.webp","contentUrl":"https:\/\/innoserv.com\/wp-content\/uploads\/2025\/03\/01-1-1024x468.webp"},{"@type":"BreadcrumbList","@id":"https:\/\/innoserv.com\/array\/#breadcrumb","itemListElement":[{"@type":"ListItem","position":1,"name":"Home","item":"https:\/\/innoserv.com\/"},{"@type":"ListItem","position":2,"name":"Array"}]},{"@type":"WebSite","@id":"https:\/\/innoserv.com\/#website","url":"https:\/\/innoserv.com\/","name":"InnoServ, LLC.","description":"","publisher":{"@id":"https:\/\/innoserv.com\/#organization"},"potentialAction":[{"@type":"SearchAction","target":{"@type":"EntryPoint","urlTemplate":"https:\/\/innoserv.com\/?s={search_term_string}"},"query-input":{"@type":"PropertyValueSpecification","valueRequired":true,"valueName":"search_term_string"}}],"inLanguage":"fr-CA"},{"@type":"Organization","@id":"https:\/\/innoserv.com\/#organization","name":"InnoServ, LLC.","url":"https:\/\/innoserv.com\/","logo":{"@type":"ImageObject","inLanguage":"fr-CA","@id":"https:\/\/innoserv.com\/#\/schema\/logo\/image\/","url":"https:\/\/innoserv.com\/wp-content\/uploads\/2025\/01\/BGInnoServLogowithTagline.webp","contentUrl":"https:\/\/innoserv.com\/wp-content\/uploads\/2025\/01\/BGInnoServLogowithTagline.webp","width":1500,"height":397,"caption":"InnoServ, LLC."},"image":{"@id":"https:\/\/innoserv.com\/#\/schema\/logo\/image\/"},"sameAs":["https:\/\/www.facebook.com\/innoservsolutions","https:\/\/www.linkedin.com\/company\/innoserv-solutions\/posts\/?feedView=all"]}]}},"_links":{"self":[{"href":"https:\/\/innoserv.com\/fr\/wp-json\/wp\/v2\/pages\/897","targetHints":{"allow":["GET"]}}],"collection":[{"href":"https:\/\/innoserv.com\/fr\/wp-json\/wp\/v2\/pages"}],"about":[{"href":"https:\/\/innoserv.com\/fr\/wp-json\/wp\/v2\/types\/page"}],"author":[{"embeddable":true,"href":"https:\/\/innoserv.com\/fr\/wp-json\/wp\/v2\/users\/1"}],"replies":[{"embeddable":true,"href":"https:\/\/innoserv.com\/fr\/wp-json\/wp\/v2\/comments?post=897"}],"version-history":[{"count":16,"href":"https:\/\/innoserv.com\/fr\/wp-json\/wp\/v2\/pages\/897\/revisions"}],"predecessor-version":[{"id":928,"href":"https:\/\/innoserv.com\/fr\/wp-json\/wp\/v2\/pages\/897\/revisions\/928"}],"wp:attachment":[{"href":"https:\/\/innoserv.com\/fr\/wp-json\/wp\/v2\/media?parent=897"}],"curies":[{"name":"wp","href":"https:\/\/api.w.org\/{rel}","templated":true}]}}